{"id":4704,"date":"2022-06-16T05:41:28","date_gmt":"2022-06-16T05:41:28","guid":{"rendered":"https:\/\/www.basqueeducational.org\/?page_id=4704"},"modified":"2023-01-24T04:00:38","modified_gmt":"2023-01-24T04:00:38","slug":"ilargi-guztiak-all-the-moons-october-7th","status":"publish","type":"page","link":"https:\/\/www.basqueeducational.org\/fr\/movies-in-our-collection\/ilargi-guztiak-all-the-moons-october-7th\/","title":{"rendered":"Ilargi Guztiak \/ Toutes les lunes"},"content":{"rendered":"<div class=\"wpb-content-wrapper\"><div class=\"vc_row wpb_row vc_row-fluid gradient-container-1\"><div class=\"gradient-column-1 wpb_column vc_column_container vc_col-sm-12\"><div class=\"vc_column-inner\"><div class=\"wpb_wrapper\">\n\t<div class=\"wpb_text_column wpb_content_element\" >\n\t\t<div class=\"wpb_wrapper\">\n\t\t\t<p><!--more--><\/p>\n\n\t\t<\/div>\n\t<\/div>\n\n\t<div class=\"wpb_video_widget wpb_content_element vc_clearfix   vc_video-aspect-ratio-169 vc_video-el-width-100 vc_video-align-center\" >\n\t\t<div class=\"wpb_wrapper\">\n\t\t\t\n\t\t\t<div class=\"wpb_video_wrapper\"><div class=\"jetpack-video-wrapper\"><span class=\"embed-youtube\" style=\"text-align:center; display: block;\"><iframe class=\"youtube-player\" width=\"700\" height=\"394\" src=\"https:\/\/www.youtube.com\/embed\/tAmZtP6dJ0w?version=3&#038;rel=1&#038;showsearch=0&#038;showinfo=1&#038;iv_load_policy=1&#038;fs=1&#038;hl=fr-FR&#038;autohide=2&#038;wmode=transparent\" allowfullscreen=\"true\" style=\"border:0;\" sandbox=\"allow-scripts allow-same-origin allow-popups allow-presentation allow-popups-to-escape-sandbox\"><\/iframe><\/span><\/div><\/div>\n\t\t<\/div>\n\t<\/div>\n\n\t<div class=\"wpb_text_column wpb_content_element\" >\n\t\t<div class=\"wpb_wrapper\">\n\t\t\t<h5>SYNOPSIS :<\/h5>\n<p>Dans les affres de la derni\u00e8re guerre carliste, une jeune fille est sauv\u00e9e d'un orphelinat par une myst\u00e9rieuse femme qui vit au fond de la for\u00eat. Gri\u00e8vement bless\u00e9e et se sentant au bord de la mort, la jeune fille verra en cette femme un ange venu l'emmener au ciel... Tr\u00e8s vite, elle d\u00e9couvrira que cet \u00eatre \u00e9trange lui a donn\u00e9 la vie \u00e9ternelle, l'obligeant \u00e0 vivre dans l'obscurit\u00e9 de la nuit, \"\u00e9ternellement\" ensemble. Dans cette nouvelle condition, elle devra affronter le douloureux passage du temps enferm\u00e9e dans un corps de jeune fille, jusqu'\u00e0 ce qu'elle rencontre C\u00e1ndido, un pauvre homme qui l'accueillera chez lui comme sa propre fille et qui l'accompagnera dans la lutte contre sa propre nature et dans le r\u00eave de r\u00e9cup\u00e9rer la vie qui lui a \u00e9t\u00e9 arrach\u00e9e. Ilargi Guztiak. Todas las lunas est une fable fantastique sur la peur de la mort et de l'immortalit\u00e9.<\/p>\n<p>Plus d'informations :<a href=\"https:\/\/filmaxinternationalsales.com\/film\/all-the-moons\">https:\/\/filmaxinternationalsales.com\/film\/all-the-moons<\/a>\u00a0et\u00a0<a href=\"https:\/\/www.sansebastianfestival.com\/2021\/sections_and_films\/7\/690467\/in\">https:\/\/www.sansebastianfestival.com\/2021\/sections_and_films\/\/7\/690467\/in<\/a><\/p>\n<p><em>2021, r\u00e9alis\u00e9 par Igor Legarreta, couleur, en euskara sous-titr\u00e9 en anglais, 101 minutes<\/em><\/p>\n\n\t\t<\/div>\n\t<\/div>\n<div class=\"vc_separator wpb_content_element vc_separator_align_center vc_sep_width_100 vc_sep_pos_align_center vc_separator_no_text vc_sep_color_grey wpb_content_element  wpb_content_element\" ><span class=\"vc_sep_holder vc_sep_holder_l\"><span class=\"vc_sep_line\"><\/span><\/span><span class=\"vc_sep_holder vc_sep_holder_r\"><span class=\"vc_sep_line\"><\/span><\/span>\n<\/div><\/div><\/div><\/div><\/div><div class=\"vc_row wpb_row vc_row-fluid gradient-container-2\"><div class=\"gradient-column-2 wpb_column vc_column_container vc_col-sm-3\"><div class=\"vc_column-inner\"><div class=\"wpb_wrapper\">\n\t<div  class=\"wpb_single_image wpb_content_element vc_align_center wpb_content_element\">\n\t\t\n\t\t<figure class=\"wpb_wrapper vc_figure\">\n\t\t\t<div class=\"vc_single_image-wrapper   vc_box_border_grey\"><img decoding=\"async\" width=\"150\" height=\"150\" src=\"https:\/\/www.basqueeducational.org\/wp-content\/uploads\/2022\/06\/Igor-Legarreta-150x150.png\" class=\"vc_single_image-img attachment-thumbnail\" alt=\"\" title=\"Igor Legarreta\" srcset=\"https:\/\/www.basqueeducational.org\/wp-content\/uploads\/2022\/06\/Igor-Legarreta-150x150.png 150w, https:\/\/www.basqueeducational.org\/wp-content\/uploads\/2022\/06\/Igor-Legarreta-100x100.png 100w\" sizes=\"(max-width: 150px) 100vw, 150px\" \/><\/div>\n\t\t<\/figure>\n\t<\/div>\n<\/div><\/div><\/div><div class=\"gradient-column-3 wpb_column vc_column_container vc_col-sm-9\"><div class=\"vc_column-inner\"><div class=\"wpb_wrapper\">\n\t<div class=\"wpb_text_column wpb_content_element\" >\n\t\t<div class=\"wpb_wrapper\">\n\t\t\t<h5>\u00c0 propos du directeur - Igor Legarreta<\/h5>\n<p>Dipl\u00f4m\u00e9 en audiovisuel de la facult\u00e9 des beaux-arts de l'universit\u00e9 du Pays basque, Igor Legarreta (Leioa, Bizkaia, 1973) a \u00e9crit et cor\u00e9alis\u00e9 avec Emilio P\u00e9rez des courts m\u00e9trages, dont El trabajo (1998), prix du jury aux festivals de Montpellier et de Locarno, et El Gran Zambini (2005). En 2002, il a r\u00e9alis\u00e9 deux \u00e9pisodes de la s\u00e9rie t\u00e9l\u00e9vis\u00e9e Urban Myth Chillers. Il a \u00e9crit les sc\u00e9narios de Regreso a Moira (Mateo Gil, 2006), inclus dans la s\u00e9rie t\u00e9l\u00e9vis\u00e9e Pel\u00edculas para no dormir, et Aut\u00f3mata (Gabe Ib\u00e1\u00f1ez, 2014). Dans ce dernier, il est \u00e9galement directeur de la deuxi\u00e8me unit\u00e9, comme dans Zipi y Zape y la Isla del Capit\u00e1n (Zip &amp; Zap et l'\u00eele du capitaine, Oskar Santos, 2016). En 2017, il a fait ses d\u00e9buts de r\u00e9alisateur avec Cuando dejes de quererme. Ilargi guztiak est son deuxi\u00e8me long m\u00e9trage.<\/p>\n\n\t\t<\/div>\n\t<\/div>\n<\/div><\/div><\/div><\/div>\n<\/div>","protected":false},"excerpt":{"rendered":"SYNOPSIS: During the death throes of the last Carlist war, a young girl is rescued from an orphanage by a mysterious woman who lives deep in the forest. Badly wounded [...]","protected":false},"author":1,"featured_media":4706,"parent":2567,"menu_order":1,"comment_status":"closed","ping_status":"closed","template":"","meta":{"give_campaign_id":0,"_tec_requires_first_save":true,"_exactmetrics_skip_tracking":false,"_exactmetrics_sitenote_active":false,"_exactmetrics_sitenote_note":"","_exactmetrics_sitenote_category":0,"_price":"","_stock":"","_tribe_ticket_header":"","_tribe_default_ticket_provider":"","_tribe_ticket_capacity":"0","_ticket_start_date":"","_ticket_end_date":"","_tribe_ticket_show_description":"","_tribe_ticket_show_not_going":false,"_tribe_ticket_use_global_stock":"","_tribe_ticket_global_stock_level":"","_global_stock_mode":"","_global_stock_cap":"","_tribe_rsvp_for_event":"","_tribe_ticket_going_count":"","_tribe_ticket_not_going_count":"","_tribe_tickets_list":"[]","_tribe_ticket_has_attendee_info_fields":false,"_EventAllDay":false,"_EventTimezone":"","_EventStartDate":"","_EventEndDate":"","_EventStartDateUTC":"","_EventEndDateUTC":"","_EventShowMap":false,"_EventShowMapLink":false,"_EventURL":"","_EventCost":"","_EventCostDescription":"","_EventCurrencySymbol":"","_EventCurrencyCode":"","_EventCurrencyPosition":"","_EventDateTimeSeparator":"","_EventTimeRangeSeparator":"","_EventOrganizerID":[],"_EventVenueID":[],"_OrganizerEmail":"","_OrganizerPhone":"","_OrganizerWebsite":"","_VenueAddress":"","_VenueCity":"","_VenueCountry":"","_VenueProvince":"","_VenueState":"","_VenueZip":"","_VenuePhone":"","_VenueURL":"","_VenueStateProvince":"","_VenueLat":"","_VenueLng":"","_VenueShowMap":false,"_VenueShowMapLink":false,"_tribe_blocks_recurrence_rules":"","_tribe_blocks_recurrence_description":"","_tribe_blocks_recurrence_exclusions":"","jetpack_post_was_ever_published":false,"footnotes":""},"class_list":["post-4704","page","type-page","status-publish","has-post-thumbnail","hentry"],"campaignId":"","jetpack_sharing_enabled":false,"jetpack_shortlink":"https:\/\/wp.me\/PaFejT-1dS","_links":{"self":[{"href":"https:\/\/www.basqueeducational.org\/fr\/wp-json\/wp\/v2\/pages\/4704","targetHints":{"allow":["GET"]}}],"collection":[{"href":"https:\/\/www.basqueeducational.org\/fr\/wp-json\/wp\/v2\/pages"}],"about":[{"href":"https:\/\/www.basqueeducational.org\/fr\/wp-json\/wp\/v2\/types\/page"}],"author":[{"embeddable":true,"href":"https:\/\/www.basqueeducational.org\/fr\/wp-json\/wp\/v2\/users\/1"}],"replies":[{"embeddable":true,"href":"https:\/\/www.basqueeducational.org\/fr\/wp-json\/wp\/v2\/comments?post=4704"}],"version-history":[{"count":5,"href":"https:\/\/www.basqueeducational.org\/fr\/wp-json\/wp\/v2\/pages\/4704\/revisions"}],"predecessor-version":[{"id":5024,"href":"https:\/\/www.basqueeducational.org\/fr\/wp-json\/wp\/v2\/pages\/4704\/revisions\/5024"}],"up":[{"embeddable":true,"href":"https:\/\/www.basqueeducational.org\/fr\/wp-json\/wp\/v2\/pages\/2567"}],"wp:featuredmedia":[{"embeddable":true,"href":"https:\/\/www.basqueeducational.org\/fr\/wp-json\/wp\/v2\/media\/4706"}],"wp:attachment":[{"href":"https:\/\/www.basqueeducational.org\/fr\/wp-json\/wp\/v2\/media?parent=4704"}],"curies":[{"name":"wp","href":"https:\/\/api.w.org\/{rel}","templated":true}]}}