{"id":4991,"date":"2023-01-24T02:15:08","date_gmt":"2023-01-24T02:15:08","guid":{"rendered":"https:\/\/www.basqueeducational.org\/?page_id=4991"},"modified":"2024-01-24T08:05:29","modified_gmt":"2024-01-24T08:05:29","slug":"nora","status":"publish","type":"page","link":"https:\/\/www.basqueeducational.org\/fr\/movies-in-our-collection\/nora\/","title":{"rendered":"Nora"},"content":{"rendered":"<div class=\"wpb-content-wrapper\"><div class=\"vc_row wpb_row vc_row-fluid gradient-container-1\"><div class=\"gradient-column-1 wpb_column vc_column_container vc_col-sm-12\"><div class=\"vc_column-inner\"><div class=\"wpb_wrapper\">\n\t<div class=\"wpb_text_column wpb_content_element\" >\n\t\t<div class=\"wpb_wrapper\">\n\t\t\t<p><!--more--><\/p>\n\n\t\t<\/div>\n\t<\/div>\n\n\t<div class=\"wpb_video_widget wpb_content_element vc_clearfix   vc_video-aspect-ratio-169 vc_video-el-width-100 vc_video-align-center\" >\n\t\t<div class=\"wpb_wrapper\">\n\t\t\t\n\t\t\t<div class=\"wpb_video_wrapper\"><div class=\"jetpack-video-wrapper\"><iframe title=\"Bande-annonce NORA\" src=\"https:\/\/player.vimeo.com\/video\/463484605?dnt=1&amp;app_id=122963\" width=\"500\" height=\"281\" frameborder=\"0\" allow=\"autoplay; fullscreen; picture-in-picture\"><\/iframe><\/div><\/div>\n\t\t<\/div>\n\t<\/div>\n\n\t<div class=\"wpb_text_column wpb_content_element\" >\n\t\t<div class=\"wpb_wrapper\">\n\t\t\t<h5 style=\"text-align: center;\">Vous joindrez-vous \u00e0 nous ? <a href=\"https:\/\/www.basqueeducational.org\/event\/basque-film-series-nora\/\">R\u00c9SERVATIONS OBLIGATOIRES - S'INSCRIRE ICI<\/a>.<\/h5>\n\n\t\t<\/div>\n\t<\/div>\n\n\t<div class=\"wpb_text_column wpb_content_element\" >\n\t\t<div class=\"wpb_wrapper\">\n\t\t\t<h5>SYNOPSIS :<\/h5>\n<p>Nora a 30 ans ; elle vit avec son grand-p\u00e8re argentin Nicol-s et s'occupe r\u00e9guli\u00e8rement des enfants de son amie Meri. Elle \u00e9crit l'horoscope pour le journal de la ville, m\u00eame si son r\u00eave est de devenir \u00e9crivain de voyage. \u00c0 la mort de son grand-p\u00e8re, elle h\u00e9rite d'une vieille Dyane 6. Bien que tr\u00e8s mauvaise conductrice, Nora va se lancer sans but dans un road trip le long de la c\u00f4te basque pour que les cendres de son grand-p\u00e8re reposent enfin \u00e0 c\u00f4t\u00e9 de celles de sa grand-m\u00e8re. La route lui apprendra bient\u00f4t qu'elle n'est pas une voyageuse n\u00e9e et que son r\u00eave n'avait rien \u00e0 voir avec l'errance, mais n'\u00e9tait qu'un pr\u00e9texte pour se lib\u00e9rer, grandir, refermer des blessures et, pour la premi\u00e8re fois, trouver son propre bonheur.<\/p>\n<p>Plus d'informations :<a href=\"https:\/\/www.sansebastianfestival.com\/2020\/sections_and_films\/zinemira\/7\/680071\/in\"> https:\/\/www.sansebastianfestival.com\/2020\/sections_and_films\/zinemira\/7\/680071\/in<\/a><\/p>\n<p><em>2020, r\u00e9alis\u00e9 par Fernando Bernues, couleur, en euskara et castillan avec sous-titres en anglais, 95 minutes<\/em><\/p>\n<ul>\n<li><b>Projection au Centre culturel basque de San Francisco, 19h30  | GRATUIT<\/b><\/li>\n<\/ul>\n\n\t\t<\/div>\n\t<\/div>\n<div class=\"vc_separator wpb_content_element vc_separator_align_center vc_sep_width_100 vc_sep_pos_align_center vc_separator_no_text vc_sep_color_grey wpb_content_element  wpb_content_element\" ><span class=\"vc_sep_holder vc_sep_holder_l\"><span class=\"vc_sep_line\"><\/span><\/span><span class=\"vc_sep_holder vc_sep_holder_r\"><span class=\"vc_sep_line\"><\/span><\/span>\n<\/div><\/div><\/div><\/div><\/div><div class=\"vc_row wpb_row vc_row-fluid gradient-container-2\"><div class=\"gradient-column-2 wpb_column vc_column_container vc_col-sm-3\"><div class=\"vc_column-inner\"><div class=\"wpb_wrapper\">\n\t<div  class=\"wpb_single_image wpb_content_element vc_align_center wpb_content_element\">\n\t\t\n\t\t<figure class=\"wpb_wrapper vc_figure\">\n\t\t\t<div class=\"vc_single_image-wrapper   vc_box_border_grey\"><img decoding=\"async\" width=\"150\" height=\"150\" src=\"https:\/\/www.basqueeducational.org\/wp-content\/uploads\/2023\/01\/Lara-Izaguirre-150x150.png\" class=\"vc_single_image-img attachment-thumbnail\" alt=\"\" title=\"Lara Izaguirre\" srcset=\"https:\/\/www.basqueeducational.org\/wp-content\/uploads\/2023\/01\/Lara-Izaguirre-150x150.png 150w, https:\/\/www.basqueeducational.org\/wp-content\/uploads\/2023\/01\/Lara-Izaguirre-100x100.png 100w\" sizes=\"(max-width: 150px) 100vw, 150px\" \/><\/div>\n\t\t<\/figure>\n\t<\/div>\n<\/div><\/div><\/div><div class=\"gradient-column-3 wpb_column vc_column_container vc_col-sm-9\"><div class=\"vc_column-inner\"><div class=\"wpb_wrapper\">\n\t<div class=\"wpb_text_column wpb_content_element\" >\n\t\t<div class=\"wpb_wrapper\">\n\t\t\t<h5>A propos de la directrice - Lara Izagirre<\/h5>\n<p>Lara Izagirre (Amorebieta-Etxano, Bizkaia, 1985) est dipl\u00f4m\u00e9e en communication audiovisuelle \u00e0 l'universit\u00e9 du Pays basque, a poursuivi ses \u00e9tudes cin\u00e9matographiques \u00e0 la New York Film Academy et a obtenu un master en \u00e9criture de sc\u00e9nario \u00e0 l'ESCAC. En 2010, elle fonde la soci\u00e9t\u00e9 de production Gariza Produkzioak, \u00e0 partir de laquelle elle \u00e9crit, r\u00e9alise et produit les courts m\u00e9trages Bicycle Poem (2010), Kea (2012), Next Stop : Greenland (2012), Sormenaren Bide Ezkutuak (2013), pr\u00e9sent\u00e9 dans la section Culinary Zinema \u00e0 San Sebastian, et Larroxa (2013). En 2015, elle pr\u00e9sente son premier long m\u00e9trage de fiction, Un oto\u00d2o sin Berl\u00ccn (Un automne sans Berlin), lors du Gala du cin\u00e9ma basque du Festival de Saint-S\u00e9bastien. L'actrice principale, Irene Escolar, a remport\u00e9 le Goya de la meilleure nouvelle actrice. Nora a e\u00c2te\u00c2 se\u00c2lectionne\u00c2e pour le Forum de coproduction de Saint-Se\u00c2tien en 2018.<\/p>\n\n\t\t<\/div>\n\t<\/div>\n<\/div><\/div><\/div><\/div>\n<\/div>","protected":false},"excerpt":{"rendered":"Will you be joining us? RESERVATIONS REQUIRED - RSVP HERE. SYNOPSIS: Nora is 30 years old; she lives with her Argentinian grandfather Nicol\u00b7s and regularly takes care of her friend [...]","protected":false},"author":1,"featured_media":4995,"parent":2567,"menu_order":1,"comment_status":"closed","ping_status":"closed","template":"","meta":{"give_campaign_id":0,"_tec_requires_first_save":true,"_exactmetrics_skip_tracking":false,"_exactmetrics_sitenote_active":false,"_exactmetrics_sitenote_note":"","_exactmetrics_sitenote_category":0,"_price":"","_stock":"","_tribe_ticket_header":"","_tribe_default_ticket_provider":"","_tribe_ticket_capacity":"0","_ticket_start_date":"","_ticket_end_date":"","_tribe_ticket_show_description":"","_tribe_ticket_show_not_going":false,"_tribe_ticket_use_global_stock":"","_tribe_ticket_global_stock_level":"","_global_stock_mode":"","_global_stock_cap":"","_tribe_rsvp_for_event":"","_tribe_ticket_going_count":"","_tribe_ticket_not_going_count":"","_tribe_tickets_list":"[]","_tribe_ticket_has_attendee_info_fields":false,"_EventAllDay":false,"_EventTimezone":"","_EventStartDate":"","_EventEndDate":"","_EventStartDateUTC":"","_EventEndDateUTC":"","_EventShowMap":false,"_EventShowMapLink":false,"_EventURL":"","_EventCost":"","_EventCostDescription":"","_EventCurrencySymbol":"","_EventCurrencyCode":"","_EventCurrencyPosition":"","_EventDateTimeSeparator":"","_EventTimeRangeSeparator":"","_EventOrganizerID":[],"_EventVenueID":[],"_OrganizerEmail":"","_OrganizerPhone":"","_OrganizerWebsite":"","_VenueAddress":"","_VenueCity":"","_VenueCountry":"","_VenueProvince":"","_VenueState":"","_VenueZip":"","_VenuePhone":"","_VenueURL":"","_VenueStateProvince":"","_VenueLat":"","_VenueLng":"","_VenueShowMap":false,"_VenueShowMapLink":false,"_tribe_blocks_recurrence_rules":"","_tribe_blocks_recurrence_description":"","_tribe_blocks_recurrence_exclusions":"","jetpack_post_was_ever_published":false,"footnotes":""},"class_list":["post-4991","page","type-page","status-publish","has-post-thumbnail","hentry"],"campaignId":"","jetpack_sharing_enabled":false,"jetpack_shortlink":"https:\/\/wp.me\/PaFejT-1iv","_links":{"self":[{"href":"https:\/\/www.basqueeducational.org\/fr\/wp-json\/wp\/v2\/pages\/4991","targetHints":{"allow":["GET"]}}],"collection":[{"href":"https:\/\/www.basqueeducational.org\/fr\/wp-json\/wp\/v2\/pages"}],"about":[{"href":"https:\/\/www.basqueeducational.org\/fr\/wp-json\/wp\/v2\/types\/page"}],"author":[{"embeddable":true,"href":"https:\/\/www.basqueeducational.org\/fr\/wp-json\/wp\/v2\/users\/1"}],"replies":[{"embeddable":true,"href":"https:\/\/www.basqueeducational.org\/fr\/wp-json\/wp\/v2\/comments?post=4991"}],"version-history":[{"count":4,"href":"https:\/\/www.basqueeducational.org\/fr\/wp-json\/wp\/v2\/pages\/4991\/revisions"}],"predecessor-version":[{"id":6253,"href":"https:\/\/www.basqueeducational.org\/fr\/wp-json\/wp\/v2\/pages\/4991\/revisions\/6253"}],"up":[{"embeddable":true,"href":"https:\/\/www.basqueeducational.org\/fr\/wp-json\/wp\/v2\/pages\/2567"}],"wp:featuredmedia":[{"embeddable":true,"href":"https:\/\/www.basqueeducational.org\/fr\/wp-json\/wp\/v2\/media\/4995"}],"wp:attachment":[{"href":"https:\/\/www.basqueeducational.org\/fr\/wp-json\/wp\/v2\/media?parent=4991"}],"curies":[{"name":"wp","href":"https:\/\/api.w.org\/{rel}","templated":true}]}}