{"id":5000,"date":"2023-01-24T03:23:01","date_gmt":"2023-01-24T03:23:01","guid":{"rendered":"https:\/\/www.basqueeducational.org\/?page_id=5000"},"modified":"2024-01-24T08:06:11","modified_gmt":"2024-01-24T08:06:11","slug":"maixabel","status":"publish","type":"page","link":"https:\/\/www.basqueeducational.org\/fr\/movies-in-our-collection\/maixabel\/","title":{"rendered":"Maixabel"},"content":{"rendered":"<div class=\"wpb-content-wrapper\"><div class=\"vc_row wpb_row vc_row-fluid gradient-container-1\"><div class=\"gradient-column-1 wpb_column vc_column_container vc_col-sm-12\"><div class=\"vc_column-inner\"><div class=\"wpb_wrapper\">\n\t<div class=\"wpb_text_column wpb_content_element\" >\n\t\t<div class=\"wpb_wrapper\">\n\t\t\t<p><!--more--><\/p>\n\n\t\t<\/div>\n\t<\/div>\n\n\t<div class=\"wpb_video_widget wpb_content_element vc_clearfix   vc_video-aspect-ratio-169 vc_video-el-width-100 vc_video-align-center\" >\n\t\t<div class=\"wpb_wrapper\">\n\t\t\t\n\t\t\t<div class=\"wpb_video_wrapper\"><div class=\"jetpack-video-wrapper\"><span class=\"embed-youtube\" style=\"text-align:center; display: block;\"><iframe class=\"youtube-player\" width=\"700\" height=\"394\" src=\"https:\/\/www.youtube.com\/embed\/RJHlh5zTaiE?version=3&#038;rel=1&#038;showsearch=0&#038;showinfo=1&#038;iv_load_policy=1&#038;fs=1&#038;hl=fr-FR&#038;autohide=2&#038;wmode=transparent\" allowfullscreen=\"true\" style=\"border:0;\" sandbox=\"allow-scripts allow-same-origin allow-popups allow-presentation allow-popups-to-escape-sandbox\"><\/iframe><\/span><\/div><\/div>\n\t\t<\/div>\n\t<\/div>\n\n\t<div class=\"wpb_text_column wpb_content_element\" >\n\t\t<div class=\"wpb_wrapper\">\n\t\t\t<h5 style=\"text-align: center;\">Vous joindrez-vous \u00e0 nous ? <span style=\"color: #800000;\">Des r\u00e9servations seront n\u00e9cessaires et seront ouvertes au d\u00e9but du mois d'avril - restez \u00e0 l'\u00e9coute.<\/span><\/h5>\n\n\t\t<\/div>\n\t<\/div>\n\n\t<div class=\"wpb_text_column wpb_content_element\" >\n\t\t<div class=\"wpb_wrapper\">\n\t\t\t<h5>SYNOPSIS :<\/h5>\n<p>Maixabel Lasa perd son mari, Juan Mar\u00eda J\u00e1uregui, en 2000, aux mains de l'Union europ\u00e9enne.\u00a0<a title=\"ETA (groupe s\u00e9paratiste)\" href=\"https:\/\/en.wikipedia.org\/wiki\/ETA_(separatist_group)\">ETA<\/a>. Elle devient ensuite directrice du bureau basque pour les victimes du terrorisme. Les assassins de J\u00e1uregui ont \u00e9t\u00e9 condamn\u00e9s \u00e0 la prison o\u00f9 ils commencent \u00e0 rejeter la violence. Onze ans plus tard, elle re\u00e7oit une invitation \u00e0 une interview de l'un des assassins de son mari, qui purge sa peine dans une prison de l'\u00c9tat d'Ekaterinbourg.\u00a0<a title=\"Nanclares de la Oca\" href=\"https:\/\/en.wikipedia.org\/wiki\/Nanclares_de_la_Oca\">Nanclares de la Oca<\/a>\u00a0en\u00a0<a title=\"\u00c1lava\" href=\"https:\/\/en.wikipedia.org\/wiki\/%C3%81lava\">\u00c1lava<\/a>Maixabel accepte l'invitation et se retrouve face \u00e0 l'homme qui a pris la vie de son mari. Malgr\u00e9 ses doutes et son immense douleur, Maixabel accepte l'invitation et se retrouve face \u00e0 face avec l'homme qui a pris la vie de son mari. Ce film est bas\u00e9 sur une histoire vraie.<\/p>\n<p>Plus d'informations : <a href=\"https:\/\/www.sansebastianfestival.com\/2021\/sections_and_films\/official_selection\/7\/690025\/in\">https:\/\/www.sansebastianfestival.com\/2020\/sections_and_films\/zinemira\/7\/680071\/in<\/a><\/p>\n<p><em>2021, r\u00e9alis\u00e9 par Ic\u00ccar Bolla\u00ccn, couleur, en euskara et castillan avec sous-titres en anglais, 115 minutes.<\/em><\/p>\n<ul>\n<li><b>21 AVRIL avec comme invit\u00e9 le Dr Larraitz Ariznabarreta.<\/b><\/li>\n<\/ul>\n\n\t\t<\/div>\n\t<\/div>\n<div class=\"vc_separator wpb_content_element vc_separator_align_center vc_sep_width_100 vc_sep_pos_align_center vc_separator_no_text vc_sep_color_grey wpb_content_element  wpb_content_element\" ><span class=\"vc_sep_holder vc_sep_holder_l\"><span class=\"vc_sep_line\"><\/span><\/span><span class=\"vc_sep_holder vc_sep_holder_r\"><span class=\"vc_sep_line\"><\/span><\/span>\n<\/div><\/div><\/div><\/div><\/div><div class=\"vc_row wpb_row vc_row-fluid gradient-container-2\"><div class=\"gradient-column-2 wpb_column vc_column_container vc_col-sm-3\"><div class=\"vc_column-inner\"><div class=\"wpb_wrapper\">\n\t<div  class=\"wpb_single_image wpb_content_element vc_align_center wpb_content_element\">\n\t\t\n\t\t<figure class=\"wpb_wrapper vc_figure\">\n\t\t\t<div class=\"vc_single_image-wrapper   vc_box_border_grey\"><img decoding=\"async\" width=\"150\" height=\"150\" src=\"https:\/\/www.basqueeducational.org\/wp-content\/uploads\/2023\/01\/Director-www-150x150.png\" class=\"vc_single_image-img attachment-thumbnail\" alt=\"\" title=\"Directeur www\" srcset=\"https:\/\/www.basqueeducational.org\/wp-content\/uploads\/2023\/01\/Director-www-150x150.png 150w, https:\/\/www.basqueeducational.org\/wp-content\/uploads\/2023\/01\/Director-www-100x100.png 100w\" sizes=\"(max-width: 150px) 100vw, 150px\" \/><\/div>\n\t\t<\/figure>\n\t<\/div>\n<\/div><\/div><\/div><div class=\"gradient-column-3 wpb_column vc_column_container vc_col-sm-9\"><div class=\"vc_column-inner\"><div class=\"wpb_wrapper\">\n\t<div class=\"wpb_text_column wpb_content_element\" >\n\t\t<div class=\"wpb_wrapper\">\n\t\t\t<h5>A propos du directeur - ICIAR BOLLAIN<\/h5>\n<p>Iciar Bolla\u00ccn (Madrid, 1967) a r\u00e9alis\u00e9 les longs m\u00e9trages Hola, \u00f8est-s sola ? (Hi, Are You Alone, 1996) ; Flores de otro mundo (Flowers from otro mundo, 1999), prim\u00e9 \u00e0 la Semaine de la critique de Cannes ; Te doy mis ojos (Take My Eyes, 2003), pour lequel ses deux personnages principaux ont re\u00e7u les deux Coquilles d'argent \u00e0 Saint-S\u00e9bastien et qui a remport\u00e9 sept Goyas ; Mataharis (S\u00e9lection officielle, 2007) ; Tambi\u00c8n la lluvia (Even the Rain, 2009), Prix Panorama \u00e0 Berlin ; En tierra extra\u00d2a (En terre \u00e9trang\u00e8re, projections sp\u00e9ciales, 2014) ; El olivo (L'olivier, 2015), Goya de la meilleure nouvelle actrice ; Yuli (2018), prix du jury du meilleur sc\u00e9nario \u00e0 Saint-S\u00e9bastien, et La boda de Rosa (Le mariage de Rosa, 2020), Goya de la meilleure actrice dans un second r\u00f4le et de la meilleure chanson originale, prix sp\u00e9cial du jury et Biznaga d'argent de la meilleure actrice dans un second r\u00f4le \u00e0 Malaga.<\/p>\n\n\t\t<\/div>\n\t<\/div>\n<\/div><\/div><\/div><\/div>\n<\/div>","protected":false},"excerpt":{"rendered":"Will you be joining us? RESERVATIONS will be REQUIRED AND WILL OPEN UP IN THE BEGINNING OF APRIL - stay tuned. SYNOPSIS: Maixabel Lasa loses her husband, Juan Mar\u00eda J\u00e1uregui, [...]","protected":false},"author":1,"featured_media":5003,"parent":2567,"menu_order":2,"comment_status":"closed","ping_status":"closed","template":"","meta":{"give_campaign_id":0,"_tec_requires_first_save":true,"_exactmetrics_skip_tracking":false,"_exactmetrics_sitenote_active":false,"_exactmetrics_sitenote_note":"","_exactmetrics_sitenote_category":0,"_price":"","_stock":"","_tribe_ticket_header":"","_tribe_default_ticket_provider":"","_tribe_ticket_capacity":"0","_ticket_start_date":"","_ticket_end_date":"","_tribe_ticket_show_description":"","_tribe_ticket_show_not_going":false,"_tribe_ticket_use_global_stock":"","_tribe_ticket_global_stock_level":"","_global_stock_mode":"","_global_stock_cap":"","_tribe_rsvp_for_event":"","_tribe_ticket_going_count":"","_tribe_ticket_not_going_count":"","_tribe_tickets_list":"[]","_tribe_ticket_has_attendee_info_fields":false,"_EventAllDay":false,"_EventTimezone":"","_EventStartDate":"","_EventEndDate":"","_EventStartDateUTC":"","_EventEndDateUTC":"","_EventShowMap":false,"_EventShowMapLink":false,"_EventURL":"","_EventCost":"","_EventCostDescription":"","_EventCurrencySymbol":"","_EventCurrencyCode":"","_EventCurrencyPosition":"","_EventDateTimeSeparator":"","_EventTimeRangeSeparator":"","_EventOrganizerID":[],"_EventVenueID":[],"_OrganizerEmail":"","_OrganizerPhone":"","_OrganizerWebsite":"","_VenueAddress":"","_VenueCity":"","_VenueCountry":"","_VenueProvince":"","_VenueState":"","_VenueZip":"","_VenuePhone":"","_VenueURL":"","_VenueStateProvince":"","_VenueLat":"","_VenueLng":"","_VenueShowMap":false,"_VenueShowMapLink":false,"_tribe_blocks_recurrence_rules":"","_tribe_blocks_recurrence_description":"","_tribe_blocks_recurrence_exclusions":"","jetpack_post_was_ever_published":false,"footnotes":""},"class_list":["post-5000","page","type-page","status-publish","has-post-thumbnail","hentry"],"campaignId":"","jetpack_sharing_enabled":false,"jetpack_shortlink":"https:\/\/wp.me\/PaFejT-1iE","_links":{"self":[{"href":"https:\/\/www.basqueeducational.org\/fr\/wp-json\/wp\/v2\/pages\/5000","targetHints":{"allow":["GET"]}}],"collection":[{"href":"https:\/\/www.basqueeducational.org\/fr\/wp-json\/wp\/v2\/pages"}],"about":[{"href":"https:\/\/www.basqueeducational.org\/fr\/wp-json\/wp\/v2\/types\/page"}],"author":[{"embeddable":true,"href":"https:\/\/www.basqueeducational.org\/fr\/wp-json\/wp\/v2\/users\/1"}],"replies":[{"embeddable":true,"href":"https:\/\/www.basqueeducational.org\/fr\/wp-json\/wp\/v2\/comments?post=5000"}],"version-history":[{"count":4,"href":"https:\/\/www.basqueeducational.org\/fr\/wp-json\/wp\/v2\/pages\/5000\/revisions"}],"predecessor-version":[{"id":6254,"href":"https:\/\/www.basqueeducational.org\/fr\/wp-json\/wp\/v2\/pages\/5000\/revisions\/6254"}],"up":[{"embeddable":true,"href":"https:\/\/www.basqueeducational.org\/fr\/wp-json\/wp\/v2\/pages\/2567"}],"wp:featuredmedia":[{"embeddable":true,"href":"https:\/\/www.basqueeducational.org\/fr\/wp-json\/wp\/v2\/media\/5003"}],"wp:attachment":[{"href":"https:\/\/www.basqueeducational.org\/fr\/wp-json\/wp\/v2\/media?parent=5000"}],"curies":[{"name":"wp","href":"https:\/\/api.w.org\/{rel}","templated":true}]}}