{"id":5077,"date":"2023-02-16T21:28:04","date_gmt":"2023-02-16T21:28:04","guid":{"rendered":"https:\/\/www.basqueeducational.org\/?page_id=5077"},"modified":"2023-02-16T21:28:07","modified_gmt":"2023-02-16T21:28:07","slug":"agur-jaunak-by-euskadiko-orkestra","status":"publish","type":"page","link":"https:\/\/www.basqueeducational.org\/fr\/agur-jaunak-by-euskadiko-orkestra\/","title":{"rendered":"\"AGUR JAUNAK\" PAR EUSKADIKO ORKESTRA"},"content":{"rendered":"<div style=\"padding:52.73% 0 0 0;position:relative;\"><iframe src=\"https:\/\/player.vimeo.com\/video\/405422294?h=90f4818c2b&#038;autoplay=1&#038;loop=1&#038;title=0&#038;byline=0&#038;portrait=0\" style=\"position:absolute;top:0;left:0;width:100%;height:100%;\" frameborder=\"0\" allow=\"autoplay; fullscreen; picture-in-picture\" allowfullscreen><\/iframe><\/div><script src=\"https:\/\/player.vimeo.com\/api\/player.js\"><\/script>\n\n\"Agur Jaunak eta Andreak\", interpr\u00e9t\u00e9e virtuellement par Euskadiko Orkestra pendant la pand\u00e9mie, a \u00e9t\u00e9 con\u00e7ue pour envoyer un message de solidarit\u00e9 et d\u00e9montrer que la musique, comme COVID-19, n'a pas de fronti\u00e8res.\n\n\n\n<h3 class=\"wp-block-heading\"><strong>Augmentez le volume !<\/strong><\/h3>\n\n\n\n<p>L'orchestre national d'Euskadi est un orchestre symphonique jeune, puisqu'il a \u00e9t\u00e9 cr\u00e9\u00e9 en 1982. Son catalogue musical est vaste et riche, mais l'exp\u00e9rience la plus amusante et la plus savoureuse est de parcourir sa collection de musique basque, une discographie en 15 volumes qui pr\u00e9sente des musiciens et des compositeurs basques de renomm\u00e9e internationale.<\/p>\n\n\n\n<p>Si la pand\u00e9mie a inspir\u00e9 la version bruckn\u00e9rienne d'\"Agur Jaunak\", l'Euskadiko Orkestra est le cadeau qui ne cesse d'\u00eatre offert, en particulier \u00e0 ceux d'entre nous qui ne sont pas en mesure de d\u00e9couvrir leur travail en personne.<\/p>\n\n\n\n<p>Nous vous encourageons \u00e0 suivre leur&nbsp;<a href=\"https:\/\/www.youtube.com\/@Euskadiko_Orkestra\/videos\" target=\"_blank\" rel=\"noreferrer noopener\">Cha\u00eene YouTube<\/a>Les enregistrements des compositeurs basques sont disponibles sur d'autres supports num\u00e9riques tels que iTunes et Amazon Music. En attendant, pour vous mettre en jambe, nous vous mettons au d\u00e9fi d'aller sur leur site web, de choisir un album, d'appuyer sur PLAY, de fermer les yeux et de prendre part \u00e0 tous les beaux voyages que tant de compositeurs basques ont cr\u00e9\u00e9s pour nous. Bonne \u00e9coute !<\/p>\n\n\n\n<div class=\"wp-block-buttons is-layout-flex wp-block-buttons-is-layout-flex\">\n<div class=\"wp-block-button\"><a class=\"wp-block-button__link wp-element-button\" href=\"https:\/\/en.euskadikoorkestra.eus\/look-and-listen\/discography\" target=\"_blank\" rel=\"noreferrer noopener\">VISITER ESKADIKO ORKESTRA<\/a><\/div>\n<\/div>","protected":false},"excerpt":{"rendered":"<p>&#8220;Agur Jaunak eta Andreak&#8221; performed virtually by Euskadiko Orkestra during the pandemic, was designed to send a message of solidarity and demonstrate music, like COVID-19, has no boundaries. Volume up! [&hellip;]<\/p>\n","protected":false},"author":1,"featured_media":0,"parent":0,"menu_order":0,"comment_status":"closed","ping_status":"closed","template":"","meta":{"give_campaign_id":0,"_tec_requires_first_save":true,"_exactmetrics_skip_tracking":false,"_exactmetrics_sitenote_active":false,"_exactmetrics_sitenote_note":"","_exactmetrics_sitenote_category":0,"_price":"","_stock":"","_tribe_ticket_header":"","_tribe_default_ticket_provider":"","_tribe_ticket_capacity":"0","_ticket_start_date":"","_ticket_end_date":"","_tribe_ticket_show_description":"","_tribe_ticket_show_not_going":false,"_tribe_ticket_use_global_stock":"","_tribe_ticket_global_stock_level":"","_global_stock_mode":"","_global_stock_cap":"","_tribe_rsvp_for_event":"","_tribe_ticket_going_count":"","_tribe_ticket_not_going_count":"","_tribe_tickets_list":"[]","_tribe_ticket_has_attendee_info_fields":false,"_EventAllDay":false,"_EventTimezone":"","_EventStartDate":"","_EventEndDate":"","_EventStartDateUTC":"","_EventEndDateUTC":"","_EventShowMap":false,"_EventShowMapLink":false,"_EventURL":"","_EventCost":"","_EventCostDescription":"","_EventCurrencySymbol":"","_EventCurrencyCode":"","_EventCurrencyPosition":"","_EventDateTimeSeparator":"","_EventTimeRangeSeparator":"","_EventOrganizerID":[],"_EventVenueID":[],"_OrganizerEmail":"","_OrganizerPhone":"","_OrganizerWebsite":"","_VenueAddress":"","_VenueCity":"","_VenueCountry":"","_VenueProvince":"","_VenueState":"","_VenueZip":"","_VenuePhone":"","_VenueURL":"","_VenueStateProvince":"","_VenueLat":"","_VenueLng":"","_VenueShowMap":false,"_VenueShowMapLink":false,"_tribe_blocks_recurrence_rules":"","_tribe_blocks_recurrence_description":"","_tribe_blocks_recurrence_exclusions":"","jetpack_post_was_ever_published":false,"footnotes":""},"class_list":["post-5077","page","type-page","status-publish","hentry"],"campaignId":"","jetpack_sharing_enabled":true,"jetpack_shortlink":"https:\/\/wp.me\/PaFejT-1jT","_links":{"self":[{"href":"https:\/\/www.basqueeducational.org\/fr\/wp-json\/wp\/v2\/pages\/5077","targetHints":{"allow":["GET"]}}],"collection":[{"href":"https:\/\/www.basqueeducational.org\/fr\/wp-json\/wp\/v2\/pages"}],"about":[{"href":"https:\/\/www.basqueeducational.org\/fr\/wp-json\/wp\/v2\/types\/page"}],"author":[{"embeddable":true,"href":"https:\/\/www.basqueeducational.org\/fr\/wp-json\/wp\/v2\/users\/1"}],"replies":[{"embeddable":true,"href":"https:\/\/www.basqueeducational.org\/fr\/wp-json\/wp\/v2\/comments?post=5077"}],"version-history":[{"count":2,"href":"https:\/\/www.basqueeducational.org\/fr\/wp-json\/wp\/v2\/pages\/5077\/revisions"}],"predecessor-version":[{"id":5079,"href":"https:\/\/www.basqueeducational.org\/fr\/wp-json\/wp\/v2\/pages\/5077\/revisions\/5079"}],"wp:attachment":[{"href":"https:\/\/www.basqueeducational.org\/fr\/wp-json\/wp\/v2\/media?parent=5077"}],"curies":[{"name":"wp","href":"https:\/\/api.w.org\/{rel}","templated":true}]}}