{"id":6089,"date":"2023-11-13T23:28:44","date_gmt":"2023-11-13T23:28:44","guid":{"rendered":"https:\/\/www.basqueeducational.org\/?page_id=6089"},"modified":"2024-06-10T19:19:00","modified_gmt":"2024-06-10T19:19:00","slug":"basque-cultural-day-bcd","status":"publish","type":"page","link":"https:\/\/www.basqueeducational.org\/fr\/basque-cultural-day-bcd\/","title":{"rendered":"JOURN\u00c9E CULTURELLE BASQUE (BCD)"},"content":{"rendered":"<div class=\"wpb-content-wrapper\"><div class=\"vc_row wpb_row vc_row-fluid gradient-container-1\"><div class=\"gradient-column-1 wpb_column vc_column_container vc_col-sm-12\"><div class=\"vc_column-inner\"><div class=\"wpb_wrapper\">\n\t<div class=\"wpb_text_column wpb_content_element\" >\n\t\t<div class=\"wpb_wrapper\">\n\t\t\t<p>Nous esp\u00e9rons que vous appr\u00e9cierez ces sujets et ces conversations. Et, bien s\u00fbr, nous aimerions savoir ce que vous en pensez... alors ne vous g\u00eanez pas !<\/p>\n\n\t\t<\/div>\n\t<\/div>\n<div class=\"vc_separator wpb_content_element vc_separator_align_center vc_sep_width_100 vc_sep_pos_align_center vc_separator_no_text vc_sep_color_grey wpb_content_element  wpb_content_element\" ><span class=\"vc_sep_holder vc_sep_holder_l\"><span class=\"vc_sep_line\"><\/span><\/span><span class=\"vc_sep_holder vc_sep_holder_r\"><span class=\"vc_sep_line\"><\/span><\/span>\n<\/div><\/div><\/div><\/div><\/div><div class=\"vc_row wpb_row vc_row-fluid gradient-container-2\"><div class=\"gradient-column-2 wpb_column vc_column_container vc_col-sm-3\"><div class=\"vc_column-inner\"><div class=\"wpb_wrapper\">\n\t<div  class=\"wpb_single_image wpb_content_element vc_align_left wpb_content_element\">\n\t\t\n\t\t<figure class=\"wpb_wrapper vc_figure\">\n\t\t\t<a href=\"https:\/\/www.basqueeducational.org\/2023-euskal-andreen-egintza-amerikan\/\" target=\"_blank\" class=\"vc_single_image-wrapper   vc_box_border_grey\"><img decoding=\"async\" width=\"150\" height=\"150\" src=\"https:\/\/www.basqueeducational.org\/wp-content\/uploads\/2023\/11\/Screenshot-2023-11-13-at-3.37.51-PM-150x150.png\" class=\"vc_single_image-img attachment-thumbnail\" alt=\"\" title=\"Capture d&#039;\u00e9cran 2023-11-13 \u00e0 3.37.51 PM\" srcset=\"https:\/\/www.basqueeducational.org\/wp-content\/uploads\/2023\/11\/Screenshot-2023-11-13-at-3.37.51-PM-150x150.png 150w, https:\/\/www.basqueeducational.org\/wp-content\/uploads\/2023\/11\/Screenshot-2023-11-13-at-3.37.51-PM-100x100.png 100w\" sizes=\"(max-width: 150px) 100vw, 150px\" \/><\/a>\n\t\t<\/figure>\n\t<\/div>\n<\/div><\/div><\/div><div class=\"gradient-column-3 wpb_column vc_column_container vc_col-sm-9\"><div class=\"vc_column-inner\"><div class=\"wpb_wrapper\"><h2 style=\"color: #6986af;text-align: left\" class=\"vc_custom_heading vc_do_custom_heading\" ><a href=\"https:\/\/www.basqueeducational.org\/2023-euskal-andreen-egintza-amerikan\/\" title=\"JOURN\u00c9E CULTURELLE BASQUE 2023 (BCD23)\">2023 : EUSKAL ANDREEN EGINTZA AMERIKAN<br \/>\n(L'impact des femmes dans les communaut\u00e9s basques d'Am\u00e9rique)<\/a><\/h2><div class=\"vc_separator wpb_content_element vc_separator_align_center vc_sep_width_100 vc_sep_pos_align_center vc_separator_no_text vc_sep_color_grey wpb_content_element  wpb_content_element\" ><span class=\"vc_sep_holder vc_sep_holder_l\"><span class=\"vc_sep_line\"><\/span><\/span><span class=\"vc_sep_holder vc_sep_holder_r\"><span class=\"vc_sep_line\"><\/span><\/span>\n<\/div><\/div><\/div><\/div><\/div><div class=\"vc_row wpb_row vc_row-fluid gradient-container-3\"><div class=\"gradient-column-4 wpb_column vc_column_container vc_col-sm-3\"><div class=\"vc_column-inner\"><div class=\"wpb_wrapper\">\n\t<div  class=\"wpb_single_image wpb_content_element vc_align_left wpb_content_element\">\n\t\t\n\t\t<figure class=\"wpb_wrapper vc_figure\">\n\t\t\t<a href=\"https:\/\/www.basqueeducational.org\/basque-cultural-days\/bcd-2021\/\" target=\"_self\" class=\"vc_single_image-wrapper   vc_box_border_grey\"><img decoding=\"async\" width=\"150\" height=\"150\" src=\"https:\/\/www.basqueeducational.org\/wp-content\/uploads\/2023\/11\/Screenshot-2023-11-13-at-3.35.52-PM-150x150.png\" class=\"vc_single_image-img attachment-thumbnail\" alt=\"\" title=\"Capture d&#039;\u00e9cran 2023-11-13 \u00e0 3.35.52 PM\" srcset=\"https:\/\/www.basqueeducational.org\/wp-content\/uploads\/2023\/11\/Screenshot-2023-11-13-at-3.35.52-PM-150x150.png 150w, https:\/\/www.basqueeducational.org\/wp-content\/uploads\/2023\/11\/Screenshot-2023-11-13-at-3.35.52-PM-100x100.png 100w\" sizes=\"(max-width: 150px) 100vw, 150px\" \/><\/a>\n\t\t<\/figure>\n\t<\/div>\n<\/div><\/div><\/div><div class=\"gradient-column-5 wpb_column vc_column_container vc_col-sm-9\"><div class=\"vc_column-inner\"><div class=\"wpb_wrapper\"><h2 style=\"text-align: left\" class=\"vc_custom_heading vc_do_custom_heading\" ><a href=\"https:\/\/www.basqueeducational.org\/basque-cultural-days\/bcd-2021\/\" title=\"JOURN\u00c9E CULTURELLE BASQUE 2021\">2021 : BAKARTASUNA ELKARTUZ<br \/>\n(Ensemble, nous sommes seuls)<\/a><\/h2><div class=\"vc_separator wpb_content_element vc_separator_align_center vc_sep_width_100 vc_sep_pos_align_center vc_separator_no_text vc_sep_color_grey wpb_content_element  wpb_content_element\" ><span class=\"vc_sep_holder vc_sep_holder_l\"><span class=\"vc_sep_line\"><\/span><\/span><span class=\"vc_sep_holder vc_sep_holder_r\"><span class=\"vc_sep_line\"><\/span><\/span>\n<\/div><\/div><\/div><\/div><\/div><div class=\"vc_row wpb_row vc_row-fluid gradient-container-4\"><div class=\"gradient-column-6 wpb_column vc_column_container vc_col-sm-3\"><div class=\"vc_column-inner\"><div class=\"wpb_wrapper\">\n\t<div  class=\"wpb_single_image wpb_content_element vc_align_left wpb_content_element\">\n\t\t\n\t\t<figure class=\"wpb_wrapper vc_figure\">\n\t\t\t<a href=\"https:\/\/www.basqueeducational.org\/basque-cultural-day-2019\/\" target=\"_self\" class=\"vc_single_image-wrapper   vc_box_border_grey\"><img decoding=\"async\" width=\"150\" height=\"150\" src=\"https:\/\/www.basqueeducational.org\/wp-content\/uploads\/2023\/11\/Screenshot-2023-11-13-at-4.46.39-PM-150x150.png\" class=\"vc_single_image-img attachment-thumbnail\" alt=\"\" title=\"Capture d&#039;\u00e9cran 2023-11-13 \u00e0 4.46.39 PM\" srcset=\"https:\/\/www.basqueeducational.org\/wp-content\/uploads\/2023\/11\/Screenshot-2023-11-13-at-4.46.39-PM-150x150.png 150w, https:\/\/www.basqueeducational.org\/wp-content\/uploads\/2023\/11\/Screenshot-2023-11-13-at-4.46.39-PM-100x100.png 100w\" sizes=\"(max-width: 150px) 100vw, 150px\" \/><\/a>\n\t\t<\/figure>\n\t<\/div>\n<\/div><\/div><\/div><div class=\"gradient-column-7 wpb_column vc_column_container vc_col-sm-9\"><div class=\"vc_column-inner\"><div class=\"wpb_wrapper\"><h2 style=\"text-align: left\" class=\"vc_custom_heading vc_do_custom_heading\" ><a href=\"https:\/\/www.basqueeducational.org\/basque-cultural-day-2019\/\" title=\"2019 : KALIFORNIAKO EUSKALDUNEN ATZAK\">2019 : KALIFORNIAKO EUSKALDUNEN ATZAK<br \/>\n(Empreintes basques en Am\u00e9rique)<\/a><\/h2><div class=\"vc_separator wpb_content_element vc_separator_align_center vc_sep_width_100 vc_sep_pos_align_center vc_separator_no_text vc_sep_color_grey wpb_content_element  wpb_content_element\" ><span class=\"vc_sep_holder vc_sep_holder_l\"><span class=\"vc_sep_line\"><\/span><\/span><span class=\"vc_sep_holder vc_sep_holder_r\"><span class=\"vc_sep_line\"><\/span><\/span>\n<\/div><\/div><\/div><\/div><\/div><div class=\"vc_row wpb_row vc_row-fluid gradient-container-5\"><div class=\"gradient-column-8 wpb_column vc_column_container vc_col-sm-3\"><div class=\"vc_column-inner\"><div class=\"wpb_wrapper\">\n\t<div  class=\"wpb_single_image wpb_content_element vc_align_left wpb_content_element\">\n\t\t\n\t\t<figure class=\"wpb_wrapper vc_figure\">\n\t\t\t<a href=\"https:\/\/www.basqueeducational.org\/basque-cultural-days\/2017-basque-mythology-spirituality\/\" target=\"_self\" class=\"vc_single_image-wrapper   vc_box_border_grey\"><img loading=\"lazy\" decoding=\"async\" width=\"150\" height=\"150\" src=\"https:\/\/www.basqueeducational.org\/wp-content\/uploads\/2019\/03\/2017-150x150.png\" class=\"vc_single_image-img attachment-thumbnail\" alt=\"\" title=\"2017\" srcset=\"https:\/\/www.basqueeducational.org\/wp-content\/uploads\/2019\/03\/2017-150x150.png 150w, https:\/\/www.basqueeducational.org\/wp-content\/uploads\/2019\/03\/2017-100x100.png 100w\" sizes=\"(max-width: 150px) 100vw, 150px\" \/><\/a>\n\t\t<\/figure>\n\t<\/div>\n<\/div><\/div><\/div><div class=\"gradient-column-9 wpb_column vc_column_container vc_col-sm-9\"><div class=\"vc_column-inner\"><div class=\"wpb_wrapper\"><h2 style=\"text-align: left\" class=\"vc_custom_heading vc_do_custom_heading\" ><a href=\"https:\/\/www.basqueeducational.org\/basque-cultural-days\/2017-basque-mythology-spirituality\/\" title=\"2017 : MYTHOLOGIE ET SPIRITUALIT\u00c9 BASQUES\">2017 : MYTHOLOGIE ET SPIRITUALIT\u00c9 BASQUES<\/a><\/h2><div class=\"vc_separator wpb_content_element vc_separator_align_center vc_sep_width_100 vc_sep_pos_align_center vc_separator_no_text vc_sep_color_grey wpb_content_element  wpb_content_element\" ><span class=\"vc_sep_holder vc_sep_holder_l\"><span class=\"vc_sep_line\"><\/span><\/span><span class=\"vc_sep_holder vc_sep_holder_r\"><span class=\"vc_sep_line\"><\/span><\/span>\n<\/div><\/div><\/div><\/div><\/div><div class=\"vc_row wpb_row vc_row-fluid gradient-container-6\"><div class=\"gradient-column-10 wpb_column vc_column_container vc_col-sm-3\"><div class=\"vc_column-inner\"><div class=\"wpb_wrapper\">\n\t<div  class=\"wpb_single_image wpb_content_element vc_align_left wpb_content_element\">\n\t\t\n\t\t<figure class=\"wpb_wrapper vc_figure\">\n\t\t\t<a href=\"https:\/\/www.basqueeducational.org\/basque-cultural-days\/2015-pilota-eguna\/\" target=\"_self\" class=\"vc_single_image-wrapper   vc_box_border_grey\"><img loading=\"lazy\" decoding=\"async\" width=\"150\" height=\"150\" src=\"https:\/\/www.basqueeducational.org\/wp-content\/uploads\/2019\/03\/2015-150x150.jpg\" class=\"vc_single_image-img attachment-thumbnail\" alt=\"\" title=\"2015\" srcset=\"https:\/\/www.basqueeducational.org\/wp-content\/uploads\/2019\/03\/2015-150x150.jpg 150w, https:\/\/www.basqueeducational.org\/wp-content\/uploads\/2019\/03\/2015-100x100.jpg 100w\" sizes=\"(max-width: 150px) 100vw, 150px\" \/><\/a>\n\t\t<\/figure>\n\t<\/div>\n<\/div><\/div><\/div><div class=\"gradient-column-11 wpb_column vc_column_container vc_col-sm-9\"><div class=\"vc_column-inner\"><div class=\"wpb_wrapper\"><h2 style=\"text-align: left\" class=\"vc_custom_heading vc_do_custom_heading\" ><a href=\"https:\/\/www.basqueeducational.org\/basque-cultural-days\/2015-pilota-eguna\/\" title=\"PILOTA EGUNA\">2015 : PILOTA EGUNA<\/a><\/h2><div class=\"vc_separator wpb_content_element vc_separator_align_center vc_sep_width_100 vc_sep_pos_align_center vc_separator_no_text vc_sep_color_grey wpb_content_element  wpb_content_element\" ><span class=\"vc_sep_holder vc_sep_holder_l\"><span class=\"vc_sep_line\"><\/span><\/span><span class=\"vc_sep_holder vc_sep_holder_r\"><span class=\"vc_sep_line\"><\/span><\/span>\n<\/div><\/div><\/div><\/div><\/div>\n<\/div>","protected":false},"excerpt":{"rendered":"We hope you enjoy experiencing these topics and conversations. And, of course, we'd love to hear what you think... so don't be shy! 2023: EUSKAL ANDREEN EGINTZA AMERIKAN (The Impact [...]","protected":false},"author":1,"featured_media":0,"parent":0,"menu_order":0,"comment_status":"closed","ping_status":"closed","template":"","meta":{"give_campaign_id":0,"_tec_requires_first_save":true,"_exactmetrics_skip_tracking":false,"_exactmetrics_sitenote_active":false,"_exactmetrics_sitenote_note":"","_exactmetrics_sitenote_category":0,"_price":"","_stock":"","_tribe_ticket_header":"","_tribe_default_ticket_provider":"","_tribe_ticket_capacity":"0","_ticket_start_date":"","_ticket_end_date":"","_tribe_ticket_show_description":"","_tribe_ticket_show_not_going":false,"_tribe_ticket_use_global_stock":"","_tribe_ticket_global_stock_level":"","_global_stock_mode":"","_global_stock_cap":"","_tribe_rsvp_for_event":"","_tribe_ticket_going_count":"","_tribe_ticket_not_going_count":"","_tribe_tickets_list":"[]","_tribe_ticket_has_attendee_info_fields":false,"_EventAllDay":false,"_EventTimezone":"","_EventStartDate":"","_EventEndDate":"","_EventStartDateUTC":"","_EventEndDateUTC":"","_EventShowMap":false,"_EventShowMapLink":false,"_EventURL":"","_EventCost":"","_EventCostDescription":"","_EventCurrencySymbol":"","_EventCurrencyCode":"","_EventCurrencyPosition":"","_EventDateTimeSeparator":"","_EventTimeRangeSeparator":"","_EventOrganizerID":[],"_EventVenueID":[],"_OrganizerEmail":"","_OrganizerPhone":"","_OrganizerWebsite":"","_VenueAddress":"","_VenueCity":"","_VenueCountry":"","_VenueProvince":"","_VenueState":"","_VenueZip":"","_VenuePhone":"","_VenueURL":"","_VenueStateProvince":"","_VenueLat":"","_VenueLng":"","_VenueShowMap":false,"_VenueShowMapLink":false,"_tribe_blocks_recurrence_rules":"","_tribe_blocks_recurrence_description":"","_tribe_blocks_recurrence_exclusions":"","footnotes":""},"class_list":["post-6089","page","type-page","status-publish","hentry"],"campaignId":"","jetpack_sharing_enabled":true,"jetpack_shortlink":"https:\/\/wp.me\/PaFejT-1Ad","_links":{"self":[{"href":"https:\/\/www.basqueeducational.org\/fr\/wp-json\/wp\/v2\/pages\/6089","targetHints":{"allow":["GET"]}}],"collection":[{"href":"https:\/\/www.basqueeducational.org\/fr\/wp-json\/wp\/v2\/pages"}],"about":[{"href":"https:\/\/www.basqueeducational.org\/fr\/wp-json\/wp\/v2\/types\/page"}],"author":[{"embeddable":true,"href":"https:\/\/www.basqueeducational.org\/fr\/wp-json\/wp\/v2\/users\/1"}],"replies":[{"embeddable":true,"href":"https:\/\/www.basqueeducational.org\/fr\/wp-json\/wp\/v2\/comments?post=6089"}],"version-history":[{"count":5,"href":"https:\/\/www.basqueeducational.org\/fr\/wp-json\/wp\/v2\/pages\/6089\/revisions"}],"predecessor-version":[{"id":7022,"href":"https:\/\/www.basqueeducational.org\/fr\/wp-json\/wp\/v2\/pages\/6089\/revisions\/7022"}],"wp:attachment":[{"href":"https:\/\/www.basqueeducational.org\/fr\/wp-json\/wp\/v2\/media?parent=6089"}],"curies":[{"name":"wp","href":"https:\/\/api.w.org\/{rel}","templated":true}]}}