{"id":6220,"date":"2024-01-24T06:59:56","date_gmt":"2024-01-24T06:59:56","guid":{"rendered":"https:\/\/www.basqueeducational.org\/?page_id=6220"},"modified":"2025-05-01T05:22:57","modified_gmt":"2025-05-01T05:22:57","slug":"las-buenas-companias-in-the-company-of-women","status":"publish","type":"page","link":"https:\/\/www.basqueeducational.org\/fr\/movies-in-our-collection\/las-buenas-companias-in-the-company-of-women\/","title":{"rendered":"Las Buenas Compa\u00f1\u00edas \/ En compagnie des femmes"},"content":{"rendered":"<div class=\"wpb-content-wrapper\"><div class=\"vc_row wpb_row vc_row-fluid gradient-container-1\"><div class=\"gradient-column-1 wpb_column vc_column_container vc_col-sm-12\"><div class=\"vc_column-inner\"><div class=\"wpb_wrapper\">\n\t<div class=\"wpb_text_column wpb_content_element\" >\n\t\t<div class=\"wpb_wrapper\">\n\t\t\t<p><!--more--><\/p>\n\n\t\t<\/div>\n\t<\/div>\n\n\t<div class=\"wpb_text_column wpb_content_element\" >\n\t\t<div class=\"wpb_wrapper\">\n\t\t\t<h5>SYNOPSIS :<\/h5>\n<p><span style=\"font-weight: 400;\">Et\u00e9 1977. Bea a 16 ans et rejoint le vent de changement qui souffle sur le pays ; elle collabore avec un groupe de femmes pour les sensibiliser \u00e0 la cause f\u00e9ministe et les aider \u00e0 avorter dans des conditions d\u00e9centes. La r\u00e9volte qui bouillonne dans son sang va se m\u00ealer \u00e0 un sentiment inattendu et bouleverser sa vie : elle tombe amoureuse d'une fille un peu plus \u00e2g\u00e9e qu'elle et de bonne famille. Ce qu'elle ne sait pas, c'est que cette myst\u00e9rieuse fille, Miren, a un secret qui va catapulter Bea directement dans le monde douloureux des adultes. <\/span><\/p>\n<p><span style=\"font-weight: 400;\">2023 - Festival international du film de Saint-S\u00e9bastien - 71e \u00e9dition.<\/span><\/p>\n<p><em><span style=\"font-weight: 400;\">2023, r\u00e9alis\u00e9 par Silvia Munt, 94 minutes, couleur, en euskara et espagnol sous-titr\u00e9 en anglais<\/span><\/em><\/p>\n\n\t\t<\/div>\n\t<\/div>\n<div class=\"vc_separator wpb_content_element vc_separator_align_center vc_sep_width_100 vc_sep_pos_align_center vc_separator_no_text vc_sep_color_grey wpb_content_element  wpb_content_element\" ><span class=\"vc_sep_holder vc_sep_holder_l\"><span class=\"vc_sep_line\"><\/span><\/span><span class=\"vc_sep_holder vc_sep_holder_r\"><span class=\"vc_sep_line\"><\/span><\/span>\n<\/div>\n\t<div class=\"wpb_video_widget wpb_content_element vc_clearfix   vc_video-aspect-ratio-169 vc_video-el-width-100 vc_video-align-left\" >\n\t\t<div class=\"wpb_wrapper\">\n\t\t\t\n\t\t\t<div class=\"wpb_video_wrapper\"><div class=\"jetpack-video-wrapper\"><span class=\"embed-youtube\" style=\"text-align:center; display: block;\"><iframe class=\"youtube-player\" width=\"700\" height=\"394\" src=\"https:\/\/www.youtube.com\/embed\/1rgrbJ6G4Ks?version=3&#038;rel=1&#038;showsearch=0&#038;showinfo=1&#038;iv_load_policy=1&#038;fs=1&#038;hl=fr-FR&#038;autohide=2&#038;wmode=transparent\" allowfullscreen=\"true\" style=\"border:0;\" sandbox=\"allow-scripts allow-same-origin allow-popups allow-presentation allow-popups-to-escape-sandbox\"><\/iframe><\/span><\/div><\/div>\n\t\t<\/div>\n\t<\/div>\n<\/div><\/div><\/div><\/div><div class=\"vc_row wpb_row vc_row-fluid gradient-container-2\"><div class=\"gradient-column-2 wpb_column vc_column_container vc_col-sm-3\"><div class=\"vc_column-inner\"><div class=\"wpb_wrapper\">\n\t<div  class=\"wpb_single_image wpb_content_element vc_align_center wpb_content_element\">\n\t\t\n\t\t<figure class=\"wpb_wrapper vc_figure\">\n\t\t\t<div class=\"vc_single_image-wrapper   vc_box_border_grey\"><img decoding=\"async\" width=\"150\" height=\"150\" src=\"https:\/\/www.basqueeducational.org\/wp-content\/uploads\/2024\/01\/las-buenas-director-150x150.png\" class=\"vc_single_image-img attachment-thumbnail\" alt=\"\" title=\"las buenas director\" srcset=\"https:\/\/www.basqueeducational.org\/wp-content\/uploads\/2024\/01\/las-buenas-director-150x150.png 150w, https:\/\/www.basqueeducational.org\/wp-content\/uploads\/2024\/01\/las-buenas-director-300x300.png 300w, https:\/\/www.basqueeducational.org\/wp-content\/uploads\/2024\/01\/las-buenas-director-348x348.png 348w, https:\/\/www.basqueeducational.org\/wp-content\/uploads\/2024\/01\/las-buenas-director-354x354.png 354w, https:\/\/www.basqueeducational.org\/wp-content\/uploads\/2024\/01\/las-buenas-director-100x100.png 100w, https:\/\/www.basqueeducational.org\/wp-content\/uploads\/2024\/01\/las-buenas-director.png 400w\" sizes=\"(max-width: 150px) 100vw, 150px\" \/><\/div>\n\t\t<\/figure>\n\t<\/div>\n<\/div><\/div><\/div><div class=\"gradient-column-3 wpb_column vc_column_container vc_col-sm-9\"><div class=\"vc_column-inner\"><div class=\"wpb_wrapper\">\n\t<div class=\"wpb_text_column wpb_content_element\" >\n\t\t<div class=\"wpb_wrapper\">\n\t\t\t<h5>A propos de la directrice - SILVIA MUNT<\/h5>\n<p><span style=\"font-weight: 400;\">Les films marquants dans lesquels Silvia Munt (Barcelone, Espagne. 1957) en tant qu'actrice sont La pla\u00e7a del diamant \/ Le temps des colombes (Francesc Betriu, 1981), Sal gorda (Gros sel, Fernando Trueba, 1983), Alas de mariposa \/ Les ailes du papillon (Juanma Bajo Ulloa, 1991) Golden Shell in San Sebastian, pour lequel elle a \u00e9galement re\u00e7u le Goya de la meilleure actrice, La pasi\u00f3n turca (Vicente Aranda, 1994) et Secretos del coraz\u00f3n \/ Secrets du c\u0153ur (Montxo Armendariz, Made in Spanish, 1996). En 2003, elle r\u00e9alise son premier long m\u00e9trage, le documentaire Elena Dimitrievna Diakonova Gala (Made in Spain), suivi de sa premi\u00e8re fiction, Pretextos \/ Pr\u00e9textes (2007), Biznaga d'argent du meilleur r\u00e9alisateur \u00e0 Malaga, festival auquel elle participe \u00e0 nouveau avec Las buenas compa\u00f1\u00edas \/ En compagnie de femmes. Elle a \u00e9t\u00e9 membre du jury officiel en 2003.<\/span><\/p>\n\n\t\t<\/div>\n\t<\/div>\n<\/div><\/div><\/div><\/div>\n<\/div>","protected":false},"excerpt":{"rendered":"SYNOPSIS: Summer 1977. Bea is 16 and joins the winds of change blowing through the country; she collaborates with a group of women to raise awareness of the feminist cause [...]","protected":false},"author":1,"featured_media":6222,"parent":2567,"menu_order":3,"comment_status":"closed","ping_status":"closed","template":"","meta":{"give_campaign_id":0,"_tec_requires_first_save":true,"_exactmetrics_skip_tracking":false,"_exactmetrics_sitenote_active":false,"_exactmetrics_sitenote_note":"","_exactmetrics_sitenote_category":0,"_price":"","_stock":"","_tribe_ticket_header":"","_tribe_default_ticket_provider":"","_tribe_ticket_capacity":"0","_ticket_start_date":"","_ticket_end_date":"","_tribe_ticket_show_description":"","_tribe_ticket_show_not_going":false,"_tribe_ticket_use_global_stock":"","_tribe_ticket_global_stock_level":"","_global_stock_mode":"","_global_stock_cap":"","_tribe_rsvp_for_event":"","_tribe_ticket_going_count":"","_tribe_ticket_not_going_count":"","_tribe_tickets_list":"[]","_tribe_ticket_has_attendee_info_fields":false,"_EventAllDay":false,"_EventTimezone":"","_EventStartDate":"","_EventEndDate":"","_EventStartDateUTC":"","_EventEndDateUTC":"","_EventShowMap":false,"_EventShowMapLink":false,"_EventURL":"","_EventCost":"","_EventCostDescription":"","_EventCurrencySymbol":"","_EventCurrencyCode":"","_EventCurrencyPosition":"","_EventDateTimeSeparator":"","_EventTimeRangeSeparator":"","_EventOrganizerID":[],"_EventVenueID":[],"_OrganizerEmail":"","_OrganizerPhone":"","_OrganizerWebsite":"","_VenueAddress":"","_VenueCity":"","_VenueCountry":"","_VenueProvince":"","_VenueState":"","_VenueZip":"","_VenuePhone":"","_VenueURL":"","_VenueStateProvince":"","_VenueLat":"","_VenueLng":"","_VenueShowMap":false,"_VenueShowMapLink":false,"_tribe_blocks_recurrence_rules":"","_tribe_blocks_recurrence_description":"","_tribe_blocks_recurrence_exclusions":"","jetpack_post_was_ever_published":false,"footnotes":""},"class_list":["post-6220","page","type-page","status-publish","has-post-thumbnail","hentry"],"campaignId":"","jetpack_sharing_enabled":false,"jetpack_shortlink":"https:\/\/wp.me\/PaFejT-1Ck","_links":{"self":[{"href":"https:\/\/www.basqueeducational.org\/fr\/wp-json\/wp\/v2\/pages\/6220","targetHints":{"allow":["GET"]}}],"collection":[{"href":"https:\/\/www.basqueeducational.org\/fr\/wp-json\/wp\/v2\/pages"}],"about":[{"href":"https:\/\/www.basqueeducational.org\/fr\/wp-json\/wp\/v2\/types\/page"}],"author":[{"embeddable":true,"href":"https:\/\/www.basqueeducational.org\/fr\/wp-json\/wp\/v2\/users\/1"}],"replies":[{"embeddable":true,"href":"https:\/\/www.basqueeducational.org\/fr\/wp-json\/wp\/v2\/comments?post=6220"}],"version-history":[{"count":5,"href":"https:\/\/www.basqueeducational.org\/fr\/wp-json\/wp\/v2\/pages\/6220\/revisions"}],"predecessor-version":[{"id":8243,"href":"https:\/\/www.basqueeducational.org\/fr\/wp-json\/wp\/v2\/pages\/6220\/revisions\/8243"}],"up":[{"embeddable":true,"href":"https:\/\/www.basqueeducational.org\/fr\/wp-json\/wp\/v2\/pages\/2567"}],"wp:featuredmedia":[{"embeddable":true,"href":"https:\/\/www.basqueeducational.org\/fr\/wp-json\/wp\/v2\/media\/6222"}],"wp:attachment":[{"href":"https:\/\/www.basqueeducational.org\/fr\/wp-json\/wp\/v2\/media?parent=6220"}],"curies":[{"name":"wp","href":"https:\/\/api.w.org\/{rel}","templated":true}]}}