{"id":6680,"date":"2024-05-21T02:46:13","date_gmt":"2024-05-21T02:46:13","guid":{"rendered":"https:\/\/www.basqueeducational.org\/?page_id=6680"},"modified":"2025-11-22T20:39:10","modified_gmt":"2025-11-22T20:39:10","slug":"home-page-2024","status":"publish","type":"page","link":"https:\/\/www.basqueeducational.org\/fr\/","title":{"rendered":"page d'accueil"},"content":{"rendered":"<div class=\"wp-block-cover alignfull has-parallax zeko-hero\" style=\"min-height:630px;aspect-ratio:unset;\"><div class=\"wp-block-cover__image-background wp-image-6692 has-parallax\" style=\"background-position:50% 50%;background-image:url(https:\/\/www.basqueeducational.org\/wp-content\/uploads\/2024\/05\/txalaparta-bw-1.png)\"><\/div><span aria-hidden=\"true\" class=\"wp-block-cover__background has-gray-background-color has-background-dim-10 has-background-dim\"><\/span><div class=\"wp-block-cover__inner-container is-layout-flow wp-block-cover-is-layout-flow\">\n<div class=\"wp-block-group wrap hero-container-outer\"><div class=\"wp-block-group__inner-container is-layout-flow wp-block-group-is-layout-flow\">\n<div class=\"wp-block-group hero-container-inner has-white-color has-text-color\"><div class=\"wp-block-group__inner-container is-layout-flow wp-block-group-is-layout-flow\">\n<div class=\"wp-block-group hero-container-inner has-white-color has-text-color\"><div class=\"wp-block-group__inner-container is-layout-flow wp-block-group-is-layout-flow\">\n<h1 class=\"wp-block-heading has-white-color has-text-color has-link-color wp-elements-e5a404cb6a564c1cddbe4916380b7fe4\" style=\"font-size:61px\">CREATIVITY \u00e9duque et inspire. Notre objectif est de maintenir la conversation vivante.<\/h1>\n\n\n\n<p>L'ORGANISATION \u00c9DUCATIVE BASQUE<\/p>\n\n\n\n<div class=\"wp-block-buttons is-layout-flex wp-block-buttons-is-layout-flex\" style=\"font-style:normal;font-weight:700;text-transform:uppercase\">\n<div class=\"wp-block-button\"><a class=\"wp-block-button__link has-white-color has-strong-red-background-color has-text-color has-background wp-element-button\" href=\"https:\/\/www.basqueeducational.org\/support-the-beo\/\">FAIRE UN DON AUJOURD'HUI<\/a><\/div>\n<\/div>\n<\/div><\/div>\n<\/div><\/div>\n<\/div><\/div>\n<\/div><\/div>\n\n\n\n<div class=\"wp-block-columns zeko-info is-layout-flex wp-container-core-columns-is-layout-9d6595d7 wp-block-columns-is-layout-flex\">\n<div class=\"wp-block-column is-layout-flow wp-block-column-is-layout-flow\">\n<figure class=\"wp-block-image size-full is-resized\"><img fetchpriority=\"high\" decoding=\"async\" width=\"574\" height=\"423\" src=\"https:\/\/www.basqueeducational.org\/wp-content\/uploads\/2025\/11\/Home-page-panel-1-bw.png\" alt=\"\" class=\"wp-image-8905\" style=\"width:536px;height:auto\" srcset=\"https:\/\/www.basqueeducational.org\/wp-content\/uploads\/2025\/11\/Home-page-panel-1-bw.png 574w, https:\/\/www.basqueeducational.org\/wp-content\/uploads\/2025\/11\/Home-page-panel-1-bw-300x221.png 300w, https:\/\/www.basqueeducational.org\/wp-content\/uploads\/2025\/11\/Home-page-panel-1-bw-16x12.png 16w, https:\/\/www.basqueeducational.org\/wp-content\/uploads\/2025\/11\/Home-page-panel-1-bw-348x256.png 348w, https:\/\/www.basqueeducational.org\/wp-content\/uploads\/2025\/11\/Home-page-panel-1-bw-354x261.png 354w\" sizes=\"(max-width: 574px) 100vw, 574px\" \/><\/figure>\n<\/div>\n\n\n\n<div class=\"wp-block-column is-vertically-aligned-center is-layout-flow wp-block-column-is-layout-flow\">\n<hr class=\"wp-block-separator has-text-color has-strong-red-color has-css-opacity has-strong-red-background-color has-background is-style-default\"\/>\n\n\n\n<h2 class=\"wp-block-heading has-large-font-size\">EXPLOREZ.<\/h2>\n\n\n\n<p>Les moments significatifs sont cr\u00e9\u00e9s lorsque l'on est pr\u00eat \u00e0 partager sa propre version d'une exp\u00e9rience avec amour et passion. Les livres que nous lisons, les films que nous regardons, la musique que nous \u00e9coutons, la nourriture que nous mangeons, les bijoux que nous portons, les tableaux que nous accrochons, les photos que nous prenons, les lettres que nous \u00e9crivons, les instruments dont nous jouons - tout cela demande du courage. Nous nous concentrons sur la cr\u00e9ativit\u00e9 et ses cr\u00e9ateurs.<\/p>\n\n\n\n<div class=\"wp-block-buttons is-layout-flex wp-block-buttons-is-layout-flex\">\n<div class=\"wp-block-button is-style-fill\"><a class=\"wp-block-button__link has-white-color has-strong-red-background-color has-text-color has-background has-link-color wp-element-button\" href=\"https:\/\/www.basqueeducational.org\/explore-the-beo\/\" target=\"_blank\" rel=\"noreferrer noopener\">EXPLOREZ ce que nous avons et les personnes que nous avons rencontr\u00e9es.<\/a><\/div>\n<\/div>\n<\/div>\n<\/div>\n\n\n\n<hr class=\"wp-block-separator has-text-color has-alpha-channel-opacity has-background is-style-wide\" style=\"background-color:#e3e2e2;color:#e3e2e2\"\/>\n\n\n\n<div class=\"wp-block-columns zeko-info is-layout-flex wp-container-core-columns-is-layout-9d6595d7 wp-block-columns-is-layout-flex\">\n<div class=\"wp-block-column is-vertically-aligned-center is-layout-flow wp-block-column-is-layout-flow\">\n<hr class=\"wp-block-separator has-text-color has-strong-red-color has-css-opacity has-strong-red-background-color has-background is-style-default\"\/>\n\n\n\n<h2 class=\"wp-block-heading has-large-font-size\">PARTICIPEZ.<\/h2>\n\n\n\n<p>Parler. \u00c9couter. Poser des questions. Fa\u00e7onner les opinions. Faire \u00e9voluer les esprits. Se comprendre les uns les autres. Offrir une perspective. C'est ce que la cr\u00e9ativit\u00e9 incite \u00e0 faire, c'est ainsi que nous apprenons et c'est l\u00e0 que nous poursuivons la conversation. Notre objectif est de cr\u00e9er des espaces s\u00fbrs pour ces discussions.<\/p>\n\n\n\n<div class=\"wp-block-buttons is-layout-flex wp-block-buttons-is-layout-flex\">\n<div class=\"wp-block-button\"><a class=\"wp-block-button__link has-white-color has-strong-red-background-color has-text-color has-background has-link-color wp-element-button\" href=\"https:\/\/www.basqueeducational.org\/learn-with-the-beo\/\" target=\"_blank\" rel=\"noreferrer noopener\">Apprenez avec nous.<\/a><\/div>\n<\/div>\n<\/div>\n\n\n\n<div class=\"wp-block-column is-layout-flow wp-block-column-is-layout-flow\">\n<figure class=\"wp-block-image size-full\"><img decoding=\"async\" width=\"574\" height=\"423\" src=\"https:\/\/www.basqueeducational.org\/wp-content\/uploads\/2025\/11\/Home-page-panel-2-bw-1.png\" alt=\"\" class=\"wp-image-8908\" srcset=\"https:\/\/www.basqueeducational.org\/wp-content\/uploads\/2025\/11\/Home-page-panel-2-bw-1.png 574w, https:\/\/www.basqueeducational.org\/wp-content\/uploads\/2025\/11\/Home-page-panel-2-bw-1-300x221.png 300w, https:\/\/www.basqueeducational.org\/wp-content\/uploads\/2025\/11\/Home-page-panel-2-bw-1-16x12.png 16w, https:\/\/www.basqueeducational.org\/wp-content\/uploads\/2025\/11\/Home-page-panel-2-bw-1-348x256.png 348w, https:\/\/www.basqueeducational.org\/wp-content\/uploads\/2025\/11\/Home-page-panel-2-bw-1-354x261.png 354w\" sizes=\"(max-width: 574px) 100vw, 574px\" \/><\/figure>\n<\/div>\n<\/div>\n\n\n\n<hr class=\"wp-block-separator has-text-color has-alpha-channel-opacity has-background is-style-wide\" style=\"background-color:#e3e2e2;color:#e3e2e2\"\/>\n\n\n\n<div class=\"wp-block-columns zeko-info is-layout-flex wp-container-core-columns-is-layout-9d6595d7 wp-block-columns-is-layout-flex\">\n<div class=\"wp-block-column is-layout-flow wp-block-column-is-layout-flow\">\n<figure class=\"wp-block-image size-full is-resized\"><img decoding=\"async\" width=\"574\" height=\"423\" src=\"https:\/\/www.basqueeducational.org\/wp-content\/uploads\/2025\/11\/Home-page-panel-3-bw.png\" alt=\"\" class=\"wp-image-8907\" style=\"width:536px;height:auto\" srcset=\"https:\/\/www.basqueeducational.org\/wp-content\/uploads\/2025\/11\/Home-page-panel-3-bw.png 574w, https:\/\/www.basqueeducational.org\/wp-content\/uploads\/2025\/11\/Home-page-panel-3-bw-300x221.png 300w, https:\/\/www.basqueeducational.org\/wp-content\/uploads\/2025\/11\/Home-page-panel-3-bw-16x12.png 16w, https:\/\/www.basqueeducational.org\/wp-content\/uploads\/2025\/11\/Home-page-panel-3-bw-348x256.png 348w, https:\/\/www.basqueeducational.org\/wp-content\/uploads\/2025\/11\/Home-page-panel-3-bw-354x261.png 354w\" sizes=\"(max-width: 574px) 100vw, 574px\" \/><\/figure>\n<\/div>\n\n\n\n<div class=\"wp-block-column is-vertically-aligned-center is-layout-flow wp-block-column-is-layout-flow\">\n<hr class=\"wp-block-separator has-text-color has-strong-red-color has-css-opacity has-strong-red-background-color has-background is-style-default\"\/>\n\n\n\n<h2 class=\"wp-block-heading has-large-font-size\">D\u00c9COUVRIR.<\/h2>\n\n\n\n<p>L'\u00e9ducation est litt\u00e9ralement notre deuxi\u00e8me pr\u00e9nom, mais il ne s'agit pas seulement d'enseigner ; il s'agit aussi de faire preuve d'esprit critique, d'\u00e9couter et de nourrir. Il s'agit d'offrir des possibilit\u00e9s de partage, de discussion et d'inspiration. C'est l\u00e0 notre principale responsabilit\u00e9.<\/p>\n\n\n\n<div class=\"wp-block-buttons is-layout-flex wp-block-buttons-is-layout-flex\">\n<div class=\"wp-block-button\"><a class=\"wp-block-button__link has-white-color has-strong-red-background-color has-text-color has-background has-link-color wp-element-button\" href=\"https:\/\/www.basqueeducational.org\/discover-beo-opportunities\/\" target=\"_blank\" rel=\"noreferrer noopener\">D\u00c9COUVREZ NOS POSSIBILIT\u00c9S DE SUBVENTIONS.<\/a><\/div>\n<\/div>\n<\/div>\n<\/div>\n\n\n\n<hr class=\"wp-block-separator has-css-opacity is-style-wide\"\/>\n\n\n\n<div class=\"wp-block-group zeko-info\"><div class=\"wp-block-group__inner-container is-layout-flow wp-block-group-is-layout-flow\">\n<hr class=\"wp-block-separator has-text-color has-strong-red-color has-css-opacity has-strong-red-background-color has-background\"\/>\n\n\n\n<h1 class=\"wp-block-heading\">CE QUI NOUS PASSIONNE<\/h1>\n<\/div><\/div>\n\n\n\n<div class=\"wp-block-query is-layout-flow wp-block-query-is-layout-flow\"><ul class=\"columns-3 wp-block-post-template is-layout-grid wp-container-core-post-template-is-layout-2fc57c17 wp-block-post-template-is-layout-grid\"><li class=\"wp-block-post post-9459 post type-post status-publish format-standard has-post-thumbnail hentry category-latest-beo-news\">\n\n<div class=\"wp-block-group\" style=\"padding-top:0px;padding-right:0px;padding-bottom:0px;padding-left:0px\"><div class=\"wp-block-group__inner-container is-layout-flow wp-block-group-is-layout-flow\"><figure class=\"wp-block-post-featured-image\"><a href=\"https:\/\/www.basqueeducational.org\/fr\/the-little-free-basque-library-program\/\" target=\"_self\"  ><img loading=\"lazy\" decoding=\"async\" width=\"751\" height=\"500\" src=\"https:\/\/www.basqueeducational.org\/wp-content\/uploads\/2026\/03\/the-little-free-library-program.png\" class=\"attachment-post-thumbnail size-post-thumbnail wp-post-image\" alt=\"THE LITTLE FREE BASQUE LIBRARY PROGRAM\" style=\"object-fit:cover;\" srcset=\"https:\/\/www.basqueeducational.org\/wp-content\/uploads\/2026\/03\/the-little-free-library-program.png 751w, https:\/\/www.basqueeducational.org\/wp-content\/uploads\/2026\/03\/the-little-free-library-program-300x200.png 300w, https:\/\/www.basqueeducational.org\/wp-content\/uploads\/2026\/03\/the-little-free-library-program-18x12.png 18w, https:\/\/www.basqueeducational.org\/wp-content\/uploads\/2026\/03\/the-little-free-library-program-700x466.png 700w, https:\/\/www.basqueeducational.org\/wp-content\/uploads\/2026\/03\/the-little-free-library-program-348x232.png 348w, https:\/\/www.basqueeducational.org\/wp-content\/uploads\/2026\/03\/the-little-free-library-program-354x236.png 354w, https:\/\/www.basqueeducational.org\/wp-content\/uploads\/2026\/03\/the-little-free-library-program-600x399.png 600w\" sizes=\"(max-width: 751px) 100vw, 751px\" \/><\/a><\/figure>\n\n\n<div class=\"wp-block-group zeko-recent-post\"><div class=\"wp-block-group__inner-container is-layout-flow wp-block-group-is-layout-flow\"><h2 class=\"wp-block-post-title\"><a href=\"https:\/\/www.basqueeducational.org\/fr\/the-little-free-basque-library-program\/\" target=\"_self\" >LE PROGRAMME DE LA PETITE BIBLIOTH\u00c8QUE BASQUE GRATUITE<\/a><\/h2>\n\n<div class=\"wp-block-post-excerpt\"><p class=\"wp-block-post-excerpt__excerpt\">Nous sommes ravis de mettre en place la Petite Biblioth\u00e8que Libre et de partager les livres que nous avons... <\/p><\/div><\/div><\/div>\n<\/div><\/div>\n\n<\/li><li class=\"wp-block-post post-9401 post type-post status-publish format-standard has-post-thumbnail hentry category-latest-beo-news\">\n\n<div class=\"wp-block-group\" style=\"padding-top:0px;padding-right:0px;padding-bottom:0px;padding-left:0px\"><div class=\"wp-block-group__inner-container is-layout-flow wp-block-group-is-layout-flow\"><figure class=\"wp-block-post-featured-image\"><a href=\"https:\/\/www.basqueeducational.org\/fr\/our-2026-basque-film-series\/\" target=\"_self\"  ><img loading=\"lazy\" decoding=\"async\" width=\"2560\" height=\"1707\" src=\"https:\/\/www.basqueeducational.org\/wp-content\/uploads\/2025\/11\/basque-film-series-1-scaled.png\" class=\"attachment-post-thumbnail size-post-thumbnail wp-post-image\" alt=\"THE BASQUE FILM SERIES\" style=\"object-fit:cover;\" srcset=\"https:\/\/www.basqueeducational.org\/wp-content\/uploads\/2025\/11\/basque-film-series-1-scaled.png 2560w, https:\/\/www.basqueeducational.org\/wp-content\/uploads\/2025\/11\/basque-film-series-1-300x200.png 300w, https:\/\/www.basqueeducational.org\/wp-content\/uploads\/2025\/11\/basque-film-series-1-1024x683.png 1024w, https:\/\/www.basqueeducational.org\/wp-content\/uploads\/2025\/11\/basque-film-series-1-768x512.png 768w, https:\/\/www.basqueeducational.org\/wp-content\/uploads\/2025\/11\/basque-film-series-1-1536x1024.png 1536w, https:\/\/www.basqueeducational.org\/wp-content\/uploads\/2025\/11\/basque-film-series-1-2048x1365.png 2048w, https:\/\/www.basqueeducational.org\/wp-content\/uploads\/2025\/11\/basque-film-series-1-18x12.png 18w, https:\/\/www.basqueeducational.org\/wp-content\/uploads\/2025\/11\/basque-film-series-1-700x467.png 700w, https:\/\/www.basqueeducational.org\/wp-content\/uploads\/2025\/11\/basque-film-series-1-900x600.png 900w, https:\/\/www.basqueeducational.org\/wp-content\/uploads\/2025\/11\/basque-film-series-1-348x232.png 348w, https:\/\/www.basqueeducational.org\/wp-content\/uploads\/2025\/11\/basque-film-series-1-354x236.png 354w, https:\/\/www.basqueeducational.org\/wp-content\/uploads\/2025\/11\/basque-film-series-1-600x400.png 600w\" sizes=\"(max-width: 2560px) 100vw, 2560px\" \/><\/a><\/figure>\n\n\n<div class=\"wp-block-group zeko-recent-post\"><div class=\"wp-block-group__inner-container is-layout-flow wp-block-group-is-layout-flow\"><h2 class=\"wp-block-post-title\"><a href=\"https:\/\/www.basqueeducational.org\/fr\/our-2026-basque-film-series\/\" target=\"_self\" >LA S\u00c9RIE DE FILMS BASQUES<\/a><\/h2>\n\n<div class=\"wp-block-post-excerpt\"><p class=\"wp-block-post-excerpt__excerpt\">Cette ann\u00e9e, nous avons une liste impressionnante de sujets, de lieux et de r\u00e9unions. <\/p><\/div><\/div><\/div>\n<\/div><\/div>\n\n<\/li><li class=\"wp-block-post post-9404 post type-post status-publish format-standard has-post-thumbnail hentry category-latest-beo-news\">\n\n<div class=\"wp-block-group\" style=\"padding-top:0px;padding-right:0px;padding-bottom:0px;padding-left:0px\"><div class=\"wp-block-group__inner-container is-layout-flow wp-block-group-is-layout-flow\"><figure class=\"wp-block-post-featured-image\"><a href=\"https:\/\/www.basqueeducational.org\/fr\/the-2026-grant-programs\/\" target=\"_self\"  ><img loading=\"lazy\" decoding=\"async\" width=\"2560\" height=\"1707\" src=\"https:\/\/www.basqueeducational.org\/wp-content\/uploads\/2025\/11\/creators-fund-scaled.png\" class=\"attachment-post-thumbnail size-post-thumbnail wp-post-image\" alt=\"THE GRANT PROGRAMS\" style=\"object-fit:cover;\" srcset=\"https:\/\/www.basqueeducational.org\/wp-content\/uploads\/2025\/11\/creators-fund-scaled.png 2560w, https:\/\/www.basqueeducational.org\/wp-content\/uploads\/2025\/11\/creators-fund-300x200.png 300w, https:\/\/www.basqueeducational.org\/wp-content\/uploads\/2025\/11\/creators-fund-1024x683.png 1024w, https:\/\/www.basqueeducational.org\/wp-content\/uploads\/2025\/11\/creators-fund-768x512.png 768w, https:\/\/www.basqueeducational.org\/wp-content\/uploads\/2025\/11\/creators-fund-1536x1024.png 1536w, https:\/\/www.basqueeducational.org\/wp-content\/uploads\/2025\/11\/creators-fund-2048x1365.png 2048w, https:\/\/www.basqueeducational.org\/wp-content\/uploads\/2025\/11\/creators-fund-18x12.png 18w, https:\/\/www.basqueeducational.org\/wp-content\/uploads\/2025\/11\/creators-fund-700x467.png 700w, https:\/\/www.basqueeducational.org\/wp-content\/uploads\/2025\/11\/creators-fund-900x600.png 900w, https:\/\/www.basqueeducational.org\/wp-content\/uploads\/2025\/11\/creators-fund-348x232.png 348w, https:\/\/www.basqueeducational.org\/wp-content\/uploads\/2025\/11\/creators-fund-354x236.png 354w, https:\/\/www.basqueeducational.org\/wp-content\/uploads\/2025\/11\/creators-fund-600x400.png 600w\" sizes=\"(max-width: 2560px) 100vw, 2560px\" \/><\/a><\/figure>\n\n\n<div class=\"wp-block-group zeko-recent-post\"><div class=\"wp-block-group__inner-container is-layout-flow wp-block-group-is-layout-flow\"><h2 class=\"wp-block-post-title\"><a href=\"https:\/\/www.basqueeducational.org\/fr\/the-2026-grant-programs\/\" target=\"_self\" >LES PROGRAMMES DE SUBVENTIONS<\/a><\/h2>\n\n<div class=\"wp-block-post-excerpt\"><p class=\"wp-block-post-excerpt__excerpt\">Nous lan\u00e7ons tr\u00e8s prochainement notre deuxi\u00e8me proc\u00e9dure annuelle de demande de subvention. <\/p><\/div><\/div><\/div>\n<\/div><\/div>\n\n<\/li><\/ul><\/div>\n\n\n\n<p><\/p>","protected":false},"excerpt":{"rendered":"<p>EXPLORE. Meaningful moments are created when one is willing to share one\u2019s version of an experience with both love and passion. The books we read, the movies we watch, the [&hellip;]<\/p>\n","protected":false},"author":1,"featured_media":6683,"parent":0,"menu_order":0,"comment_status":"closed","ping_status":"closed","template":"templates\/zeko-blocks.php","meta":{"give_campaign_id":0,"_tec_requires_first_save":true,"_exactmetrics_skip_tracking":false,"_exactmetrics_sitenote_active":false,"_exactmetrics_sitenote_note":"","_exactmetrics_sitenote_category":0,"_price":"","_stock":"","_tribe_ticket_header":"","_tribe_default_ticket_provider":"","_tribe_ticket_capacity":"0","_ticket_start_date":"","_ticket_end_date":"","_tribe_ticket_show_description":"","_tribe_ticket_show_not_going":false,"_tribe_ticket_use_global_stock":"","_tribe_ticket_global_stock_level":"","_global_stock_mode":"","_global_stock_cap":"","_tribe_rsvp_for_event":"","_tribe_ticket_going_count":"","_tribe_ticket_not_going_count":"","_tribe_tickets_list":"[]","_tribe_ticket_has_attendee_info_fields":false,"_EventAllDay":false,"_EventTimezone":"","_EventStartDate":"","_EventEndDate":"","_EventStartDateUTC":"","_EventEndDateUTC":"","_EventShowMap":false,"_EventShowMapLink":false,"_EventURL":"","_EventCost":"","_EventCostDescription":"","_EventCurrencySymbol":"","_EventCurrencyCode":"","_EventCurrencyPosition":"","_EventDateTimeSeparator":"","_EventTimeRangeSeparator":"","_EventOrganizerID":[],"_EventVenueID":[],"_OrganizerEmail":"","_OrganizerPhone":"","_OrganizerWebsite":"","_VenueAddress":"","_VenueCity":"","_VenueCountry":"","_VenueProvince":"","_VenueState":"","_VenueZip":"","_VenuePhone":"","_VenueURL":"","_VenueStateProvince":"","_VenueLat":"","_VenueLng":"","_VenueShowMap":false,"_VenueShowMapLink":false,"_tribe_blocks_recurrence_rules":"","_tribe_blocks_recurrence_description":"","_tribe_blocks_recurrence_exclusions":"","jetpack_post_was_ever_published":false,"footnotes":""},"class_list":["post-6680","page","type-page","status-publish","has-post-thumbnail","hentry"],"campaignId":"","jetpack_sharing_enabled":true,"jetpack_shortlink":"https:\/\/wp.me\/PaFejT-1JK","_links":{"self":[{"href":"https:\/\/www.basqueeducational.org\/fr\/wp-json\/wp\/v2\/pages\/6680","targetHints":{"allow":["GET"]}}],"collection":[{"href":"https:\/\/www.basqueeducational.org\/fr\/wp-json\/wp\/v2\/pages"}],"about":[{"href":"https:\/\/www.basqueeducational.org\/fr\/wp-json\/wp\/v2\/types\/page"}],"author":[{"embeddable":true,"href":"https:\/\/www.basqueeducational.org\/fr\/wp-json\/wp\/v2\/users\/1"}],"replies":[{"embeddable":true,"href":"https:\/\/www.basqueeducational.org\/fr\/wp-json\/wp\/v2\/comments?post=6680"}],"version-history":[{"count":5,"href":"https:\/\/www.basqueeducational.org\/fr\/wp-json\/wp\/v2\/pages\/6680\/revisions"}],"predecessor-version":[{"id":8940,"href":"https:\/\/www.basqueeducational.org\/fr\/wp-json\/wp\/v2\/pages\/6680\/revisions\/8940"}],"wp:featuredmedia":[{"embeddable":true,"href":"https:\/\/www.basqueeducational.org\/fr\/wp-json\/wp\/v2\/media\/6683"}],"wp:attachment":[{"href":"https:\/\/www.basqueeducational.org\/fr\/wp-json\/wp\/v2\/media?parent=6680"}],"curies":[{"name":"wp","href":"https:\/\/api.w.org\/{rel}","templated":true}]}}