{"id":6916,"date":"2024-05-23T05:46:15","date_gmt":"2024-05-23T05:46:15","guid":{"rendered":"https:\/\/www.basqueeducational.org\/?page_id=6916"},"modified":"2026-04-24T11:55:41","modified_gmt":"2026-04-24T18:55:41","slug":"our-big-idea","status":"publish","type":"page","link":"https:\/\/www.basqueeducational.org\/fr\/our-big-idea\/","title":{"rendered":"NOTRE GRANDE ID\u00c9E"},"content":{"rendered":"<div class=\"wp-block-columns zeko-info is-layout-flex wp-container-core-columns-is-layout-9d6595d7 wp-block-columns-is-layout-flex\">\n<div class=\"wp-block-column is-vertically-aligned-center is-layout-flow wp-block-column-is-layout-flow\">\n<figure class=\"wp-block-image size-full is-resized\"><img fetchpriority=\"high\" decoding=\"async\" width=\"500\" height=\"500\" src=\"https:\/\/www.basqueeducational.org\/wp-content\/uploads\/2026\/03\/www-image-merkatia-e1777056393478.png\" alt=\"\" class=\"wp-image-9337\" style=\"width:522px;height:auto\"\/><\/figure>\n<\/div>\n\n\n\n<div class=\"wp-block-column is-layout-flow wp-block-column-is-layout-flow\">\n<hr class=\"wp-block-separator has-text-color has-strong-red-color has-css-opacity has-strong-red-background-color has-background is-style-default\"\/>\n\n\n\n<h2 class=\"wp-block-heading has-large-font-size\">VOUS SOUVENEZ-VOUS DE CE LIVRE ?<br>\u2190 <\/h2>\n\n\n\n<p class=\"has-strong-red-color has-text-color\">En 2022, le BEO a c\u00e9l\u00e9br\u00e9 les femmes des communaut\u00e9s basques aux \u00c9tats-Unis lors de notre Journ\u00e9e Culturelle Basque en octobre. Une partie de cette c\u00e9l\u00e9bration comprenait la cr\u00e9ation d'un livre pour vous, par vous. Entre la premi\u00e8re et la deuxi\u00e8me \u00e9dition de ce livre, plus de 150 personnes ont soumis une page (ou deux) c\u00e9l\u00e9brant les femmes de leur vie. <\/p>\n\n\n\n<p>Les histoires sont captivantes, les souvenirs sont beaux, et les femmes honor\u00e9es ici font d\u00e9sormais partie de nos vies, que nous les ayons connues ou que nous les connaissions.<\/p>\n\n\n\n<p>Nous pensons que chaque femme devrait avoir une page dans ce livre, et nous nous engageons dans cet effort jusqu'\u00e0 ce que nous honorions presque toutes les femmes. <\/p>\n\n\n\n<p>En route pour notre troisi\u00e8me \u00e9dition. Il n'est pas trop tard. Il n'est jamais trop tard.<\/p>\n\n\n\n<p>Tout aussi important, une partie des b\u00e9n\u00e9fices de cette initiative contribue \u00e0 financer notre Fonds d'autonomisation des femmes, un programme de subvention pour nos pionni\u00e8res actuelles. Vous pouvez en apprendre davantage \u00e0 ce sujet <a href=\"https:\/\/www.basqueeducational.org\/womens-empowerment-fund\/\" target=\"_blank\" rel=\"noreferrer noopener\">ici<\/a>.<\/p>\n\n\n\n<figure class=\"wp-block-image size-full\"><img decoding=\"async\" width=\"172\" height=\"59\" src=\"https:\/\/www.basqueeducational.org\/wp-content\/uploads\/2024\/05\/etch-signature-www-1.png\" alt=\"\" class=\"wp-image-6919\"\/><\/figure>\n\n\n\n<div class=\"wp-block-buttons is-layout-flex wp-block-buttons-is-layout-flex\">\n<div class=\"wp-block-button\"><a class=\"wp-block-button__link has-white-color has-strong-red-background-color has-text-color has-background has-link-color wp-element-button\" href=\"https:\/\/www.basqueeducational.org\/the-book-for-and-about-women\/\">FAISONS-LE<\/a><\/div>\n<\/div>\n<\/div>\n<\/div>","protected":false},"excerpt":{"rendered":"<p>DO YOU REMEMBER THIS BOOK?\u2190 In 2022, the BEO celebrated the women of the Basque communities in the U.S. during our Basque Cultural Day in October. A part of this [&hellip;]<\/p>\n","protected":false},"author":1,"featured_media":0,"parent":0,"menu_order":0,"comment_status":"closed","ping_status":"closed","template":"","meta":{"give_campaign_id":0,"_tec_requires_first_save":true,"_exactmetrics_skip_tracking":false,"_exactmetrics_sitenote_active":false,"_exactmetrics_sitenote_note":"","_exactmetrics_sitenote_category":0,"_price":"","_stock":"","_tribe_ticket_header":"","_tribe_default_ticket_provider":"","_tribe_ticket_capacity":"0","_ticket_start_date":"","_ticket_end_date":"","_tribe_ticket_show_description":"","_tribe_ticket_show_not_going":false,"_tribe_ticket_use_global_stock":"","_tribe_ticket_global_stock_level":"","_global_stock_mode":"","_global_stock_cap":"","_tribe_rsvp_for_event":"","_tribe_ticket_going_count":"","_tribe_ticket_not_going_count":"","_tribe_tickets_list":"[]","_tribe_ticket_has_attendee_info_fields":false,"_EventAllDay":false,"_EventTimezone":"","_EventStartDate":"","_EventEndDate":"","_EventStartDateUTC":"","_EventEndDateUTC":"","_EventShowMap":false,"_EventShowMapLink":false,"_EventURL":"","_EventCost":"","_EventCostDescription":"","_EventCurrencySymbol":"","_EventCurrencyCode":"","_EventCurrencyPosition":"","_EventDateTimeSeparator":"","_EventTimeRangeSeparator":"","_EventOrganizerID":[],"_EventVenueID":[],"_OrganizerEmail":"","_OrganizerPhone":"","_OrganizerWebsite":"","_VenueAddress":"","_VenueCity":"","_VenueCountry":"","_VenueProvince":"","_VenueState":"","_VenueZip":"","_VenuePhone":"","_VenueURL":"","_VenueStateProvince":"","_VenueLat":"","_VenueLng":"","_VenueShowMap":false,"_VenueShowMapLink":false,"_tribe_blocks_recurrence_rules":"","_tribe_blocks_recurrence_description":"","_tribe_blocks_recurrence_exclusions":"","footnotes":""},"class_list":["post-6916","page","type-page","status-publish","hentry"],"campaignId":"","jetpack_sharing_enabled":true,"jetpack_shortlink":"https:\/\/wp.me\/PaFejT-1Ny","_links":{"self":[{"href":"https:\/\/www.basqueeducational.org\/fr\/wp-json\/wp\/v2\/pages\/6916","targetHints":{"allow":["GET"]}}],"collection":[{"href":"https:\/\/www.basqueeducational.org\/fr\/wp-json\/wp\/v2\/pages"}],"about":[{"href":"https:\/\/www.basqueeducational.org\/fr\/wp-json\/wp\/v2\/types\/page"}],"author":[{"embeddable":true,"href":"https:\/\/www.basqueeducational.org\/fr\/wp-json\/wp\/v2\/users\/1"}],"replies":[{"embeddable":true,"href":"https:\/\/www.basqueeducational.org\/fr\/wp-json\/wp\/v2\/comments?post=6916"}],"version-history":[{"count":4,"href":"https:\/\/www.basqueeducational.org\/fr\/wp-json\/wp\/v2\/pages\/6916\/revisions"}],"predecessor-version":[{"id":9634,"href":"https:\/\/www.basqueeducational.org\/fr\/wp-json\/wp\/v2\/pages\/6916\/revisions\/9634"}],"wp:attachment":[{"href":"https:\/\/www.basqueeducational.org\/fr\/wp-json\/wp\/v2\/media?parent=6916"}],"curies":[{"name":"wp","href":"https:\/\/api.w.org\/{rel}","templated":true}]}}