{"id":8223,"date":"2025-05-01T04:32:50","date_gmt":"2025-05-01T04:32:50","guid":{"rendered":"https:\/\/www.basqueeducational.org\/?page_id=8223"},"modified":"2026-03-02T12:14:59","modified_gmt":"2026-03-02T20:14:59","slug":"las-pelotaris-hit-the-wall","status":"publish","type":"page","link":"https:\/\/www.basqueeducational.org\/fr\/movies-in-our-collection\/las-pelotaris-hit-the-wall\/","title":{"rendered":"DOUBLE-FILM : LAS PELOTARIS \/ HIT THE WALL"},"content":{"rendered":"<div class=\"wpb-content-wrapper\"><div class=\"vc_row wpb_row vc_row-fluid gradient-container-1\"><div class=\"gradient-column-1 wpb_column vc_column_container vc_col-sm-12\"><div class=\"vc_column-inner\"><div class=\"wpb_wrapper\">\n\t<div class=\"wpb_text_column wpb_content_element\" >\n\t\t<div class=\"wpb_wrapper\">\n\t\t\t<h5><\/h5>\n<p><!--more--><\/p>\n\n\t\t<\/div>\n\t<\/div>\n\n\t<div class=\"wpb_text_column wpb_content_element\" >\n\t\t<div class=\"wpb_wrapper\">\n\t\t\t<h5>LAS PELOTARIS :<\/h5>\n<div class=\"text-block\">\n<p><strong>Las pelotaris - A girls game\" est un court m\u00e9trage documentaire sur les femmes qui pratiquent la pelote basque.<br \/>\n<\/strong><span style=\"font-size: 1rem;\">C'est l'histoire d'un groupe de femmes enthousiastes qui tentent, au prix d'\u00e9normes sacrifices, de faire de leur mode de vie un sport pour lequel elles \u00e9prouvent une v\u00e9ritable passion : la pelote basque ou le Jai Alai. Malgr\u00e9 leurs exploits sur le terrain et dans les championnats, il leur est difficile d'\u00eatre reconnues dans un univers \u00e9troit, principalement r\u00e9gi par et pour les hommes.<\/span><\/p>\n<p><a href=\"https:\/\/laspelotaris.com\/en\/\" target=\"_blank\" rel=\"noopener\">REGARDEZ LA BANDE-ANNONCE ICI<\/a><\/p>\n<\/div>\n<div class=\"text-block\">\n<h5>HIT THE WALL :<\/h5>\n<div class=\"text-block\">\n<div class=\"ipc-metadata-list-item__content-container\">\n<div class=\"ipc-html-content ipc-html-content--base sc-751b889a-0 jjjyaj\" role=\"presentation\">\n<div class=\"ipc-html-content-inner-div\" role=\"presentation\">\n<div class=\"ipc-html-content ipc-html-content--base\" role=\"presentation\">\n<div class=\"ipc-html-content-inner-div\" role=\"presentation\">\n<p>Un nouveau documentaire explorant le monde du handball GAA, Hit the Wall suit nos athl\u00e8tes d'\u00e9lite \u00e0 travers les hauts et les bas de leur saison, montrant leur qu\u00eate incessante de l'excellence et la r\u00e9silience mentale unique requise pour concourir au plus haut niveau.<\/p>\n<p>Dans le paysage sportif irlandais, le handball est une \u00eele dans l'\u00eele. Autrefois tr\u00e8s populaire, il est tomb\u00e9 dans l'oubli. Aujourd'hui, la campagne est jonch\u00e9e d'all\u00e9es abandonn\u00e9es et de vieux murs croulants, vestiges d'un jeu autrefois grandiose dont le temps semble r\u00e9volu. Il reste moins de 10 000 joueurs. Ces athl\u00e8tes luttent pour l'immortalit\u00e9 dans un jeu que la plupart consid\u00e8rent comme \"mort\".<\/p>\n<p><a href=\"https:\/\/fb.watch\/ziICSi3oc6\/\" target=\"_blank\" rel=\"noopener\">REGARDEZ LA BANDE-ANNONCE ICI<\/a><\/p>\n<\/div>\n<\/div>\n<\/div>\n<\/div>\n<\/div>\n<\/div>\n<\/div>\n\n\t\t<\/div>\n\t<\/div>\n<div class=\"vc_separator wpb_content_element vc_separator_align_center vc_sep_width_100 vc_sep_pos_align_center vc_separator_no_text vc_sep_color_grey wpb_content_element  wpb_content_element\" ><span class=\"vc_sep_holder vc_sep_holder_l\"><span class=\"vc_sep_line\"><\/span><\/span><span class=\"vc_sep_holder vc_sep_holder_r\"><span class=\"vc_sep_line\"><\/span><\/span>\n<\/div><\/div><\/div><\/div><\/div>\n<\/div>","protected":false},"excerpt":{"rendered":"LAS PELOTARIS: \u2018Las pelotaris \u2013 A girls game\u2019 is a short documentary film about women who play the Basque sport of pelota. It is a story about a group of [...]","protected":false},"author":1,"featured_media":8228,"parent":2567,"menu_order":3,"comment_status":"closed","ping_status":"closed","template":"","meta":{"give_campaign_id":0,"_tec_requires_first_save":true,"_exactmetrics_skip_tracking":false,"_exactmetrics_sitenote_active":false,"_exactmetrics_sitenote_note":"","_exactmetrics_sitenote_category":0,"_price":"","_stock":"","_tribe_ticket_header":"","_tribe_default_ticket_provider":"","_tribe_ticket_capacity":"0","_ticket_start_date":"","_ticket_end_date":"","_tribe_ticket_show_description":"","_tribe_ticket_show_not_going":false,"_tribe_ticket_use_global_stock":"","_tribe_ticket_global_stock_level":"","_global_stock_mode":"","_global_stock_cap":"","_tribe_rsvp_for_event":"","_tribe_ticket_going_count":"","_tribe_ticket_not_going_count":"","_tribe_tickets_list":"[]","_tribe_ticket_has_attendee_info_fields":false,"_EventAllDay":false,"_EventTimezone":"","_EventStartDate":"","_EventEndDate":"","_EventStartDateUTC":"","_EventEndDateUTC":"","_EventShowMap":false,"_EventShowMapLink":false,"_EventURL":"","_EventCost":"","_EventCostDescription":"","_EventCurrencySymbol":"","_EventCurrencyCode":"","_EventCurrencyPosition":"","_EventDateTimeSeparator":"","_EventTimeRangeSeparator":"","_EventOrganizerID":[],"_EventVenueID":[],"_OrganizerEmail":"","_OrganizerPhone":"","_OrganizerWebsite":"","_VenueAddress":"","_VenueCity":"","_VenueCountry":"","_VenueProvince":"","_VenueState":"","_VenueZip":"","_VenuePhone":"","_VenueURL":"","_VenueStateProvince":"","_VenueLat":"","_VenueLng":"","_VenueShowMap":false,"_VenueShowMapLink":false,"_tribe_blocks_recurrence_rules":"","_tribe_blocks_recurrence_description":"","_tribe_blocks_recurrence_exclusions":"","jetpack_post_was_ever_published":false,"footnotes":""},"class_list":["post-8223","page","type-page","status-publish","has-post-thumbnail","hentry"],"campaignId":"","jetpack_sharing_enabled":false,"jetpack_shortlink":"https:\/\/wp.me\/PaFejT-28D","_links":{"self":[{"href":"https:\/\/www.basqueeducational.org\/fr\/wp-json\/wp\/v2\/pages\/8223","targetHints":{"allow":["GET"]}}],"collection":[{"href":"https:\/\/www.basqueeducational.org\/fr\/wp-json\/wp\/v2\/pages"}],"about":[{"href":"https:\/\/www.basqueeducational.org\/fr\/wp-json\/wp\/v2\/types\/page"}],"author":[{"embeddable":true,"href":"https:\/\/www.basqueeducational.org\/fr\/wp-json\/wp\/v2\/users\/1"}],"replies":[{"embeddable":true,"href":"https:\/\/www.basqueeducational.org\/fr\/wp-json\/wp\/v2\/comments?post=8223"}],"version-history":[{"count":3,"href":"https:\/\/www.basqueeducational.org\/fr\/wp-json\/wp\/v2\/pages\/8223\/revisions"}],"predecessor-version":[{"id":9332,"href":"https:\/\/www.basqueeducational.org\/fr\/wp-json\/wp\/v2\/pages\/8223\/revisions\/9332"}],"up":[{"embeddable":true,"href":"https:\/\/www.basqueeducational.org\/fr\/wp-json\/wp\/v2\/pages\/2567"}],"wp:featuredmedia":[{"embeddable":true,"href":"https:\/\/www.basqueeducational.org\/fr\/wp-json\/wp\/v2\/media\/8228"}],"wp:attachment":[{"href":"https:\/\/www.basqueeducational.org\/fr\/wp-json\/wp\/v2\/media?parent=8223"}],"curies":[{"name":"wp","href":"https:\/\/api.w.org\/{rel}","templated":true}]}}