{"id":8232,"date":"2025-05-01T05:03:03","date_gmt":"2025-05-01T05:03:03","guid":{"rendered":"https:\/\/www.basqueeducational.org\/?page_id=8232"},"modified":"2026-03-02T12:12:19","modified_gmt":"2026-03-02T20:12:19","slug":"miel-de-naranjas-orange-honey","status":"publish","type":"page","link":"https:\/\/www.basqueeducational.org\/fr\/movies-in-our-collection\/miel-de-naranjas-orange-honey\/","title":{"rendered":"Miel de Naranjas \/ Miel d'orange"},"content":{"rendered":"<div class=\"wpb-content-wrapper\"><div class=\"vc_row wpb_row vc_row-fluid gradient-container-1\"><div class=\"gradient-column-1 wpb_column vc_column_container vc_col-sm-12\"><div class=\"vc_column-inner\"><div class=\"wpb_wrapper\">\n\t<div class=\"wpb_text_column wpb_content_element\" >\n\t\t<div class=\"wpb_wrapper\">\n\t\t\t<p><!--more--><\/p>\n\n\t\t<\/div>\n\t<\/div>\n\n\t<div class=\"wpb_text_column wpb_content_element\" >\n\t\t<div class=\"wpb_wrapper\">\n\t\t\t<h5>SYNOPSIS :<\/h5>\n<div class=\"text-block\">\n<p><span style=\"font-weight: 400;\">Le film d'Imanol Uribe se d\u00e9roule en Andalousie dans les ann\u00e9es 1950. Enrique et Carmen sont profond\u00e9ment amoureux l'un de l'autre, et elle arrange les choses pour qu'il puisse faire son service militaire dans sa ville. Cependant, Enrique est affect\u00e9 \u00e0 un palais de justice. Face aux injustices dont il est le t\u00e9moin quotidien, il se rend compte qu'il doit agir pour changer les choses.<\/span><\/p>\n<p>Prix du meilleur r\u00e9alisateur et du meilleur sc\u00e9nario au festival du film de Malaga<br \/>\n2012 - Festival international du film de Saint-S\u00e9bastien - 60e \u00e9dition.<br \/>\n<span style=\"font-weight: 400;\">2012, R\u00e9alis\u00e9 par Imanol Uribe, 102 minutes, couleur, en espagnol sous-titr\u00e9 en anglais.<\/span><a style=\"font-family: Oswald, 'Helvetica Neue', helvetica, arial, sans-serif; font-size: 1rem; text-transform: uppercase;\" href=\"https:\/\/vimeo.com\/777913598\" target=\"_blank\" rel=\"noopener\"><br style=\"font-weight: 400;\" \/><br style=\"font-weight: 400;\" \/><\/a><a href=\"https:\/\/youtu.be\/8uNbdiZh6qU?si=-zDZ0qQMaZaKRTaD\" target=\"_blank\" rel=\"noopener\">REGARDEZ LA BANDE-ANNONCE ICI<\/a><\/p>\n<\/div>\n<div class=\"text-block\">\n<div class=\"text-block\">\n<div class=\"ipc-metadata-list-item__content-container\">\n<div class=\"ipc-html-content ipc-html-content--base sc-751b889a-0 jjjyaj\" role=\"presentation\">\n<div class=\"ipc-html-content-inner-div\" role=\"presentation\">\n<div class=\"ipc-html-content ipc-html-content--base\" role=\"presentation\">\n<div class=\"ipc-html-content-inner-div\" role=\"presentation\">\n<div class=\"text-block\">\n<h5>sur le r\u00e9alisateur :<\/h5>\n<div class=\"text-block\">\n<div class=\"text-block\">\n<div class=\"ipc-metadata-list-item__content-container\">\n<div class=\"ipc-html-content ipc-html-content--base sc-751b889a-0 jjjyaj\" role=\"presentation\">\n<div class=\"ipc-html-content-inner-div\" role=\"presentation\">\n<div class=\"ipc-html-content ipc-html-content--base\" role=\"presentation\">\n<div class=\"ipc-html-content-inner-div\" role=\"presentation\">\n<p><span style=\"font-weight: 400;\">R\u00e9alisateur \u00e0 la filmographie abondante, laur\u00e9at de la Coquille d'or au Festival de San Sebastian \u00e0 deux reprises : avec D\u00edas contados (1994), \u00e9galement r\u00e9compens\u00e9 en 1995 par huit Goyas, dont ceux du meilleur film et du meilleur r\u00e9alisateur, et avec Bwana (1996). Auparavant, lors de ce m\u00eame festival, il avait remport\u00e9 la Perle du Cantabrique du meilleur film en langue espagnole avec El proceso de Burgos (1979). Miel de naranjas lui a valu les prix du meilleur r\u00e9alisateur et du meilleur sc\u00e9nario au dernier festival de Malaga.<\/span><\/p>\n<\/div>\n<\/div>\n<\/div>\n<\/div>\n<\/div>\n<\/div>\n<\/div>\n<\/div>\n<\/div>\n<\/div>\n<\/div>\n<\/div>\n<\/div>\n<\/div>\n<\/div>\n\n\t\t<\/div>\n\t<\/div>\n<div class=\"vc_separator wpb_content_element vc_separator_align_center vc_sep_width_100 vc_sep_pos_align_center vc_separator_no_text vc_sep_color_grey wpb_content_element  wpb_content_element\" ><span class=\"vc_sep_holder vc_sep_holder_l\"><span class=\"vc_sep_line\"><\/span><\/span><span class=\"vc_sep_holder vc_sep_holder_r\"><span class=\"vc_sep_line\"><\/span><\/span>\n<\/div><\/div><\/div><\/div><\/div>\n<\/div>","protected":false},"excerpt":{"rendered":"SYNOPSIS: The film by Imanol Uribe is set in Andalusia in the 1950s. Enrique and Carmen are deeply in love with each other, and she fixes things so that he [...]","protected":false},"author":1,"featured_media":8233,"parent":2567,"menu_order":6,"comment_status":"closed","ping_status":"closed","template":"","meta":{"give_campaign_id":0,"_tec_requires_first_save":true,"_exactmetrics_skip_tracking":false,"_exactmetrics_sitenote_active":false,"_exactmetrics_sitenote_note":"","_exactmetrics_sitenote_category":0,"_price":"","_stock":"","_tribe_ticket_header":"","_tribe_default_ticket_provider":"","_tribe_ticket_capacity":"0","_ticket_start_date":"","_ticket_end_date":"","_tribe_ticket_show_description":"","_tribe_ticket_show_not_going":false,"_tribe_ticket_use_global_stock":"","_tribe_ticket_global_stock_level":"","_global_stock_mode":"","_global_stock_cap":"","_tribe_rsvp_for_event":"","_tribe_ticket_going_count":"","_tribe_ticket_not_going_count":"","_tribe_tickets_list":"[]","_tribe_ticket_has_attendee_info_fields":false,"_EventAllDay":false,"_EventTimezone":"","_EventStartDate":"","_EventEndDate":"","_EventStartDateUTC":"","_EventEndDateUTC":"","_EventShowMap":false,"_EventShowMapLink":false,"_EventURL":"","_EventCost":"","_EventCostDescription":"","_EventCurrencySymbol":"","_EventCurrencyCode":"","_EventCurrencyPosition":"","_EventDateTimeSeparator":"","_EventTimeRangeSeparator":"","_EventOrganizerID":[],"_EventVenueID":[],"_OrganizerEmail":"","_OrganizerPhone":"","_OrganizerWebsite":"","_VenueAddress":"","_VenueCity":"","_VenueCountry":"","_VenueProvince":"","_VenueState":"","_VenueZip":"","_VenuePhone":"","_VenueURL":"","_VenueStateProvince":"","_VenueLat":"","_VenueLng":"","_VenueShowMap":false,"_VenueShowMapLink":false,"_tribe_blocks_recurrence_rules":"","_tribe_blocks_recurrence_description":"","_tribe_blocks_recurrence_exclusions":"","jetpack_post_was_ever_published":false,"footnotes":""},"class_list":["post-8232","page","type-page","status-publish","has-post-thumbnail","hentry"],"campaignId":"","jetpack_sharing_enabled":false,"jetpack_shortlink":"https:\/\/wp.me\/PaFejT-28M","_links":{"self":[{"href":"https:\/\/www.basqueeducational.org\/fr\/wp-json\/wp\/v2\/pages\/8232","targetHints":{"allow":["GET"]}}],"collection":[{"href":"https:\/\/www.basqueeducational.org\/fr\/wp-json\/wp\/v2\/pages"}],"about":[{"href":"https:\/\/www.basqueeducational.org\/fr\/wp-json\/wp\/v2\/types\/page"}],"author":[{"embeddable":true,"href":"https:\/\/www.basqueeducational.org\/fr\/wp-json\/wp\/v2\/users\/1"}],"replies":[{"embeddable":true,"href":"https:\/\/www.basqueeducational.org\/fr\/wp-json\/wp\/v2\/comments?post=8232"}],"version-history":[{"count":4,"href":"https:\/\/www.basqueeducational.org\/fr\/wp-json\/wp\/v2\/pages\/8232\/revisions"}],"predecessor-version":[{"id":9328,"href":"https:\/\/www.basqueeducational.org\/fr\/wp-json\/wp\/v2\/pages\/8232\/revisions\/9328"}],"up":[{"embeddable":true,"href":"https:\/\/www.basqueeducational.org\/fr\/wp-json\/wp\/v2\/pages\/2567"}],"wp:featuredmedia":[{"embeddable":true,"href":"https:\/\/www.basqueeducational.org\/fr\/wp-json\/wp\/v2\/media\/8233"}],"wp:attachment":[{"href":"https:\/\/www.basqueeducational.org\/fr\/wp-json\/wp\/v2\/media?parent=8232"}],"curies":[{"name":"wp","href":"https:\/\/api.w.org\/{rel}","templated":true}]}}