{"id":8856,"date":"2025-11-20T16:57:41","date_gmt":"2025-11-20T16:57:41","guid":{"rendered":"https:\/\/www.basqueeducational.org\/?page_id=8856"},"modified":"2026-01-13T19:31:56","modified_gmt":"2026-01-13T19:31:56","slug":"explore-the-beo","status":"publish","type":"page","link":"https:\/\/www.basqueeducational.org\/fr\/explore-the-beo\/","title":{"rendered":"EXPLORER LE BEO."},"content":{"rendered":"<hr class=\"wp-block-separator has-text-color has-white-color has-alpha-channel-opacity has-white-background-color has-background\"\/>\n\n\n\n<div class=\"wp-block-columns zeko-team is-layout-flex wp-container-core-columns-is-layout-9d6595d7 wp-block-columns-is-layout-flex\">\n<div class=\"wp-block-column is-layout-flow wp-block-column-is-layout-flow\">\n<figure class=\"wp-block-image size-large\"><img fetchpriority=\"high\" decoding=\"async\" width=\"1024\" height=\"684\" src=\"https:\/\/www.basqueeducational.org\/wp-content\/uploads\/2025\/11\/meet-the-community-1024x684.png\" alt=\"\" class=\"wp-image-8867\" srcset=\"https:\/\/www.basqueeducational.org\/wp-content\/uploads\/2025\/11\/meet-the-community-1024x684.png 1024w, https:\/\/www.basqueeducational.org\/wp-content\/uploads\/2025\/11\/meet-the-community-300x200.png 300w, https:\/\/www.basqueeducational.org\/wp-content\/uploads\/2025\/11\/meet-the-community-768x513.png 768w, https:\/\/www.basqueeducational.org\/wp-content\/uploads\/2025\/11\/meet-the-community-1536x1026.png 1536w, https:\/\/www.basqueeducational.org\/wp-content\/uploads\/2025\/11\/meet-the-community-2048x1369.png 2048w, https:\/\/www.basqueeducational.org\/wp-content\/uploads\/2025\/11\/meet-the-community-18x12.png 18w, https:\/\/www.basqueeducational.org\/wp-content\/uploads\/2025\/11\/meet-the-community-700x468.png 700w, https:\/\/www.basqueeducational.org\/wp-content\/uploads\/2025\/11\/meet-the-community-900x600.png 900w, https:\/\/www.basqueeducational.org\/wp-content\/uploads\/2025\/11\/meet-the-community-348x233.png 348w, https:\/\/www.basqueeducational.org\/wp-content\/uploads\/2025\/11\/meet-the-community-354x237.png 354w, https:\/\/www.basqueeducational.org\/wp-content\/uploads\/2025\/11\/meet-the-community-600x401.png 600w\" sizes=\"(max-width: 1024px) 100vw, 1024px\" \/><\/figure>\n\n\n\n<hr class=\"wp-block-separator has-text-color has-strong-red-color has-css-opacity has-strong-red-background-color has-background is-style-wide\"\/>\n\n\n\n<h2 class=\"wp-block-heading\"><a href=\"https:\/\/www.basqueeducational.org\/proust-inkesta\/\">LES PERSONNES QUI BOUGENT ET QUI AGISSENT<\/a><\/h2>\n\n\n\n<p>Rencontrez les membres de notre grande communaut\u00e9 via le Questionnaire de Proust, ou, comme nous aimons l'appeler, l'Inkesta de Proust.<\/p>\n<\/div>\n\n\n\n<div class=\"wp-block-column is-layout-flow wp-block-column-is-layout-flow\">\n<figure class=\"wp-block-image size-large\"><img decoding=\"async\" width=\"1024\" height=\"683\" src=\"https:\/\/www.basqueeducational.org\/wp-content\/uploads\/2025\/11\/beopicks-2-1024x683.png\" alt=\"\" class=\"wp-image-8876\" srcset=\"https:\/\/www.basqueeducational.org\/wp-content\/uploads\/2025\/11\/beopicks-2-1024x683.png 1024w, https:\/\/www.basqueeducational.org\/wp-content\/uploads\/2025\/11\/beopicks-2-300x200.png 300w, https:\/\/www.basqueeducational.org\/wp-content\/uploads\/2025\/11\/beopicks-2-768x512.png 768w, https:\/\/www.basqueeducational.org\/wp-content\/uploads\/2025\/11\/beopicks-2-1536x1024.png 1536w, https:\/\/www.basqueeducational.org\/wp-content\/uploads\/2025\/11\/beopicks-2-2048x1366.png 2048w, https:\/\/www.basqueeducational.org\/wp-content\/uploads\/2025\/11\/beopicks-2-18x12.png 18w, https:\/\/www.basqueeducational.org\/wp-content\/uploads\/2025\/11\/beopicks-2-700x467.png 700w, https:\/\/www.basqueeducational.org\/wp-content\/uploads\/2025\/11\/beopicks-2-900x600.png 900w, https:\/\/www.basqueeducational.org\/wp-content\/uploads\/2025\/11\/beopicks-2-348x232.png 348w, https:\/\/www.basqueeducational.org\/wp-content\/uploads\/2025\/11\/beopicks-2-354x236.png 354w, https:\/\/www.basqueeducational.org\/wp-content\/uploads\/2025\/11\/beopicks-2-600x400.png 600w\" sizes=\"(max-width: 1024px) 100vw, 1024px\" \/><\/figure>\n\n\n\n<hr class=\"wp-block-separator has-text-color has-strong-red-color has-css-opacity has-strong-red-background-color has-background is-style-wide\"\/>\n\n\n\n<h2 class=\"wp-block-heading\"><a href=\"https:\/\/www.basqueeducational.org\/monthly-picks\/\">BEOPICKS<\/a><\/h2>\n\n\n\n<p>Chaque mois, nous vous proposons des recommandations qui \u00e9veilleront vos sens. D\u00e9couvrez-les ici.<\/p>\n<\/div>\n\n\n\n<div class=\"wp-block-column is-layout-flow wp-block-column-is-layout-flow\">\n<figure class=\"wp-block-image size-large\"><img decoding=\"async\" width=\"1024\" height=\"683\" src=\"https:\/\/www.basqueeducational.org\/wp-content\/uploads\/2025\/11\/films-in-our-collection-1024x683.png\" alt=\"\" class=\"wp-image-8870\" srcset=\"https:\/\/www.basqueeducational.org\/wp-content\/uploads\/2025\/11\/films-in-our-collection-1024x683.png 1024w, https:\/\/www.basqueeducational.org\/wp-content\/uploads\/2025\/11\/films-in-our-collection-300x200.png 300w, https:\/\/www.basqueeducational.org\/wp-content\/uploads\/2025\/11\/films-in-our-collection-768x512.png 768w, https:\/\/www.basqueeducational.org\/wp-content\/uploads\/2025\/11\/films-in-our-collection-1536x1024.png 1536w, https:\/\/www.basqueeducational.org\/wp-content\/uploads\/2025\/11\/films-in-our-collection-2048x1365.png 2048w, https:\/\/www.basqueeducational.org\/wp-content\/uploads\/2025\/11\/films-in-our-collection-18x12.png 18w, https:\/\/www.basqueeducational.org\/wp-content\/uploads\/2025\/11\/films-in-our-collection-700x467.png 700w, https:\/\/www.basqueeducational.org\/wp-content\/uploads\/2025\/11\/films-in-our-collection-900x600.png 900w, https:\/\/www.basqueeducational.org\/wp-content\/uploads\/2025\/11\/films-in-our-collection-348x232.png 348w, https:\/\/www.basqueeducational.org\/wp-content\/uploads\/2025\/11\/films-in-our-collection-354x236.png 354w, https:\/\/www.basqueeducational.org\/wp-content\/uploads\/2025\/11\/films-in-our-collection-600x400.png 600w\" sizes=\"(max-width: 1024px) 100vw, 1024px\" \/><\/figure>\n\n\n\n<hr class=\"wp-block-separator has-text-color has-strong-red-color has-css-opacity has-strong-red-background-color has-background is-style-wide\"\/>\n\n\n\n<h2 class=\"wp-block-heading\"><a href=\"https:\/\/www.basqueeducational.org\/movies-in-our-collection\/\">FILMS DANS NOTRE COLLECTION<\/a><\/h2>\n\n\n\n<p>Vous trouverez ici un \u00e9chantillon des films de notre biblioth\u00e8que. Il y a beaucoup d'autres films, alors n'h\u00e9sitez pas \u00e0 nous demander si vous cherchez quelque chose en particulier.<\/p>\n<\/div>\n<\/div>\n\n\n\n<div class=\"wp-block-columns zeko-team is-layout-flex wp-container-core-columns-is-layout-9d6595d7 wp-block-columns-is-layout-flex\">\n<div class=\"wp-block-column is-layout-flow wp-block-column-is-layout-flow\">\n<figure class=\"wp-block-image size-large\"><img loading=\"lazy\" decoding=\"async\" width=\"1024\" height=\"682\" src=\"https:\/\/www.basqueeducational.org\/wp-content\/uploads\/2025\/11\/guest-presentations-1024x682.png\" alt=\"\" class=\"wp-image-8873\" srcset=\"https:\/\/www.basqueeducational.org\/wp-content\/uploads\/2025\/11\/guest-presentations-1024x682.png 1024w, https:\/\/www.basqueeducational.org\/wp-content\/uploads\/2025\/11\/guest-presentations-300x200.png 300w, https:\/\/www.basqueeducational.org\/wp-content\/uploads\/2025\/11\/guest-presentations-768x512.png 768w, https:\/\/www.basqueeducational.org\/wp-content\/uploads\/2025\/11\/guest-presentations-1536x1023.png 1536w, https:\/\/www.basqueeducational.org\/wp-content\/uploads\/2025\/11\/guest-presentations-2048x1364.png 2048w, https:\/\/www.basqueeducational.org\/wp-content\/uploads\/2025\/11\/guest-presentations-18x12.png 18w, https:\/\/www.basqueeducational.org\/wp-content\/uploads\/2025\/11\/guest-presentations-700x466.png 700w, https:\/\/www.basqueeducational.org\/wp-content\/uploads\/2025\/11\/guest-presentations-900x600.png 900w, https:\/\/www.basqueeducational.org\/wp-content\/uploads\/2025\/11\/guest-presentations-348x232.png 348w, https:\/\/www.basqueeducational.org\/wp-content\/uploads\/2025\/11\/guest-presentations-354x236.png 354w, https:\/\/www.basqueeducational.org\/wp-content\/uploads\/2025\/11\/guest-presentations-600x400.png 600w\" sizes=\"(max-width: 1024px) 100vw, 1024px\" \/><\/figure>\n\n\n\n<hr class=\"wp-block-separator has-text-color has-strong-red-color has-css-opacity has-strong-red-background-color has-background is-style-wide\"\/>\n\n\n\n<h2 class=\"wp-block-heading\"><a href=\"https:\/\/www.basqueeducational.org\/guest-presentations\/\">pr\u00e9sentations d'invit\u00e9s<\/a><\/h2>\n\n\n\n<p>Au fil des ans, nous avons eu des pr\u00e9sentateurs et des conf\u00e9renciers extraordinaires. Jetez un coup d'\u0153il \u00e0 quelques experts int\u00e9ressants de la culture basque.<\/p>\n<\/div>\n\n\n\n<div class=\"wp-block-column is-layout-flow wp-block-column-is-layout-flow\">\n<figure class=\"wp-block-image size-large\"><img loading=\"lazy\" decoding=\"async\" width=\"1024\" height=\"683\" src=\"https:\/\/www.basqueeducational.org\/wp-content\/uploads\/2025\/11\/basque-cultural-days-1024x683.png\" alt=\"\" class=\"wp-image-8874\" srcset=\"https:\/\/www.basqueeducational.org\/wp-content\/uploads\/2025\/11\/basque-cultural-days-1024x683.png 1024w, https:\/\/www.basqueeducational.org\/wp-content\/uploads\/2025\/11\/basque-cultural-days-300x200.png 300w, https:\/\/www.basqueeducational.org\/wp-content\/uploads\/2025\/11\/basque-cultural-days-768x512.png 768w, https:\/\/www.basqueeducational.org\/wp-content\/uploads\/2025\/11\/basque-cultural-days-1536x1024.png 1536w, https:\/\/www.basqueeducational.org\/wp-content\/uploads\/2025\/11\/basque-cultural-days-2048x1365.png 2048w, https:\/\/www.basqueeducational.org\/wp-content\/uploads\/2025\/11\/basque-cultural-days-18x12.png 18w, https:\/\/www.basqueeducational.org\/wp-content\/uploads\/2025\/11\/basque-cultural-days-700x467.png 700w, https:\/\/www.basqueeducational.org\/wp-content\/uploads\/2025\/11\/basque-cultural-days-900x600.png 900w, https:\/\/www.basqueeducational.org\/wp-content\/uploads\/2025\/11\/basque-cultural-days-348x232.png 348w, https:\/\/www.basqueeducational.org\/wp-content\/uploads\/2025\/11\/basque-cultural-days-354x236.png 354w, https:\/\/www.basqueeducational.org\/wp-content\/uploads\/2025\/11\/basque-cultural-days-600x400.png 600w\" sizes=\"(max-width: 1024px) 100vw, 1024px\" \/><\/figure>\n\n\n\n<hr class=\"wp-block-separator has-text-color has-strong-red-color has-css-opacity has-strong-red-background-color has-background is-style-wide\"\/>\n\n\n\n<h2 class=\"wp-block-heading\"><a href=\"https:\/\/www.basqueeducational.org\/basque-cultural-day-bcd\/\">journ\u00e9es culturelles basques<\/a><\/h2>\n\n\n\n<p>La Journ\u00e9e culturelle basque est un \u00e9v\u00e9nement biennal organis\u00e9 par le BEO pour mettre en lumi\u00e8re un th\u00e8me sp\u00e9cifique et unique. En savoir plus sur certains de ces th\u00e8mes.<\/p>\n<\/div>\n\n\n\n<div class=\"wp-block-column is-layout-flow wp-block-column-is-layout-flow\">\n<figure class=\"wp-block-image size-large\"><img loading=\"lazy\" decoding=\"async\" width=\"1024\" height=\"682\" src=\"https:\/\/www.basqueeducational.org\/wp-content\/uploads\/2025\/11\/minaberry-library-1024x682.png\" alt=\"\" class=\"wp-image-8875\" srcset=\"https:\/\/www.basqueeducational.org\/wp-content\/uploads\/2025\/11\/minaberry-library-1024x682.png 1024w, https:\/\/www.basqueeducational.org\/wp-content\/uploads\/2025\/11\/minaberry-library-300x200.png 300w, https:\/\/www.basqueeducational.org\/wp-content\/uploads\/2025\/11\/minaberry-library-768x512.png 768w, https:\/\/www.basqueeducational.org\/wp-content\/uploads\/2025\/11\/minaberry-library-1536x1024.png 1536w, https:\/\/www.basqueeducational.org\/wp-content\/uploads\/2025\/11\/minaberry-library-2048x1365.png 2048w, https:\/\/www.basqueeducational.org\/wp-content\/uploads\/2025\/11\/minaberry-library-18x12.png 18w, https:\/\/www.basqueeducational.org\/wp-content\/uploads\/2025\/11\/minaberry-library-700x467.png 700w, https:\/\/www.basqueeducational.org\/wp-content\/uploads\/2025\/11\/minaberry-library-900x600.png 900w, https:\/\/www.basqueeducational.org\/wp-content\/uploads\/2025\/11\/minaberry-library-348x232.png 348w, https:\/\/www.basqueeducational.org\/wp-content\/uploads\/2025\/11\/minaberry-library-354x236.png 354w, https:\/\/www.basqueeducational.org\/wp-content\/uploads\/2025\/11\/minaberry-library-600x400.png 600w\" sizes=\"(max-width: 1024px) 100vw, 1024px\" \/><\/figure>\n\n\n\n<hr class=\"wp-block-separator has-text-color has-strong-red-color has-css-opacity has-strong-red-background-color has-background is-style-wide\"\/>\n\n\n\n<h2 class=\"wp-block-heading\"><a href=\"https:\/\/www.basqueeducational.org\/basque-library\/\">biblioth\u00e8que minaberry<\/a><\/h2>\n\n\n\n<p>Oui, en fait, nous avons une biblioth\u00e8que physique, qui porte le nom de l'un de nos fondateurs, au Centre culturel basque de San Francisco.<\/p>\n<\/div>\n<\/div>\n\n\n\n<div class=\"wp-block-columns zeko-team is-layout-flex wp-container-core-columns-is-layout-9d6595d7 wp-block-columns-is-layout-flex\">\n<div class=\"wp-block-column is-layout-flow wp-block-column-is-layout-flow\">\n<figure class=\"wp-block-image size-large\"><img loading=\"lazy\" decoding=\"async\" width=\"1024\" height=\"463\" src=\"https:\/\/www.basqueeducational.org\/wp-content\/uploads\/2026\/01\/Special-Projects-drawing-1024x463.png\" alt=\"\" class=\"wp-image-9018\" srcset=\"https:\/\/www.basqueeducational.org\/wp-content\/uploads\/2026\/01\/Special-Projects-drawing-1024x463.png 1024w, https:\/\/www.basqueeducational.org\/wp-content\/uploads\/2026\/01\/Special-Projects-drawing-300x136.png 300w, https:\/\/www.basqueeducational.org\/wp-content\/uploads\/2026\/01\/Special-Projects-drawing-768x348.png 768w, https:\/\/www.basqueeducational.org\/wp-content\/uploads\/2026\/01\/Special-Projects-drawing-1536x695.png 1536w, https:\/\/www.basqueeducational.org\/wp-content\/uploads\/2026\/01\/Special-Projects-drawing-2048x927.png 2048w, https:\/\/www.basqueeducational.org\/wp-content\/uploads\/2026\/01\/Special-Projects-drawing-18x8.png 18w, https:\/\/www.basqueeducational.org\/wp-content\/uploads\/2026\/01\/Special-Projects-drawing-700x317.png 700w, https:\/\/www.basqueeducational.org\/wp-content\/uploads\/2026\/01\/Special-Projects-drawing-348x158.png 348w, https:\/\/www.basqueeducational.org\/wp-content\/uploads\/2026\/01\/Special-Projects-drawing-354x160.png 354w, https:\/\/www.basqueeducational.org\/wp-content\/uploads\/2026\/01\/Special-Projects-drawing-600x272.png 600w\" sizes=\"(max-width: 1024px) 100vw, 1024px\" \/><\/figure>\n\n\n\n<hr class=\"wp-block-separator has-text-color has-strong-red-color has-css-opacity has-strong-red-background-color has-background is-style-wide\"\/>\n\n\n\n<h2 class=\"wp-block-heading\"><a href=\"https:\/\/www.basqueeducational.org\/project-schepens\/\" data-type=\"page\" data-id=\"8963\">PROJETS SP\u00c9CIAUX<\/a><\/h2>\n\n\n\n<p>De temps en temps, on nous demande de participer \u00e0 un projet sp\u00e9cial... et ce sont des projets sp\u00e9ciaux. Pour en savoir plus, cliquez ici.<\/p>\n<\/div>\n\n\n\n<div class=\"wp-block-column is-layout-flow wp-block-column-is-layout-flow\">\n<p><\/p>\n<\/div>\n\n\n\n<div class=\"wp-block-column is-layout-flow wp-block-column-is-layout-flow\">\n<p><\/p>\n<\/div>\n<\/div>","protected":false},"excerpt":{"rendered":"<p>MOVERS + SHAKERS Meet the members of our greater community via the Proust Questionnaire, or, as we like to call it, the Proust Inkesta. BEOPICKS Every month, we&#8217;ve been making [&hellip;]<\/p>\n","protected":false},"author":1,"featured_media":0,"parent":0,"menu_order":0,"comment_status":"closed","ping_status":"closed","template":"templates\/full-width-page.php","meta":{"give_campaign_id":0,"_tec_requires_first_save":true,"_exactmetrics_skip_tracking":false,"_exactmetrics_sitenote_active":false,"_exactmetrics_sitenote_note":"","_exactmetrics_sitenote_category":0,"_price":"","_stock":"","_tribe_ticket_header":"","_tribe_default_ticket_provider":"TEC\\Tickets\\Commerce\\Module","_tribe_ticket_capacity":"0","_ticket_start_date":"","_ticket_end_date":"","_tribe_ticket_show_description":"","_tribe_ticket_show_not_going":false,"_tribe_ticket_use_global_stock":"","_tribe_ticket_global_stock_level":"","_global_stock_mode":"","_global_stock_cap":"","_tribe_rsvp_for_event":"","_tribe_ticket_going_count":"","_tribe_ticket_not_going_count":"","_tribe_tickets_list":"[]","_tribe_ticket_has_attendee_info_fields":false,"_EventAllDay":false,"_EventTimezone":"","_EventStartDate":"","_EventEndDate":"","_EventStartDateUTC":"","_EventEndDateUTC":"","_EventShowMap":false,"_EventShowMapLink":false,"_EventURL":"","_EventCost":"","_EventCostDescription":"","_EventCurrencySymbol":"","_EventCurrencyCode":"","_EventCurrencyPosition":"","_EventDateTimeSeparator":"","_EventTimeRangeSeparator":"","_EventOrganizerID":[],"_EventVenueID":[],"_OrganizerEmail":"","_OrganizerPhone":"","_OrganizerWebsite":"","_VenueAddress":"","_VenueCity":"","_VenueCountry":"","_VenueProvince":"","_VenueState":"","_VenueZip":"","_VenuePhone":"","_VenueURL":"","_VenueStateProvince":"","_VenueLat":"","_VenueLng":"","_VenueShowMap":false,"_VenueShowMapLink":false,"_tribe_blocks_recurrence_rules":"","_tribe_blocks_recurrence_description":"","_tribe_blocks_recurrence_exclusions":"","jetpack_post_was_ever_published":false,"footnotes":""},"class_list":["post-8856","page","type-page","status-publish","hentry"],"campaignId":"","jetpack_sharing_enabled":true,"jetpack_shortlink":"https:\/\/wp.me\/PaFejT-2iQ","_links":{"self":[{"href":"https:\/\/www.basqueeducational.org\/fr\/wp-json\/wp\/v2\/pages\/8856","targetHints":{"allow":["GET"]}}],"collection":[{"href":"https:\/\/www.basqueeducational.org\/fr\/wp-json\/wp\/v2\/pages"}],"about":[{"href":"https:\/\/www.basqueeducational.org\/fr\/wp-json\/wp\/v2\/types\/page"}],"author":[{"embeddable":true,"href":"https:\/\/www.basqueeducational.org\/fr\/wp-json\/wp\/v2\/users\/1"}],"replies":[{"embeddable":true,"href":"https:\/\/www.basqueeducational.org\/fr\/wp-json\/wp\/v2\/comments?post=8856"}],"version-history":[{"count":4,"href":"https:\/\/www.basqueeducational.org\/fr\/wp-json\/wp\/v2\/pages\/8856\/revisions"}],"predecessor-version":[{"id":9020,"href":"https:\/\/www.basqueeducational.org\/fr\/wp-json\/wp\/v2\/pages\/8856\/revisions\/9020"}],"wp:attachment":[{"href":"https:\/\/www.basqueeducational.org\/fr\/wp-json\/wp\/v2\/media?parent=8856"}],"curies":[{"name":"wp","href":"https:\/\/api.w.org\/{rel}","templated":true}]}}