{"id":8894,"date":"2025-11-21T01:57:44","date_gmt":"2025-11-21T01:57:44","guid":{"rendered":"https:\/\/www.basqueeducational.org\/?page_id=8894"},"modified":"2026-04-16T17:19:45","modified_gmt":"2026-04-17T00:19:45","slug":"discover-beo-opportunities","status":"publish","type":"page","link":"https:\/\/www.basqueeducational.org\/fr\/discover-beo-opportunities\/","title":{"rendered":"D\u00c9COUVRIR LES OPPORTUNIT\u00c9S DU BEO"},"content":{"rendered":"<hr class=\"wp-block-separator has-text-color has-white-color has-alpha-channel-opacity has-white-background-color has-background\"\/>\n\n\n\n<div class=\"wp-block-columns zeko-team is-layout-flex wp-container-core-columns-is-layout-9d6595d7 wp-block-columns-is-layout-flex\">\n<div class=\"wp-block-column is-layout-flow wp-block-column-is-layout-flow\">\n<figure class=\"wp-block-image size-large\"><img fetchpriority=\"high\" decoding=\"async\" width=\"1024\" height=\"683\" src=\"https:\/\/www.basqueeducational.org\/wp-content\/uploads\/2025\/11\/womens-empowerment-fund-1024x683.png\" alt=\"\" class=\"wp-image-8895\" srcset=\"https:\/\/www.basqueeducational.org\/wp-content\/uploads\/2025\/11\/womens-empowerment-fund-1024x683.png 1024w, https:\/\/www.basqueeducational.org\/wp-content\/uploads\/2025\/11\/womens-empowerment-fund-300x200.png 300w, https:\/\/www.basqueeducational.org\/wp-content\/uploads\/2025\/11\/womens-empowerment-fund-768x512.png 768w, https:\/\/www.basqueeducational.org\/wp-content\/uploads\/2025\/11\/womens-empowerment-fund-1536x1024.png 1536w, https:\/\/www.basqueeducational.org\/wp-content\/uploads\/2025\/11\/womens-empowerment-fund-2048x1365.png 2048w, https:\/\/www.basqueeducational.org\/wp-content\/uploads\/2025\/11\/womens-empowerment-fund-18x12.png 18w, https:\/\/www.basqueeducational.org\/wp-content\/uploads\/2025\/11\/womens-empowerment-fund-700x467.png 700w, https:\/\/www.basqueeducational.org\/wp-content\/uploads\/2025\/11\/womens-empowerment-fund-900x600.png 900w, https:\/\/www.basqueeducational.org\/wp-content\/uploads\/2025\/11\/womens-empowerment-fund-348x232.png 348w, https:\/\/www.basqueeducational.org\/wp-content\/uploads\/2025\/11\/womens-empowerment-fund-354x236.png 354w, https:\/\/www.basqueeducational.org\/wp-content\/uploads\/2025\/11\/womens-empowerment-fund-600x400.png 600w\" sizes=\"(max-width: 1024px) 100vw, 1024px\" \/><\/figure>\n\n\n\n<hr class=\"wp-block-separator has-text-color has-strong-red-color has-css-opacity has-strong-red-background-color has-background is-style-wide\"\/>\n\n\n\n<h2 class=\"wp-block-heading\"><a href=\"https:\/\/www.basqueeducational.org\/womens-empowerment-fund\/\" data-type=\"page\" data-id=\"7220\">FONDS D'AUTONOMISATION DES FEMMES<\/a><\/h2>\n\n\n\n<p>C\u00e9l\u00e9brer, appr\u00e9cier et soutenir les femmes de nos communaut\u00e9s basques est tr\u00e8s important pour nous. <\/p>\n<\/div>\n\n\n\n<div class=\"wp-block-column is-layout-flow wp-block-column-is-layout-flow\">\n<figure class=\"wp-block-image size-large\"><img decoding=\"async\" width=\"1024\" height=\"683\" src=\"https:\/\/www.basqueeducational.org\/wp-content\/uploads\/2025\/11\/creators-fund-1024x683.png\" alt=\"\" class=\"wp-image-8896\" srcset=\"https:\/\/www.basqueeducational.org\/wp-content\/uploads\/2025\/11\/creators-fund-1024x683.png 1024w, https:\/\/www.basqueeducational.org\/wp-content\/uploads\/2025\/11\/creators-fund-300x200.png 300w, https:\/\/www.basqueeducational.org\/wp-content\/uploads\/2025\/11\/creators-fund-768x512.png 768w, https:\/\/www.basqueeducational.org\/wp-content\/uploads\/2025\/11\/creators-fund-1536x1024.png 1536w, https:\/\/www.basqueeducational.org\/wp-content\/uploads\/2025\/11\/creators-fund-2048x1365.png 2048w, https:\/\/www.basqueeducational.org\/wp-content\/uploads\/2025\/11\/creators-fund-18x12.png 18w, https:\/\/www.basqueeducational.org\/wp-content\/uploads\/2025\/11\/creators-fund-700x467.png 700w, https:\/\/www.basqueeducational.org\/wp-content\/uploads\/2025\/11\/creators-fund-900x600.png 900w, https:\/\/www.basqueeducational.org\/wp-content\/uploads\/2025\/11\/creators-fund-348x232.png 348w, https:\/\/www.basqueeducational.org\/wp-content\/uploads\/2025\/11\/creators-fund-354x236.png 354w, https:\/\/www.basqueeducational.org\/wp-content\/uploads\/2025\/11\/creators-fund-600x400.png 600w\" sizes=\"(max-width: 1024px) 100vw, 1024px\" \/><\/figure>\n\n\n\n<hr class=\"wp-block-separator has-text-color has-strong-red-color has-css-opacity has-strong-red-background-color has-background is-style-wide\"\/>\n\n\n\n<h2 class=\"wp-block-heading\"><a href=\"https:\/\/www.basqueeducational.org\/creators-grant\/\" data-type=\"page\" data-id=\"7248\">FONDS DES CR\u00c9ATEURS<\/a><\/h2>\n\n\n\n<p>Le BEO est profond\u00e9ment engag\u00e9 aupr\u00e8s des \u00e2mes cr\u00e9atives de notre grande communaut\u00e9. Ce fonds et ce programme de subvention leur sont destin\u00e9s.<\/p>\n<\/div>\n\n\n\n<div class=\"wp-block-column is-layout-flow wp-block-column-is-layout-flow\">\n<figure class=\"wp-block-image size-large\"><img decoding=\"async\" width=\"1024\" height=\"683\" src=\"https:\/\/www.basqueeducational.org\/wp-content\/uploads\/2025\/11\/scholarship-fund-1024x683.png\" alt=\"\" class=\"wp-image-8897\" srcset=\"https:\/\/www.basqueeducational.org\/wp-content\/uploads\/2025\/11\/scholarship-fund-1024x683.png 1024w, https:\/\/www.basqueeducational.org\/wp-content\/uploads\/2025\/11\/scholarship-fund-300x200.png 300w, https:\/\/www.basqueeducational.org\/wp-content\/uploads\/2025\/11\/scholarship-fund-768x512.png 768w, https:\/\/www.basqueeducational.org\/wp-content\/uploads\/2025\/11\/scholarship-fund-1536x1024.png 1536w, https:\/\/www.basqueeducational.org\/wp-content\/uploads\/2025\/11\/scholarship-fund-2048x1365.png 2048w, https:\/\/www.basqueeducational.org\/wp-content\/uploads\/2025\/11\/scholarship-fund-18x12.png 18w, https:\/\/www.basqueeducational.org\/wp-content\/uploads\/2025\/11\/scholarship-fund-700x467.png 700w, https:\/\/www.basqueeducational.org\/wp-content\/uploads\/2025\/11\/scholarship-fund-900x600.png 900w, https:\/\/www.basqueeducational.org\/wp-content\/uploads\/2025\/11\/scholarship-fund-348x232.png 348w, https:\/\/www.basqueeducational.org\/wp-content\/uploads\/2025\/11\/scholarship-fund-354x236.png 354w, https:\/\/www.basqueeducational.org\/wp-content\/uploads\/2025\/11\/scholarship-fund-600x400.png 600w\" sizes=\"(max-width: 1024px) 100vw, 1024px\" \/><\/figure>\n\n\n\n<hr class=\"wp-block-separator has-text-color has-strong-red-color has-css-opacity has-strong-red-background-color has-background is-style-wide\"\/>\n\n\n\n<h2 class=\"wp-block-heading\"><a href=\"https:\/\/www.basqueeducational.org\/scholarship\/\" data-type=\"page\" data-id=\"3546\">fonds de bourses d'\u00e9tudes<\/a><\/h2>\n\n\n\n<p>Il s'agit d'un concours amusant et cr\u00e9atif destin\u00e9 aux \u00e9tudiants en cours d'\u00e9tudes de premier ou de deuxi\u00e8me cycle aux \u00c9tats-Unis.  <\/p>\n<\/div>\n<\/div>\n\n\n\n<p><\/p>","protected":false},"excerpt":{"rendered":"<p>WOMEN&#8217;S EMPOWERMENT FUND Celebrating, showing appreciation, and supporting the women in our Basque communities is pretty darn important to us. CREATOR&#8217;S FUND The BEO is so deeply committed to the [&hellip;]<\/p>\n","protected":false},"author":1,"featured_media":0,"parent":0,"menu_order":0,"comment_status":"closed","ping_status":"closed","template":"templates\/full-width-page.php","meta":{"give_campaign_id":0,"_tec_requires_first_save":true,"_exactmetrics_skip_tracking":false,"_exactmetrics_sitenote_active":false,"_exactmetrics_sitenote_note":"","_exactmetrics_sitenote_category":0,"_price":"","_stock":"","_tribe_ticket_header":"","_tribe_default_ticket_provider":"TEC\\Tickets\\Commerce\\Module","_tribe_ticket_capacity":"0","_ticket_start_date":"","_ticket_end_date":"","_tribe_ticket_show_description":"","_tribe_ticket_show_not_going":false,"_tribe_ticket_use_global_stock":"","_tribe_ticket_global_stock_level":"","_global_stock_mode":"","_global_stock_cap":"","_tribe_rsvp_for_event":"","_tribe_ticket_going_count":"","_tribe_ticket_not_going_count":"","_tribe_tickets_list":"[]","_tribe_ticket_has_attendee_info_fields":false,"_EventAllDay":false,"_EventTimezone":"","_EventStartDate":"","_EventEndDate":"","_EventStartDateUTC":"","_EventEndDateUTC":"","_EventShowMap":false,"_EventShowMapLink":false,"_EventURL":"","_EventCost":"","_EventCostDescription":"","_EventCurrencySymbol":"","_EventCurrencyCode":"","_EventCurrencyPosition":"","_EventDateTimeSeparator":"","_EventTimeRangeSeparator":"","_EventOrganizerID":[],"_EventVenueID":[],"_OrganizerEmail":"","_OrganizerPhone":"","_OrganizerWebsite":"","_VenueAddress":"","_VenueCity":"","_VenueCountry":"","_VenueProvince":"","_VenueState":"","_VenueZip":"","_VenuePhone":"","_VenueURL":"","_VenueStateProvince":"","_VenueLat":"","_VenueLng":"","_VenueShowMap":false,"_VenueShowMapLink":false,"_tribe_blocks_recurrence_rules":"","_tribe_blocks_recurrence_description":"","_tribe_blocks_recurrence_exclusions":"","jetpack_post_was_ever_published":false,"footnotes":""},"class_list":["post-8894","page","type-page","status-publish","hentry"],"campaignId":"","jetpack_sharing_enabled":true,"jetpack_shortlink":"https:\/\/wp.me\/PaFejT-2js","_links":{"self":[{"href":"https:\/\/www.basqueeducational.org\/fr\/wp-json\/wp\/v2\/pages\/8894","targetHints":{"allow":["GET"]}}],"collection":[{"href":"https:\/\/www.basqueeducational.org\/fr\/wp-json\/wp\/v2\/pages"}],"about":[{"href":"https:\/\/www.basqueeducational.org\/fr\/wp-json\/wp\/v2\/types\/page"}],"author":[{"embeddable":true,"href":"https:\/\/www.basqueeducational.org\/fr\/wp-json\/wp\/v2\/users\/1"}],"replies":[{"embeddable":true,"href":"https:\/\/www.basqueeducational.org\/fr\/wp-json\/wp\/v2\/comments?post=8894"}],"version-history":[{"count":4,"href":"https:\/\/www.basqueeducational.org\/fr\/wp-json\/wp\/v2\/pages\/8894\/revisions"}],"predecessor-version":[{"id":8939,"href":"https:\/\/www.basqueeducational.org\/fr\/wp-json\/wp\/v2\/pages\/8894\/revisions\/8939"}],"wp:attachment":[{"href":"https:\/\/www.basqueeducational.org\/fr\/wp-json\/wp\/v2\/media?parent=8894"}],"curies":[{"name":"wp","href":"https:\/\/api.w.org\/{rel}","templated":true}]}}