{"id":9293,"date":"2026-03-02T10:48:18","date_gmt":"2026-03-02T18:48:18","guid":{"rendered":"https:\/\/www.basqueeducational.org\/?page_id=9293"},"modified":"2026-03-02T11:14:45","modified_gmt":"2026-03-02T19:14:45","slug":"reseau-sans-nom","status":"publish","type":"page","link":"https:\/\/www.basqueeducational.org\/fr\/2026-basque-film-series\/reseau-sans-nom\/","title":{"rendered":"R\u00e9seau Sans Nom \/ No Name Line"},"content":{"rendered":"<div class=\"wpb-content-wrapper\"><div class=\"vc_row wpb_row vc_row-fluid gradient-container-1\"><div class=\"gradient-column-1 wpb_column vc_column_container vc_col-sm-12\"><div class=\"vc_column-inner\"><div class=\"wpb_wrapper\">\n\t<div class=\"wpb_text_column wpb_content_element\" >\n\t\t<div class=\"wpb_wrapper\">\n\t\t\t<h5><span style=\"color: #808080;\">DOCUMentaire<\/span><br \/>\n<span style=\"color: #808080;\">Exposition : F\u00e9vrier, SFBCC, South San Francisco<\/span><\/h5>\n<p><!--more--><\/p>\n\n\t\t<\/div>\n\t<\/div>\n\n\t<div class=\"wpb_text_column wpb_content_element\" >\n\t\t<div class=\"wpb_wrapper\">\n\t\t\t<h5>SYNOPSIS :<\/h5>\n<p><span style=\"font-weight: 400;\">En 1942, pendant la Seconde Guerre mondiale, l'Allemagne nazie occupe la France. La R\u00e9sistance met alors en place de nombreuses lignes d'\u00e9vasion pour aider les personnes \u00e0 fuir l'Europe nazie vers l'Europe alli\u00e9e. Parmi ces fili\u00e8res, le r\u00e9seau Mendive-Orbaizeta, une fili\u00e8re si secr\u00e8te qu'elle n'a m\u00eame pas eu de nom. Espions, r\u00e9seaux clandestins, passeurs, solidarit\u00e9, r\u00e9sistance, espoir. Le documentaire \u201cR\u00e9seau Sans Nom\u201d, c'est tout cela et bien plus encore.<\/span><\/p>\n<p><span style=\"font-weight: 400;\">2020 r\u00e9alis\u00e9 par Benat Iturrioz, 33 minutes, couleur en anglais, fran\u00e7ais, euskara avec sous-titres en anglais.<\/span><\/p>\n<p><strong style=\"font-family: Oswald, 'Helvetica Neue', helvetica, arial, sans-serif; font-size: 1rem; text-transform: uppercase;\">SUR LE R\u00c9ALISATEUR :<\/strong><\/p>\n<p><span style=\"font-weight: 400;\">Be\u00f1at Iturrioz P\u00e9rez<br \/>\n<\/span><span style=\"font-weight: 400;\">R\u00e9alisateur et musicien<\/span><\/p>\n<p><span style=\"font-weight: 400;\">Outre une licence d'histoire et un dipl\u00f4me d'enseignement primaire, il est cr\u00e9ateur pluridisciplinaire, vid\u00e9aste amateur et musicien.<\/span><\/p>\n<p><span style=\"font-weight: 400;\">En tant que musicien, il a travaill\u00e9 sur le projet Hysteron (2016) promu par Nagore Legarreta et sur Hezurren Azpian de Maite Larburu (2019). En tant que txalapartari, outre Juan Mari Beltran et Ugarte Anaiak, il a particip\u00e9 au concert exp\u00e9rimental \u201cMikel Laboa\u201d (2019, Santas Pascuas Pascuas), cr\u00e9\u00e9 par Delorean et Oreka TX.<\/span><\/p>\n<p><span style=\"font-weight: 400;\">Dans le domaine cin\u00e9matographique, il a particip\u00e9 \u00e0 plusieurs projets cr\u00e9\u00e9s de mani\u00e8re communautaire et autog\u00e9r\u00e9e. Elle a \u00e9crit et r\u00e9alis\u00e9 la trilogie Ataun Of The Dead (2011-2019) et a travaill\u00e9 comme directrice de la photographie sur la s\u00e9rie Ba\u00f1olet (2021), cr\u00e9\u00e9e dans la r\u00e9gion de Garazi.<\/span><\/p>\n<p><span style=\"font-weight: 400;\">Depuis 2017, il est membre fondateur de la coop\u00e9rative Bira Produkzioak et a r\u00e9alis\u00e9 les documentaires Sans Nom Sarea (2020) et Ibaia ez da toki<\/span><\/p>\n\n\t\t<\/div>\n\t<\/div>\n<div class=\"vc_separator wpb_content_element vc_separator_align_center vc_sep_width_100 vc_sep_pos_align_center vc_separator_no_text vc_sep_color_grey wpb_content_element  wpb_content_element\" ><span class=\"vc_sep_holder vc_sep_holder_l\"><span class=\"vc_sep_line\"><\/span><\/span><span class=\"vc_sep_holder vc_sep_holder_r\"><span class=\"vc_sep_line\"><\/span><\/span>\n<\/div><\/div><\/div><\/div><\/div>\n<\/div>","protected":false},"excerpt":{"rendered":"<p>DOCUMentary Showing: February, SFBCC, South San Francisco<\/p>","protected":false},"author":1,"featured_media":9305,"parent":9185,"menu_order":1,"comment_status":"closed","ping_status":"closed","template":"","meta":{"give_campaign_id":0,"_tec_requires_first_save":true,"_exactmetrics_skip_tracking":false,"_exactmetrics_sitenote_active":false,"_exactmetrics_sitenote_note":"","_exactmetrics_sitenote_category":0,"_price":"","_stock":"","_tribe_ticket_header":"","_tribe_default_ticket_provider":"","_tribe_ticket_capacity":"0","_ticket_start_date":"","_ticket_end_date":"","_tribe_ticket_show_description":"","_tribe_ticket_show_not_going":false,"_tribe_ticket_use_global_stock":"","_tribe_ticket_global_stock_level":"","_global_stock_mode":"","_global_stock_cap":"","_tribe_rsvp_for_event":"","_tribe_ticket_going_count":"","_tribe_ticket_not_going_count":"","_tribe_tickets_list":"[]","_tribe_ticket_has_attendee_info_fields":false,"_EventAllDay":false,"_EventTimezone":"","_EventStartDate":"","_EventEndDate":"","_EventStartDateUTC":"","_EventEndDateUTC":"","_EventShowMap":false,"_EventShowMapLink":false,"_EventURL":"","_EventCost":"","_EventCostDescription":"","_EventCurrencySymbol":"","_EventCurrencyCode":"","_EventCurrencyPosition":"","_EventDateTimeSeparator":"","_EventTimeRangeSeparator":"","_EventOrganizerID":[],"_EventVenueID":[],"_OrganizerEmail":"","_OrganizerPhone":"","_OrganizerWebsite":"","_VenueAddress":"","_VenueCity":"","_VenueCountry":"","_VenueProvince":"","_VenueState":"","_VenueZip":"","_VenuePhone":"","_VenueURL":"","_VenueStateProvince":"","_VenueLat":"","_VenueLng":"","_VenueShowMap":false,"_VenueShowMapLink":false,"_tribe_blocks_recurrence_rules":"","_tribe_blocks_recurrence_description":"","_tribe_blocks_recurrence_exclusions":"","jetpack_post_was_ever_published":false,"footnotes":""},"class_list":["post-9293","page","type-page","status-publish","has-post-thumbnail","hentry"],"campaignId":"","jetpack_sharing_enabled":false,"jetpack_shortlink":"https:\/\/wp.me\/PaFejT-2pT","_links":{"self":[{"href":"https:\/\/www.basqueeducational.org\/fr\/wp-json\/wp\/v2\/pages\/9293","targetHints":{"allow":["GET"]}}],"collection":[{"href":"https:\/\/www.basqueeducational.org\/fr\/wp-json\/wp\/v2\/pages"}],"about":[{"href":"https:\/\/www.basqueeducational.org\/fr\/wp-json\/wp\/v2\/types\/page"}],"author":[{"embeddable":true,"href":"https:\/\/www.basqueeducational.org\/fr\/wp-json\/wp\/v2\/users\/1"}],"replies":[{"embeddable":true,"href":"https:\/\/www.basqueeducational.org\/fr\/wp-json\/wp\/v2\/comments?post=9293"}],"version-history":[{"count":1,"href":"https:\/\/www.basqueeducational.org\/fr\/wp-json\/wp\/v2\/pages\/9293\/revisions"}],"predecessor-version":[{"id":9296,"href":"https:\/\/www.basqueeducational.org\/fr\/wp-json\/wp\/v2\/pages\/9293\/revisions\/9296"}],"up":[{"embeddable":true,"href":"https:\/\/www.basqueeducational.org\/fr\/wp-json\/wp\/v2\/pages\/9185"}],"wp:featuredmedia":[{"embeddable":true,"href":"https:\/\/www.basqueeducational.org\/fr\/wp-json\/wp\/v2\/media\/9305"}],"wp:attachment":[{"href":"https:\/\/www.basqueeducational.org\/fr\/wp-json\/wp\/v2\/media?parent=9293"}],"curies":[{"name":"wp","href":"https:\/\/api.w.org\/{rel}","templated":true}]}}