{"id":9297,"date":"2026-03-02T10:55:13","date_gmt":"2026-03-02T18:55:13","guid":{"rendered":"https:\/\/www.basqueeducational.org\/?page_id=9297"},"modified":"2026-03-02T11:01:35","modified_gmt":"2026-03-02T19:01:35","slug":"itoiz-udako-sesioak","status":"publish","type":"page","link":"https:\/\/www.basqueeducational.org\/fr\/2026-basque-film-series\/itoiz-udako-sesioak\/","title":{"rendered":"Itoiz Udako sesioak \/ Itoiz Summer Sessions"},"content":{"rendered":"<div class=\"wpb-content-wrapper\"><div class=\"vc_row wpb_row vc_row-fluid gradient-container-1\"><div class=\"gradient-column-1 wpb_column vc_column_container vc_col-sm-12\"><div class=\"vc_column-inner\"><div class=\"wpb_wrapper\">\n\t<div class=\"wpb_text_column wpb_content_element\" >\n\t\t<div class=\"wpb_wrapper\">\n\t\t\t<h5><span style=\"color: #808080;\">Documentaire<\/span><br \/>\n<span style=\"color: #808080;\">Repr\u00e9sentation : 6 mars, SFBCC, South San Francisco<\/span><\/h5>\n<p><!--more--><\/p>\n\n\t\t<\/div>\n\t<\/div>\n\n\t<div class=\"wpb_text_column wpb_content_element\" >\n\t\t<div class=\"wpb_wrapper\">\n\t\t\t<h5>SYNOPSIS :<\/h5>\n<p><span style=\"font-weight: 400;\">La d\u00e9couverte d'une s\u00e9rie de cassettes in\u00e9dites am\u00e8ne Juan Carlos P\u00e9rez, leader du groupe embl\u00e9matique Itoiz, \u00e0 se rem\u00e9morer leur s\u00e9paration au sommet de leur gloire, suite \u00e0 un changement de style \u00e9vident vers la musique pop qu'il continue de rejeter aujourd'hui. Juan Carlos entreprend alors un voyage cathartique dans l'essence du groupe, revivant ses d\u00e9buts en tant que groupe prog-rock dans le Mutriku du d\u00e9but des ann\u00e9es 70, alors qu'il se r\u00e9concilie avec le pass\u00e9.<\/span><\/p>\n<p>&nbsp;<\/p>\n<p><span style=\"font-weight: 400;\">2024, r\u00e9alis\u00e9 par Larraitz Zuazo &amp; Zuri Goikoetxea &amp; Ainhoa Andraka, 102 minutes, couleur, en euskara et espagnol avec sous-titres anglais.<\/span><\/p>\n<p><span style=\"font-weight: 400;\">2025 S\u00e9lection du Festival international du film de Saint-S\u00e9bastien<\/span><\/p>\n<p><strong style=\"font-family: Oswald, 'Helvetica Neue', helvetica, arial, sans-serif; font-size: 1rem; text-transform: uppercase;\">SUR LE R\u00c9ALISATEUR :<br \/>\n<\/strong><span style=\"font-weight: 400;\">Larraitz Zuazo, Zuri Goikoetxea, Ainhoa Andraka<\/span><\/p>\n<p><span style=\"font-weight: 400;\">Producteur ex\u00e9cutif et producteur chez Begira Produkzioak, Larraitz Zuazo (Bilbao, 1980) a r\u00e9alis\u00e9 des documentaires tels que Nosotras, mujeres de Euskalduna (2016), 163 d\u00edas, la huelga de bandas (2017) et Esther Ferrer, hilos de tiempo (2019). La sc\u00e9nariste, r\u00e9alisatrice et productrice Zuri Goikoetxea (Vitoria, 1984) \u00e9volue entre le cin\u00e9ma documentaire et l'art vid\u00e9o et, depuis 2016, travaille principalement avec Doxa Producciones. En 2022, elle cor\u00e9alise le documentaire Cabeza y coraz\u00f3n avec Ainhoa Andrake (Bilbao, 1982), monteuse, sc\u00e9nariste, r\u00e9alisatrice et productrice \u00e0 la t\u00eate de Doxa Producciones. Elle a \u00e9t\u00e9 productrice ex\u00e9cutive de titres comme Asier ETA Biok (Aitor et Amaia Merino, Zinemira, Irizar Award 2013).<\/span><\/p>\n\n\t\t<\/div>\n\t<\/div>\n<div class=\"vc_separator wpb_content_element vc_separator_align_center vc_sep_width_100 vc_sep_pos_align_center vc_separator_no_text vc_sep_color_grey wpb_content_element  wpb_content_element\" ><span class=\"vc_sep_holder vc_sep_holder_l\"><span class=\"vc_sep_line\"><\/span><\/span><span class=\"vc_sep_holder vc_sep_holder_r\"><span class=\"vc_sep_line\"><\/span><\/span>\n<\/div><\/div><\/div><\/div><\/div>\n<\/div>","protected":false},"excerpt":{"rendered":"<p>Documentary Showing: March 6, SFBCC, South San Francisco<\/p>","protected":false},"author":1,"featured_media":9149,"parent":9185,"menu_order":2,"comment_status":"closed","ping_status":"closed","template":"","meta":{"give_campaign_id":0,"_tec_requires_first_save":true,"_exactmetrics_skip_tracking":false,"_exactmetrics_sitenote_active":false,"_exactmetrics_sitenote_note":"","_exactmetrics_sitenote_category":0,"_price":"","_stock":"","_tribe_ticket_header":"","_tribe_default_ticket_provider":"","_tribe_ticket_capacity":"0","_ticket_start_date":"","_ticket_end_date":"","_tribe_ticket_show_description":"","_tribe_ticket_show_not_going":false,"_tribe_ticket_use_global_stock":"","_tribe_ticket_global_stock_level":"","_global_stock_mode":"","_global_stock_cap":"","_tribe_rsvp_for_event":"","_tribe_ticket_going_count":"","_tribe_ticket_not_going_count":"","_tribe_tickets_list":"[]","_tribe_ticket_has_attendee_info_fields":false,"_EventAllDay":false,"_EventTimezone":"","_EventStartDate":"","_EventEndDate":"","_EventStartDateUTC":"","_EventEndDateUTC":"","_EventShowMap":false,"_EventShowMapLink":false,"_EventURL":"","_EventCost":"","_EventCostDescription":"","_EventCurrencySymbol":"","_EventCurrencyCode":"","_EventCurrencyPosition":"","_EventDateTimeSeparator":"","_EventTimeRangeSeparator":"","_EventOrganizerID":[],"_EventVenueID":[],"_OrganizerEmail":"","_OrganizerPhone":"","_OrganizerWebsite":"","_VenueAddress":"","_VenueCity":"","_VenueCountry":"","_VenueProvince":"","_VenueState":"","_VenueZip":"","_VenuePhone":"","_VenueURL":"","_VenueStateProvince":"","_VenueLat":"","_VenueLng":"","_VenueShowMap":false,"_VenueShowMapLink":false,"_tribe_blocks_recurrence_rules":"","_tribe_blocks_recurrence_description":"","_tribe_blocks_recurrence_exclusions":"","jetpack_post_was_ever_published":false,"footnotes":""},"class_list":["post-9297","page","type-page","status-publish","has-post-thumbnail","hentry"],"campaignId":"","jetpack_sharing_enabled":false,"jetpack_shortlink":"https:\/\/wp.me\/PaFejT-2pX","_links":{"self":[{"href":"https:\/\/www.basqueeducational.org\/fr\/wp-json\/wp\/v2\/pages\/9297","targetHints":{"allow":["GET"]}}],"collection":[{"href":"https:\/\/www.basqueeducational.org\/fr\/wp-json\/wp\/v2\/pages"}],"about":[{"href":"https:\/\/www.basqueeducational.org\/fr\/wp-json\/wp\/v2\/types\/page"}],"author":[{"embeddable":true,"href":"https:\/\/www.basqueeducational.org\/fr\/wp-json\/wp\/v2\/users\/1"}],"replies":[{"embeddable":true,"href":"https:\/\/www.basqueeducational.org\/fr\/wp-json\/wp\/v2\/comments?post=9297"}],"version-history":[{"count":3,"href":"https:\/\/www.basqueeducational.org\/fr\/wp-json\/wp\/v2\/pages\/9297\/revisions"}],"predecessor-version":[{"id":9300,"href":"https:\/\/www.basqueeducational.org\/fr\/wp-json\/wp\/v2\/pages\/9297\/revisions\/9300"}],"up":[{"embeddable":true,"href":"https:\/\/www.basqueeducational.org\/fr\/wp-json\/wp\/v2\/pages\/9185"}],"wp:featuredmedia":[{"embeddable":true,"href":"https:\/\/www.basqueeducational.org\/fr\/wp-json\/wp\/v2\/media\/9149"}],"wp:attachment":[{"href":"https:\/\/www.basqueeducational.org\/fr\/wp-json\/wp\/v2\/media?parent=9297"}],"curies":[{"name":"wp","href":"https:\/\/api.w.org\/{rel}","templated":true}]}}