{"id":9301,"date":"2026-03-02T11:05:11","date_gmt":"2026-03-02T19:05:11","guid":{"rendered":"https:\/\/www.basqueeducational.org\/?page_id=9301"},"modified":"2026-03-02T11:05:11","modified_gmt":"2026-03-02T19:05:11","slug":"jone-batzuetan","status":"publish","type":"page","link":"https:\/\/www.basqueeducational.org\/fr\/2026-basque-film-series\/jone-batzuetan\/","title":{"rendered":"Jone, batzuetan \/ Jone, parfois"},"content":{"rendered":"<div class=\"wpb-content-wrapper\"><div class=\"vc_row wpb_row vc_row-fluid gradient-container-1\"><div class=\"gradient-column-1 wpb_column vc_column_container vc_col-sm-12\"><div class=\"vc_column-inner\"><div class=\"wpb_wrapper\">\n\t<div class=\"wpb_text_column wpb_content_element\" >\n\t\t<div class=\"wpb_wrapper\">\n\t\t\t<h5><span style=\"color: #808080;\">ROMANCE<\/span><br \/>\n<span style=\"color: #808080;\">Repr\u00e9sentation : 7 AVRIL, THE LITTLE ROXIE, San Francisco<\/span><\/h5>\n<p><!--more--><\/p>\n\n\t\t<\/div>\n\t<\/div>\n\n\t<div class=\"wpb_text_column wpb_content_element\" >\n\t\t<div class=\"wpb_wrapper\">\n\t\t\t<h5>SYNOPSIS :<\/h5>\n<p><span style=\"font-weight: 400;\">Bilbao, mi-ao\u00fbt. Jone (20 ans) vit avec son p\u00e8re et sa jeune s\u0153ur Marta. Son p\u00e8re a d\u00fb quitter son travail, incapable de continuer \u00e0 cause des complications de la maladie de Parkinson. Entre-temps, les festivit\u00e9s de la Grande Semaine d\u00e9butent \u00e0 Bilbao, au cours desquelles Jone tombera amoureuse pour la premi\u00e8re fois. Durant cet \u00e9t\u00e9, Jone alternera entre la sensation d'immortalit\u00e9 qu'elle \u00e9prouve avec Olga, la jeune fille dont elle s'\u00e9prend, et la peur de se retrouver seule \u00e0 cause de la maladie de son p\u00e8re.<\/span><\/p>\n<p><span style=\"font-weight: 400;\">2025, r\u00e9alis\u00e9 par Sara Fantova, 80 minutes, couleur, en euskara et espagnol sous-titr\u00e9 en anglais.<br \/>\n<\/span><span style=\"font-weight: 400;\">2025 S\u00e9lection du Festival international du film de Saint-S\u00e9bastien<\/span><\/p>\n<p><strong style=\"font-family: Oswald, 'Helvetica Neue', helvetica, arial, sans-serif; font-size: 1rem; text-transform: uppercase;\">SUR LE R\u00c9ALISATEUR :<br \/>\n<\/strong><span style=\"font-weight: 400;\">Sara Fantova (Bilbao, Bizkaia. 1993) a \u00e9tudi\u00e9 la r\u00e9alisation cin\u00e9matographique \u00e0 l'ESCAC, o\u00f9 elle a obtenu son dipl\u00f4me avec le court m\u00e9trage No me despert\u00e9is (Kimuak, 2018), pr\u00e9sent\u00e9 en premi\u00e8re dans la s\u00e9lection officielle du SEMINCI et s\u00e9lectionn\u00e9 pour Rotterdam, entre autres festivals. Elle a \u00e9galement particip\u00e9 en tant que r\u00e9alisatrice et sc\u00e9nariste au film omnibus La filla d'alg\u00fa (Made in Spain, 2019), pr\u00e9sent\u00e9 en avant-premi\u00e8re dans la section Zonacine du festival de Malaga, o\u00f9 il a d\u00e9croch\u00e9 le Biznaga d'argent de la meilleure actrice (Aina Clotet). En 2023, elle rejoint Aina Clotet, Mar Coll et Celia Giraldo pour cor\u00e9aliser la s\u00e9rie Esto no es Suecia. Jone, batzuetan, son premier film, a concouru au festival de Malaga, o\u00f9 il a re\u00e7u une mention sp\u00e9ciale du jury pour sa r\u00e9alisatrice.<\/span><\/p>\n\n\t\t<\/div>\n\t<\/div>\n<div class=\"vc_separator wpb_content_element vc_separator_align_center vc_sep_width_100 vc_sep_pos_align_center vc_separator_no_text vc_sep_color_grey wpb_content_element  wpb_content_element\" ><span class=\"vc_sep_holder vc_sep_holder_l\"><span class=\"vc_sep_line\"><\/span><\/span><span class=\"vc_sep_holder vc_sep_holder_r\"><span class=\"vc_sep_line\"><\/span><\/span>\n<\/div><\/div><\/div><\/div><\/div>\n<\/div>","protected":false},"excerpt":{"rendered":"<p>ROMANCE Showing: APRIL 7, THE LITTLE ROXIE, San Francisco<\/p>","protected":false},"author":1,"featured_media":9111,"parent":9185,"menu_order":3,"comment_status":"closed","ping_status":"closed","template":"","meta":{"give_campaign_id":0,"_tec_requires_first_save":true,"_exactmetrics_skip_tracking":false,"_exactmetrics_sitenote_active":false,"_exactmetrics_sitenote_note":"","_exactmetrics_sitenote_category":0,"_price":"","_stock":"","_tribe_ticket_header":"","_tribe_default_ticket_provider":"","_tribe_ticket_capacity":"0","_ticket_start_date":"","_ticket_end_date":"","_tribe_ticket_show_description":"","_tribe_ticket_show_not_going":false,"_tribe_ticket_use_global_stock":"","_tribe_ticket_global_stock_level":"","_global_stock_mode":"","_global_stock_cap":"","_tribe_rsvp_for_event":"","_tribe_ticket_going_count":"","_tribe_ticket_not_going_count":"","_tribe_tickets_list":"[]","_tribe_ticket_has_attendee_info_fields":false,"_EventAllDay":false,"_EventTimezone":"","_EventStartDate":"","_EventEndDate":"","_EventStartDateUTC":"","_EventEndDateUTC":"","_EventShowMap":false,"_EventShowMapLink":false,"_EventURL":"","_EventCost":"","_EventCostDescription":"","_EventCurrencySymbol":"","_EventCurrencyCode":"","_EventCurrencyPosition":"","_EventDateTimeSeparator":"","_EventTimeRangeSeparator":"","_EventOrganizerID":[],"_EventVenueID":[],"_OrganizerEmail":"","_OrganizerPhone":"","_OrganizerWebsite":"","_VenueAddress":"","_VenueCity":"","_VenueCountry":"","_VenueProvince":"","_VenueState":"","_VenueZip":"","_VenuePhone":"","_VenueURL":"","_VenueStateProvince":"","_VenueLat":"","_VenueLng":"","_VenueShowMap":false,"_VenueShowMapLink":false,"_tribe_blocks_recurrence_rules":"","_tribe_blocks_recurrence_description":"","_tribe_blocks_recurrence_exclusions":"","jetpack_post_was_ever_published":false,"footnotes":""},"class_list":["post-9301","page","type-page","status-publish","has-post-thumbnail","hentry"],"campaignId":"","jetpack_sharing_enabled":false,"jetpack_shortlink":"https:\/\/wp.me\/PaFejT-2q1","_links":{"self":[{"href":"https:\/\/www.basqueeducational.org\/fr\/wp-json\/wp\/v2\/pages\/9301","targetHints":{"allow":["GET"]}}],"collection":[{"href":"https:\/\/www.basqueeducational.org\/fr\/wp-json\/wp\/v2\/pages"}],"about":[{"href":"https:\/\/www.basqueeducational.org\/fr\/wp-json\/wp\/v2\/types\/page"}],"author":[{"embeddable":true,"href":"https:\/\/www.basqueeducational.org\/fr\/wp-json\/wp\/v2\/users\/1"}],"replies":[{"embeddable":true,"href":"https:\/\/www.basqueeducational.org\/fr\/wp-json\/wp\/v2\/comments?post=9301"}],"version-history":[{"count":1,"href":"https:\/\/www.basqueeducational.org\/fr\/wp-json\/wp\/v2\/pages\/9301\/revisions"}],"predecessor-version":[{"id":9302,"href":"https:\/\/www.basqueeducational.org\/fr\/wp-json\/wp\/v2\/pages\/9301\/revisions\/9302"}],"up":[{"embeddable":true,"href":"https:\/\/www.basqueeducational.org\/fr\/wp-json\/wp\/v2\/pages\/9185"}],"wp:featuredmedia":[{"embeddable":true,"href":"https:\/\/www.basqueeducational.org\/fr\/wp-json\/wp\/v2\/media\/9111"}],"wp:attachment":[{"href":"https:\/\/www.basqueeducational.org\/fr\/wp-json\/wp\/v2\/media?parent=9301"}],"curies":[{"name":"wp","href":"https:\/\/api.w.org\/{rel}","templated":true}]}}