{"id":9357,"date":"2026-03-05T18:04:44","date_gmt":"2026-03-06T02:04:44","guid":{"rendered":"https:\/\/www.basqueeducational.org\/?page_id=9357"},"modified":"2026-03-13T11:12:34","modified_gmt":"2026-03-13T18:12:34","slug":"little-free-basque-library","status":"publish","type":"page","link":"https:\/\/www.basqueeducational.org\/fr\/little-free-basque-library\/","title":{"rendered":"PETITE BIBLIOTH\u00c8QUE POPULAIRE BASQUE"},"content":{"rendered":"<div class=\"wp-block-media-text alignfull is-stacked-on-mobile is-image-fill-element zeko-media has-background\" style=\"background-color:#fbfbfb;grid-template-columns:57% auto\"><figure class=\"wp-block-media-text__media\"><img fetchpriority=\"high\" decoding=\"async\" width=\"700\" height=\"541\" src=\"https:\/\/www.basqueeducational.org\/wp-content\/uploads\/2026\/03\/LFBL-Prototype-4-1.png\" alt=\"\" class=\"wp-image-9469 size-full\" style=\"object-position:50% 50%\" srcset=\"https:\/\/www.basqueeducational.org\/wp-content\/uploads\/2026\/03\/LFBL-Prototype-4-1.png 700w, https:\/\/www.basqueeducational.org\/wp-content\/uploads\/2026\/03\/LFBL-Prototype-4-1-300x232.png 300w, https:\/\/www.basqueeducational.org\/wp-content\/uploads\/2026\/03\/LFBL-Prototype-4-1-16x12.png 16w, https:\/\/www.basqueeducational.org\/wp-content\/uploads\/2026\/03\/LFBL-Prototype-4-1-348x269.png 348w, https:\/\/www.basqueeducational.org\/wp-content\/uploads\/2026\/03\/LFBL-Prototype-4-1-354x274.png 354w, https:\/\/www.basqueeducational.org\/wp-content\/uploads\/2026\/03\/LFBL-Prototype-4-1-600x464.png 600w\" sizes=\"(max-width: 700px) 100vw, 700px\" \/><\/figure><div class=\"wp-block-media-text__content\">\n<div class=\"wp-block-group\" style=\"padding-top:0%;padding-right:0%;padding-bottom:0%;padding-left:0%\"><div class=\"wp-block-group__inner-container is-layout-flow wp-block-group-is-layout-flow\">\n<hr class=\"wp-block-separator has-text-color has-strong-red-color has-css-opacity has-strong-red-background-color has-background is-style-default\"\/>\n\n\n\n<h2 class=\"wp-block-heading has-large-font-size\"><\/h2>\n\n\n\n<p class=\"has-strong-red-color has-text-color\">La \u201cLittle Free Library\u201d est une organisation \u00e0 but non lucratif dont la mission est \u201cd'\u00eatre un catalyseur pour construire une communaut\u00e9, inspirer les lecteurs et \u00e9tendre l'acc\u00e8s aux livres pour tous gr\u00e2ce \u00e0 un r\u00e9seau mondial de bo\u00eetes d'\u00e9change de livres de la Little Free Library dirig\u00e9es par des b\u00e9n\u00e9voles\u201d.\u201d<\/p>\n\n\n\n<p>Lorsque nous avons regard\u00e9 notre biblioth\u00e8que physique et tous les merveilleux livres qui s'y trouvaient, sachant que nous voulions les faire conna\u00eetre \u00e0 nos communaut\u00e9s environnantes, le concept de \u201cLittle Free Library\u201d nous a s\u00e9duits.<\/p>\n\n\n\n<p>Bien s\u00fbr, nous sommes le BEO. Nous devions y mettre notre grain de sel. Ainsi, en associant les bo\u00eetes d'\u00e9change de livres \u00e0 notre mission d'acc\u00e8s \u00e0 la culture basque \u00e0 travers les arts, nous cr\u00e9ons de petites bo\u00eetes d'\u00e9change de livres basques que nous distribuerons \u00e0 travers les \u00c9tats-Unis, chacune contenant une poign\u00e9e de livres de notre biblioth\u00e8que pour vous aider \u00e0 d\u00e9marrer. <\/p>\n\n\n\n<p>Voici quelques d\u00e9tails :<br>Cette bo\u00eete \u00e0 gauche montre \u00e0 quoi cela ressemblera (vous aurez des options de couleur sur la page suivante) ;<br>&gt; Dimensions approx : 16,5\u2033 (h) x 14,5\u2033 (l) x 12\u2033 (p) ;<br>&gt; s\u00e9lectionnez un bouton ci-dessous pour obtenir plus d'informations.<\/p>\n\n\n\n<p>\u2013 Pour les euskal etxeas, centres communautaires basques, ou zones de rassemblement d\u00e9sign\u00e9es, nous les donnons gratuitement (<em>bien que nous puissions demander une aide pour couvrir les frais d'exp\u00e9dition<\/em>) <br>\u2013 Pour les particuliers, nous facturons un co\u00fbt symbolique pour vous lancer.<\/p>\n\n\n\n<div class=\"wp-block-columns is-layout-flex wp-container-core-columns-is-layout-9d6595d7 wp-block-columns-is-layout-flex\">\n<div class=\"wp-block-column is-layout-flow wp-block-column-is-layout-flow\" style=\"flex-basis:100%\">\n<div class=\"wp-block-columns is-layout-flex wp-container-core-columns-is-layout-9d6595d7 wp-block-columns-is-layout-flex\">\n<div class=\"wp-block-column is-layout-flow wp-block-column-is-layout-flow\">\n<div class=\"wp-block-buttons is-layout-flex wp-block-buttons-is-layout-flex\">\n<div class=\"wp-block-button\"><a class=\"wp-block-button__link has-white-color has-strong-red-background-color has-text-color has-background has-link-color wp-element-button\" href=\"https:\/\/www.basqueeducational.org\/donations\/euskal-etxea-library\/\">NOUS AVONS UNE EUSKAL ETXEA<\/a><\/div>\n<\/div>\n<\/div>\n\n\n\n<div class=\"wp-block-column has-white-color has-text-color has-link-color wp-elements-63be53a7d5b3fa9b10600e3abb737b9c is-layout-flow wp-block-column-is-layout-flow\">\n<div class=\"wp-block-buttons is-layout-flex wp-block-buttons-is-layout-flex\">\n<div class=\"wp-block-button\"><a class=\"wp-block-button__link has-white-color has-strong-red-background-color has-text-color has-background has-link-color wp-element-button\" href=\"https:\/\/www.basqueeducational.org\/donations\/indiv-library\/\">JE EN VEUX UN POUR MA MAISON<\/a><\/div>\n<\/div>\n<\/div>\n<\/div>\n<\/div>\n<\/div>\n<\/div><\/div>\n<\/div><\/div>\n\n\n\n<p><\/p>","protected":false},"excerpt":{"rendered":"The \"Little Free Library\" is a nonprofit organization whose mission is to \"be a catalyst for building community, inspiring readers, and expanding book access for all through a global network [...]","protected":false},"author":1,"featured_media":0,"parent":0,"menu_order":0,"comment_status":"closed","ping_status":"closed","template":"","meta":{"give_campaign_id":0,"_tec_requires_first_save":true,"_exactmetrics_skip_tracking":false,"_exactmetrics_sitenote_active":false,"_exactmetrics_sitenote_note":"","_exactmetrics_sitenote_category":0,"_price":"","_stock":"","_tribe_ticket_header":"","_tribe_default_ticket_provider":"","_tribe_ticket_capacity":"0","_ticket_start_date":"","_ticket_end_date":"","_tribe_ticket_show_description":"","_tribe_ticket_show_not_going":false,"_tribe_ticket_use_global_stock":"","_tribe_ticket_global_stock_level":"","_global_stock_mode":"","_global_stock_cap":"","_tribe_rsvp_for_event":"","_tribe_ticket_going_count":"","_tribe_ticket_not_going_count":"","_tribe_tickets_list":"[]","_tribe_ticket_has_attendee_info_fields":false,"_EventAllDay":false,"_EventTimezone":"","_EventStartDate":"","_EventEndDate":"","_EventStartDateUTC":"","_EventEndDateUTC":"","_EventShowMap":false,"_EventShowMapLink":false,"_EventURL":"","_EventCost":"","_EventCostDescription":"","_EventCurrencySymbol":"","_EventCurrencyCode":"","_EventCurrencyPosition":"","_EventDateTimeSeparator":"","_EventTimeRangeSeparator":"","_EventOrganizerID":[],"_EventVenueID":[],"_OrganizerEmail":"","_OrganizerPhone":"","_OrganizerWebsite":"","_VenueAddress":"","_VenueCity":"","_VenueCountry":"","_VenueProvince":"","_VenueState":"","_VenueZip":"","_VenuePhone":"","_VenueURL":"","_VenueStateProvince":"","_VenueLat":"","_VenueLng":"","_VenueShowMap":false,"_VenueShowMapLink":false,"_tribe_blocks_recurrence_rules":"","_tribe_blocks_recurrence_description":"","_tribe_blocks_recurrence_exclusions":"","jetpack_post_was_ever_published":false,"footnotes":""},"class_list":["post-9357","page","type-page","status-publish","hentry"],"campaignId":"","jetpack_sharing_enabled":true,"jetpack_shortlink":"https:\/\/wp.me\/PaFejT-2qV","_links":{"self":[{"href":"https:\/\/www.basqueeducational.org\/fr\/wp-json\/wp\/v2\/pages\/9357","targetHints":{"allow":["GET"]}}],"collection":[{"href":"https:\/\/www.basqueeducational.org\/fr\/wp-json\/wp\/v2\/pages"}],"about":[{"href":"https:\/\/www.basqueeducational.org\/fr\/wp-json\/wp\/v2\/types\/page"}],"author":[{"embeddable":true,"href":"https:\/\/www.basqueeducational.org\/fr\/wp-json\/wp\/v2\/users\/1"}],"replies":[{"embeddable":true,"href":"https:\/\/www.basqueeducational.org\/fr\/wp-json\/wp\/v2\/comments?post=9357"}],"version-history":[{"count":5,"href":"https:\/\/www.basqueeducational.org\/fr\/wp-json\/wp\/v2\/pages\/9357\/revisions"}],"predecessor-version":[{"id":9471,"href":"https:\/\/www.basqueeducational.org\/fr\/wp-json\/wp\/v2\/pages\/9357\/revisions\/9471"}],"wp:attachment":[{"href":"https:\/\/www.basqueeducational.org\/fr\/wp-json\/wp\/v2\/media?parent=9357"}],"curies":[{"name":"wp","href":"https:\/\/api.w.org\/{rel}","templated":true}]}}