{"id":7706,"date":"2024-11-30T15:52:43","date_gmt":"2024-11-30T15:52:43","guid":{"rendered":"https:\/\/www.basqueeducational.org\/?post_type=product&#038;p=7706"},"modified":"2025-08-31T03:11:02","modified_gmt":"2025-08-31T03:11:02","slug":"the-impact-of-women-in-basque-communities-edition-2","status":"publish","type":"product","link":"https:\/\/www.basqueeducational.org\/fr\/produit\/the-impact-of-women-in-basque-communities-edition-2\/","title":{"rendered":"L'impact des femmes dans les communaut\u00e9s basques, Ed. 2"},"content":{"rendered":"<p>Il s'agit de la deuxi\u00e8me \u00e9dition d'une collection d'histoires de femmes qui ont eu un impact sur les communaut\u00e9s basques \u00e0 travers les \u00c9tats-Unis. Il s'agira d'un livre \u00e0 couverture rigide de 10\u2033 x 10\u2033 pr\u00e9sentant pr\u00e8s de 175 femmes. Nous pr\u00e9voyons de commencer \u00e0 l'exp\u00e9dier \u00e0 la mi-d\u00e9cembre 2024, juste \u00e0 temps pour les f\u00eates de fin d'ann\u00e9e.<\/p>\n<p><strong>\u00c0 PROPOS DE CE LIVRE<\/strong><br \/>\nCe sont les familles et les amis qui ont soumis les histoires, chacune d'entre elles incarnant la force, la r\u00e9silience et la chaleur dont les femmes ont fait preuve et continuent de faire preuve pour l'amour de leur communaut\u00e9. La premi\u00e8re \u00e9dition de ce livre a \u00e9t\u00e9 imprim\u00e9e en octobre 2023 dans le cadre de la Journ\u00e9e culturelle basque de la BEO intitul\u00e9e \"Euskal Andreen Egintza Amerikan\" (L'impact des femmes basques en Am\u00e9rique).<\/p>","protected":false},"excerpt":{"rendered":"<p>This is the 2nd edition of the collection of stories of women who have made an impact on Basque communities around the United States. This copy includes the stories from edition 1 [\u2026]<\/p>\n","protected":false},"featured_media":7716,"template":"","meta":{"give_campaign_id":0,"_tec_requires_first_save":true,"_exactmetrics_skip_tracking":false,"_exactmetrics_sitenote_active":false,"_exactmetrics_sitenote_note":"","_exactmetrics_sitenote_category":0,"_price":"40.00","_stock":"154","_tribe_ticket_header":"","_tribe_default_ticket_provider":"","_tribe_ticket_capacity":"54","_ticket_start_date":"","_ticket_end_date":"","_tribe_ticket_show_description":"","_tribe_ticket_show_not_going":false,"_tribe_ticket_use_global_stock":"","_tribe_ticket_global_stock_level":"","_global_stock_mode":"","_global_stock_cap":"","_tribe_rsvp_for_event":"","_tribe_ticket_going_count":"","_tribe_ticket_not_going_count":"","_tribe_tickets_list":"[]","_tribe_ticket_has_attendee_info_fields":false,"_EventAllDay":false,"_EventTimezone":"","_EventStartDate":"","_EventEndDate":"","_EventStartDateUTC":"","_EventEndDateUTC":"","_EventShowMap":false,"_EventShowMapLink":false,"_EventURL":"","_EventCost":"","_EventCostDescription":"","_EventCurrencySymbol":"","_EventCurrencyCode":"","_EventCurrencyPosition":"","_EventDateTimeSeparator":"","_EventTimeRangeSeparator":"","_EventOrganizerID":[],"_EventVenueID":[],"_OrganizerEmail":"","_OrganizerPhone":"","_OrganizerWebsite":"","_VenueAddress":"","_VenueCity":"","_VenueCountry":"","_VenueProvince":"","_VenueState":"","_VenueZip":"","_VenuePhone":"","_VenueURL":"","_VenueStateProvince":"","_VenueLat":"","_VenueLng":"","_VenueShowMap":false,"_VenueShowMapLink":false,"_tribe_blocks_recurrence_rules":"","_tribe_blocks_recurrence_description":"","_tribe_blocks_recurrence_exclusions":"","jetpack_post_was_ever_published":false,"jetpack_publicize_message":"","jetpack_publicize_feature_enabled":true,"jetpack_social_post_already_shared":true,"jetpack_social_options":{"image_generator_settings":{"template":"highway","default_image_id":0,"font":"","enabled":false},"version":2}},"product_brand":[],"product_cat":[84],"product_tag":[],"class_list":{"0":"post-7706","1":"product","2":"type-product","3":"status-publish","4":"has-post-thumbnail","6":"product_cat-books-for-sale","8":"first","9":"instock","10":"taxable","11":"shipping-taxable","12":"purchasable","13":"product-type-simple"},"jetpack_publicize_connections":[],"jetpack_sharing_enabled":false,"_links":{"self":[{"href":"https:\/\/www.basqueeducational.org\/fr\/wp-json\/wp\/v2\/product\/7706","targetHints":{"allow":["GET"]}}],"collection":[{"href":"https:\/\/www.basqueeducational.org\/fr\/wp-json\/wp\/v2\/product"}],"about":[{"href":"https:\/\/www.basqueeducational.org\/fr\/wp-json\/wp\/v2\/types\/product"}],"wp:featuredmedia":[{"embeddable":true,"href":"https:\/\/www.basqueeducational.org\/fr\/wp-json\/wp\/v2\/media\/7716"}],"wp:attachment":[{"href":"https:\/\/www.basqueeducational.org\/fr\/wp-json\/wp\/v2\/media?parent=7706"}],"wp:term":[{"taxonomy":"product_brand","embeddable":true,"href":"https:\/\/www.basqueeducational.org\/fr\/wp-json\/wp\/v2\/product_brand?post=7706"},{"taxonomy":"product_cat","embeddable":true,"href":"https:\/\/www.basqueeducational.org\/fr\/wp-json\/wp\/v2\/product_cat?post=7706"},{"taxonomy":"product_tag","embeddable":true,"href":"https:\/\/www.basqueeducational.org\/fr\/wp-json\/wp\/v2\/product_tag?post=7706"}],"curies":[{"name":"wp","href":"https:\/\/api.w.org\/{rel}","templated":true}]}}