{"id":8988,"date":"2025-12-15T02:15:12","date_gmt":"2025-12-15T02:15:12","guid":{"rendered":"https:\/\/www.basqueeducational.org\/?post_type=product&#038;p=8988"},"modified":"2026-01-15T19:13:36","modified_gmt":"2026-01-15T19:13:36","slug":"gure-bazterrak","status":"publish","type":"product","link":"https:\/\/www.basqueeducational.org\/fr\/produit\/gure-bazterrak\/","title":{"rendered":"GURE BAZTERRAK (NOTRE TERRE) par ANNE REARICK"},"content":{"rendered":"<div class=\"wpb-content-wrapper\"><div class=\"vc_row wpb_row vc_row-fluid gradient-container-1\"><div class=\"gradient-column-1 wpb_column vc_column_container vc_col-sm-12\"><div class=\"vc_column-inner\"><div class=\"wpb_wrapper\">\n\t<div class=\"wpb_text_column wpb_content_element\" >\n\t\t<div class=\"wpb_wrapper\">\n\t\t\t<p><em>Gure Bazterrak<\/em>, qui, s'il \u00e9tait facile de traduire les nuances de la langue basque, pourrait se traduire par \u00abnotre terre\u00bb, repr\u00e9sente l'attachement visc\u00e9ral des habitants \u00e0 cette terre et constitue le chant d'amour de Rearick \u00e0 ceux qu'elle y a aim\u00e9s et qu'elle aime encore. Ses photographies sont principalement prises en Iparralde.<\/p>\n<p>\u201cIl est difficile d'exprimer par des mots \u00e0 quel point les photographies d'Anne Rearick capturent magnifiquement le peuple basque et son lien avec la nature... mais son travail est magique.\u201d<\/p>\n<p>Ce livre a fait l'objet d'une importante presse, notamment dans Vanity Fair, qui l'a class\u00e9 parmi les \u201c6 livres visuels pour votre amateur d'art pr\u00e9f\u00e9r\u00e9\u201d en novembre de l'ann\u00e9e derni\u00e8re. <a href=\"https:\/\/basqueeducational.us19.list-manage.com\/track\/click?u=26efa480c04cc86a3cea4ab64&amp;id=6a9f9a5ffa&amp;e=0e49f29c8a\" target=\"_blank\" rel=\"noopener\">Voyez par vous-m\u00eame<\/a>.<\/p>\n\n\t\t<\/div>\n\t<\/div>\n<\/div><\/div><\/div><\/div>\n<\/div>","protected":false},"excerpt":{"rendered":"<p>La photographe Anne Rearick a publi\u00e9 ce qu'elle appelle son chant d'amour au Pays basque qu'elle aime tant.<\/p>","protected":false},"featured_media":8989,"template":"","meta":{"give_campaign_id":0,"_tec_requires_first_save":true,"_exactmetrics_skip_tracking":false,"_exactmetrics_sitenote_active":false,"_exactmetrics_sitenote_note":"","_exactmetrics_sitenote_category":0,"_price":"60.00","_stock":"15","_tribe_ticket_header":"","_tribe_default_ticket_provider":"","_tribe_ticket_capacity":"54","_ticket_start_date":"","_ticket_end_date":"","_tribe_ticket_show_description":"","_tribe_ticket_show_not_going":false,"_tribe_ticket_use_global_stock":"","_tribe_ticket_global_stock_level":"","_global_stock_mode":"","_global_stock_cap":"","_tribe_rsvp_for_event":"","_tribe_ticket_going_count":"","_tribe_ticket_not_going_count":"","_tribe_tickets_list":"[]","_tribe_ticket_has_attendee_info_fields":false,"_EventAllDay":false,"_EventTimezone":"","_EventStartDate":"","_EventEndDate":"","_EventStartDateUTC":"","_EventEndDateUTC":"","_EventShowMap":false,"_EventShowMapLink":false,"_EventURL":"","_EventCost":"","_EventCostDescription":"","_EventCurrencySymbol":"","_EventCurrencyCode":"","_EventCurrencyPosition":"","_EventDateTimeSeparator":"","_EventTimeRangeSeparator":"","_EventOrganizerID":[],"_EventVenueID":[],"_OrganizerEmail":"","_OrganizerPhone":"","_OrganizerWebsite":"","_VenueAddress":"","_VenueCity":"","_VenueCountry":"","_VenueProvince":"","_VenueState":"","_VenueZip":"","_VenuePhone":"","_VenueURL":"","_VenueStateProvince":"","_VenueLat":"","_VenueLng":"","_VenueShowMap":false,"_VenueShowMapLink":false,"_tribe_blocks_recurrence_rules":"","_tribe_blocks_recurrence_description":"","_tribe_blocks_recurrence_exclusions":"","jetpack_post_was_ever_published":false,"jetpack_publicize_message":"","jetpack_publicize_feature_enabled":true,"jetpack_social_post_already_shared":true,"jetpack_social_options":{"image_generator_settings":{"template":"highway","default_image_id":0,"font":"","enabled":false},"version":2}},"product_brand":[],"product_cat":[84],"product_tag":[],"class_list":{"0":"post-8988","1":"product","2":"type-product","3":"status-publish","4":"has-post-thumbnail","6":"product_cat-books-for-sale","8":"first","9":"instock","10":"taxable","11":"shipping-taxable","12":"purchasable","13":"product-type-simple"},"jetpack_publicize_connections":[],"jetpack_sharing_enabled":false,"_links":{"self":[{"href":"https:\/\/www.basqueeducational.org\/fr\/wp-json\/wp\/v2\/product\/8988","targetHints":{"allow":["GET"]}}],"collection":[{"href":"https:\/\/www.basqueeducational.org\/fr\/wp-json\/wp\/v2\/product"}],"about":[{"href":"https:\/\/www.basqueeducational.org\/fr\/wp-json\/wp\/v2\/types\/product"}],"wp:featuredmedia":[{"embeddable":true,"href":"https:\/\/www.basqueeducational.org\/fr\/wp-json\/wp\/v2\/media\/8989"}],"wp:attachment":[{"href":"https:\/\/www.basqueeducational.org\/fr\/wp-json\/wp\/v2\/media?parent=8988"}],"wp:term":[{"taxonomy":"product_brand","embeddable":true,"href":"https:\/\/www.basqueeducational.org\/fr\/wp-json\/wp\/v2\/product_brand?post=8988"},{"taxonomy":"product_cat","embeddable":true,"href":"https:\/\/www.basqueeducational.org\/fr\/wp-json\/wp\/v2\/product_cat?post=8988"},{"taxonomy":"product_tag","embeddable":true,"href":"https:\/\/www.basqueeducational.org\/fr\/wp-json\/wp\/v2\/product_tag?post=8988"}],"curies":[{"name":"wp","href":"https:\/\/api.w.org\/{rel}","templated":true}]}}